{"id":989,"date":"2014-08-15T10:28:40","date_gmt":"2014-08-15T08:28:40","guid":{"rendered":"http:\/\/tuerenberlin.de\/tuerenfachmann\/?page_id=989"},"modified":"2016-11-14T09:57:11","modified_gmt":"2016-11-14T07:57:11","slug":"landhaustueren","status":"publish","type":"page","link":"https:\/\/tuerenberlin.de\/tuerenfachmann\/produkte\/produkt-3\/landhaustueren\/","title":{"rendered":"Landhaust\u00fcren"},"content":{"rendered":"<figure id=\"attachment_1213\" aria-describedby=\"caption-attachment-1213\" style=\"width: 628px\" class=\"wp-caption alignnone\"><img loading=\"lazy\" decoding=\"async\" src=\"http:\/\/tuerenberlin.de\/tuerenfachmann\/wp-content\/uploads\/2014\/08\/klassischeTueren.jpg\" alt=\"Landhaust\u00fcren - massiv und einzigartig\" width=\"628\" height=\"285\" class=\"size-full wp-image-1213\" srcset=\"https:\/\/tuerenberlin.de\/tuerenfachmann\/wp-content\/uploads\/2014\/08\/klassischeTueren.jpg 628w, https:\/\/tuerenberlin.de\/tuerenfachmann\/wp-content\/uploads\/2014\/08\/klassischeTueren-300x136.jpg 300w\" sizes=\"(max-width: 628px) 100vw, 628px\" \/><figcaption id=\"caption-attachment-1213\" class=\"wp-caption-text\">Landhaust\u00fcren &#8211; massive Nostalgie<\/figcaption><\/figure>\n<p>Landhaust\u00fcren sind einzigartige St\u00fccke, die individuell angefertigt werden. Die massive Bauweise garantiert eine lebenslange Haltbarkeit und kann bei der richtigen Pflege \u00fcber Generationen vererbt werden. Empfangen Sie Ihre G\u00e4ste gro\u00dfz\u00fcgig und stilecht mit einer soliden Landhaust\u00fcr aus Massivholz.<\/p>\n<p>_______________________________________________________________________<br \/>\n<strong>Rufen Sie uns an, wir beraten Sie gern. Tel: 030 &#8211; 8574624-44<\/strong><\/p>\n","protected":false},"excerpt":{"rendered":"<p>Landhaust\u00fcren sind einzigartige St\u00fccke, die individuell angefertigt werden. Die massive Bauweise garantiert eine lebenslange Haltbarkeit und kann bei der richtigen Pflege \u00fcber Generationen vererbt werden. Empfangen Sie Ihre G\u00e4ste gro\u00dfz\u00fcgig und stilecht mit einer soliden Landhaust\u00fcr aus Massivholz. _______________________________________________________________________ Rufen Sie uns an, wir beraten Sie gern. Tel: 030 &#8211; 8574624-44<\/p>\n","protected":false},"author":1,"featured_media":0,"parent":22,"menu_order":0,"comment_status":"open","ping_status":"open","template":"","meta":{"footnotes":""},"class_list":["post-989","page","type-page","status-publish","hentry"],"_links":{"self":[{"href":"https:\/\/tuerenberlin.de\/tuerenfachmann\/wp-json\/wp\/v2\/pages\/989"}],"collection":[{"href":"https:\/\/tuerenberlin.de\/tuerenfachmann\/wp-json\/wp\/v2\/pages"}],"about":[{"href":"https:\/\/tuerenberlin.de\/tuerenfachmann\/wp-json\/wp\/v2\/types\/page"}],"author":[{"embeddable":true,"href":"https:\/\/tuerenberlin.de\/tuerenfachmann\/wp-json\/wp\/v2\/users\/1"}],"replies":[{"embeddable":true,"href":"https:\/\/tuerenberlin.de\/tuerenfachmann\/wp-json\/wp\/v2\/comments?post=989"}],"version-history":[{"count":9,"href":"https:\/\/tuerenberlin.de\/tuerenfachmann\/wp-json\/wp\/v2\/pages\/989\/revisions"}],"predecessor-version":[{"id":1946,"href":"https:\/\/tuerenberlin.de\/tuerenfachmann\/wp-json\/wp\/v2\/pages\/989\/revisions\/1946"}],"up":[{"embeddable":true,"href":"https:\/\/tuerenberlin.de\/tuerenfachmann\/wp-json\/wp\/v2\/pages\/22"}],"wp:attachment":[{"href":"https:\/\/tuerenberlin.de\/tuerenfachmann\/wp-json\/wp\/v2\/media?parent=989"}],"curies":[{"name":"wp","href":"https:\/\/api.w.org\/{rel}","templated":true}]}}