{"id":977,"date":"2014-08-15T09:59:43","date_gmt":"2014-08-15T07:59:43","guid":{"rendered":"http:\/\/tuerenberlin.de\/tuerenfachmann\/?page_id=977"},"modified":"2014-09-25T13:12:46","modified_gmt":"2014-09-25T11:12:46","slug":"holzglastueren","status":"publish","type":"page","link":"https:\/\/tuerenberlin.de\/tuerenfachmann\/produkte\/produkt-3\/glastueren\/holzglastueren\/","title":{"rendered":"Holzglast\u00fcren"},"content":{"rendered":"<figure id=\"attachment_985\" aria-describedby=\"caption-attachment-985\" style=\"width: 628px\" class=\"wp-caption alignnone\"><a href=\"http:\/\/tuerenberlin.de\/tuerenfachmann\/wp-content\/uploads\/2014\/08\/holzglastuer.jpg\"><img loading=\"lazy\" decoding=\"async\" src=\"http:\/\/tuerenberlin.de\/tuerenfachmann\/wp-content\/uploads\/2014\/08\/holzglastuer.jpg\" alt=\"Holzglast\u00fcren- Elegant und formstabil\" width=\"628\" height=\"285\" class=\"size-full wp-image-985\" srcset=\"https:\/\/tuerenberlin.de\/tuerenfachmann\/wp-content\/uploads\/2014\/08\/holzglastuer.jpg 628w, https:\/\/tuerenberlin.de\/tuerenfachmann\/wp-content\/uploads\/2014\/08\/holzglastuer-300x136.jpg 300w\" sizes=\"(max-width: 628px) 100vw, 628px\" \/><\/a><figcaption id=\"caption-attachment-985\" class=\"wp-caption-text\">Holzglast\u00fcren &#8211; elegant und formstabil<\/figcaption><\/figure>\n<p>Holzglast\u00fcren sind elegant und formstabil. Die reizvolle Materialkombination l\u00e4\u00dft sich mit vielen Wohnungseinrichtungsstilen kombinieren. Es gibt sie in vielen Designs und Farben, sandgestahlt mit Applikationen oder ganz schlicht.<\/p>\n<p>_______________________________________________________________________<br \/>\n<strong>Rufen Sie uns an, wir beraten Sie gern. Tel: 030 \u2013 8574624-44<\/strong><\/p>\n","protected":false},"excerpt":{"rendered":"<p>Holzglast\u00fcren sind elegant und formstabil. Die reizvolle Materialkombination l\u00e4\u00dft sich mit vielen Wohnungseinrichtungsstilen kombinieren. Es gibt sie in vielen Designs und Farben, sandgestahlt mit Applikationen oder ganz schlicht. _______________________________________________________________________ Rufen Sie uns an, wir beraten Sie gern. Tel: 030 \u2013 8574624-44<\/p>\n","protected":false},"author":1,"featured_media":0,"parent":486,"menu_order":0,"comment_status":"open","ping_status":"open","template":"","meta":{"footnotes":""},"class_list":["post-977","page","type-page","status-publish","hentry"],"_links":{"self":[{"href":"https:\/\/tuerenberlin.de\/tuerenfachmann\/wp-json\/wp\/v2\/pages\/977"}],"collection":[{"href":"https:\/\/tuerenberlin.de\/tuerenfachmann\/wp-json\/wp\/v2\/pages"}],"about":[{"href":"https:\/\/tuerenberlin.de\/tuerenfachmann\/wp-json\/wp\/v2\/types\/page"}],"author":[{"embeddable":true,"href":"https:\/\/tuerenberlin.de\/tuerenfachmann\/wp-json\/wp\/v2\/users\/1"}],"replies":[{"embeddable":true,"href":"https:\/\/tuerenberlin.de\/tuerenfachmann\/wp-json\/wp\/v2\/comments?post=977"}],"version-history":[{"count":8,"href":"https:\/\/tuerenberlin.de\/tuerenfachmann\/wp-json\/wp\/v2\/pages\/977\/revisions"}],"predecessor-version":[{"id":1868,"href":"https:\/\/tuerenberlin.de\/tuerenfachmann\/wp-json\/wp\/v2\/pages\/977\/revisions\/1868"}],"up":[{"embeddable":true,"href":"https:\/\/tuerenberlin.de\/tuerenfachmann\/wp-json\/wp\/v2\/pages\/486"}],"wp:attachment":[{"href":"https:\/\/tuerenberlin.de\/tuerenfachmann\/wp-json\/wp\/v2\/media?parent=977"}],"curies":[{"name":"wp","href":"https:\/\/api.w.org\/{rel}","templated":true}]}}