{"id":933,"date":"2014-08-08T12:03:48","date_gmt":"2014-08-08T10:03:48","guid":{"rendered":"http:\/\/tuerenberlin.de\/tuerenfachmann\/?page_id=933"},"modified":"2014-08-20T13:23:49","modified_gmt":"2014-08-20T11:23:49","slug":"loft","status":"publish","type":"page","link":"https:\/\/tuerenberlin.de\/tuerenfachmann\/produkte\/produkt-3\/loft\/","title":{"rendered":"Loft"},"content":{"rendered":"<figure id=\"attachment_1220\" aria-describedby=\"caption-attachment-1220\" style=\"width: 628px\" class=\"wp-caption alignnone\"><img loading=\"lazy\" decoding=\"async\" src=\"http:\/\/tuerenberlin.de\/tuerenfachmann\/wp-content\/uploads\/2014\/08\/piktura_loft.jpg\" alt=\"Piktura Glast\u00fcren\" width=\"628\" height=\"285\" class=\"size-full wp-image-1220\" srcset=\"https:\/\/tuerenberlin.de\/tuerenfachmann\/wp-content\/uploads\/2014\/08\/piktura_loft.jpg 628w, https:\/\/tuerenberlin.de\/tuerenfachmann\/wp-content\/uploads\/2014\/08\/piktura_loft-300x136.jpg 300w\" sizes=\"(max-width: 628px) 100vw, 628px\" \/><figcaption id=\"caption-attachment-1220\" class=\"wp-caption-text\">Glast\u00fcren f\u00fcr transparentes Wohnen<\/figcaption><\/figure>\n<p>\u00c4sthetische Raumgestaltung mit Glast\u00fcren ist ein Bestandteil modernen Wohnens. In der Herstellung verschmelzen moderne technische Verfahren mit traditioneller Handwerkskunst. Loftt\u00fcren sind als Ganzglas, als Schiebe-, Pendel- oder Holzriegelt\u00fcr bei uns erh\u00e4ltlich, auf Wunsch mit Glasrahmen.<\/p>\n<p>__________________________________________________________________________________________<br \/>\n<strong>Ornamente, Sandtrahl- und Siebdruckdesigns, Rillenschliff, Schmelzglas, Applikationen &#8211; Fragen Sie den Fachmann!<\/strong><\/p>\n","protected":false},"excerpt":{"rendered":"<p>\u00c4sthetische Raumgestaltung mit Glast\u00fcren ist ein Bestandteil modernen Wohnens. In der Herstellung verschmelzen moderne technische Verfahren mit traditioneller Handwerkskunst. Loftt\u00fcren sind als Ganzglas, als Schiebe-, Pendel- oder Holzriegelt\u00fcr bei uns erh\u00e4ltlich, auf Wunsch mit Glasrahmen. __________________________________________________________________________________________ Ornamente, Sandtrahl- und Siebdruckdesigns, Rillenschliff, Schmelzglas, Applikationen &#8211; Fragen Sie den Fachmann!<\/p>\n","protected":false},"author":1,"featured_media":0,"parent":22,"menu_order":0,"comment_status":"open","ping_status":"open","template":"","meta":{"footnotes":""},"class_list":["post-933","page","type-page","status-publish","hentry"],"_links":{"self":[{"href":"https:\/\/tuerenberlin.de\/tuerenfachmann\/wp-json\/wp\/v2\/pages\/933"}],"collection":[{"href":"https:\/\/tuerenberlin.de\/tuerenfachmann\/wp-json\/wp\/v2\/pages"}],"about":[{"href":"https:\/\/tuerenberlin.de\/tuerenfachmann\/wp-json\/wp\/v2\/types\/page"}],"author":[{"embeddable":true,"href":"https:\/\/tuerenberlin.de\/tuerenfachmann\/wp-json\/wp\/v2\/users\/1"}],"replies":[{"embeddable":true,"href":"https:\/\/tuerenberlin.de\/tuerenfachmann\/wp-json\/wp\/v2\/comments?post=933"}],"version-history":[{"count":8,"href":"https:\/\/tuerenberlin.de\/tuerenfachmann\/wp-json\/wp\/v2\/pages\/933\/revisions"}],"predecessor-version":[{"id":1227,"href":"https:\/\/tuerenberlin.de\/tuerenfachmann\/wp-json\/wp\/v2\/pages\/933\/revisions\/1227"}],"up":[{"embeddable":true,"href":"https:\/\/tuerenberlin.de\/tuerenfachmann\/wp-json\/wp\/v2\/pages\/22"}],"wp:attachment":[{"href":"https:\/\/tuerenberlin.de\/tuerenfachmann\/wp-json\/wp\/v2\/media?parent=933"}],"curies":[{"name":"wp","href":"https:\/\/api.w.org\/{rel}","templated":true}]}}