{"id":927,"date":"2014-08-08T12:01:31","date_gmt":"2014-08-08T10:01:31","guid":{"rendered":"http:\/\/tuerenberlin.de\/tuerenfachmann\/?page_id=927"},"modified":"2014-09-25T13:11:25","modified_gmt":"2014-09-25T11:11:25","slug":"furniertueren","status":"publish","type":"page","link":"https:\/\/tuerenberlin.de\/tuerenfachmann\/produkte\/produkt-3\/furniertueren\/","title":{"rendered":"Furniert\u00fcren"},"content":{"rendered":"<p><figure id=\"attachment_943\" aria-describedby=\"caption-attachment-943\" style=\"width: 628px\" class=\"wp-caption alignnone\"><img loading=\"lazy\" decoding=\"async\" src=\"http:\/\/tuerenberlin.de\/tuerenfachmann\/wp-content\/uploads\/2014\/08\/Funiertueren.jpg\" alt=\"Furniert\u00fcren\" width=\"628\" height=\"285\" class=\"size-full wp-image-943\" srcset=\"https:\/\/tuerenberlin.de\/tuerenfachmann\/wp-content\/uploads\/2014\/08\/Funiertueren.jpg 628w, https:\/\/tuerenberlin.de\/tuerenfachmann\/wp-content\/uploads\/2014\/08\/Funiertueren-300x136.jpg 300w\" sizes=\"(max-width: 628px) 100vw, 628px\" \/><figcaption id=\"caption-attachment-943\" class=\"wp-caption-text\">Furniere l\u00e4ngs- und querlaufend &#8211; individuelle Holzmaserung<\/figcaption><\/figure><br \/>\nDie Palette von Furnierzimmert\u00fcren reicht von Standardt\u00fcren \u00fcber Designt\u00fcren bis hin zu individuell gestalteten T\u00fcren. W\u00e4hlen Sie den f\u00fcr passenden Stil f\u00fcr Ihre Wohnung &#8211; wohnlich warm &#8211; nat\u00fcrlich sch\u00f6n &#8211; edel &#8211; strapazierf\u00e4hig.<\/p>\n<p>_______________________________________________________________________<br \/>\n<strong>Rufen Sie uns an, wir beraten Sie gern. Tel: 030 &#8211; 8574624-44<\/strong><\/p>\n","protected":false},"excerpt":{"rendered":"<p>Die Palette von Furnierzimmert\u00fcren reicht von Standardt\u00fcren \u00fcber Designt\u00fcren bis hin zu individuell gestalteten T\u00fcren. W\u00e4hlen Sie den f\u00fcr passenden Stil f\u00fcr Ihre Wohnung &#8211; wohnlich warm &#8211; nat\u00fcrlich sch\u00f6n &#8211; edel &#8211; strapazierf\u00e4hig. _______________________________________________________________________ Rufen Sie uns an, wir beraten Sie gern. Tel: 030 &#8211; 8574624-44<\/p>\n","protected":false},"author":1,"featured_media":0,"parent":22,"menu_order":0,"comment_status":"open","ping_status":"open","template":"","meta":{"footnotes":""},"class_list":["post-927","page","type-page","status-publish","hentry"],"_links":{"self":[{"href":"https:\/\/tuerenberlin.de\/tuerenfachmann\/wp-json\/wp\/v2\/pages\/927"}],"collection":[{"href":"https:\/\/tuerenberlin.de\/tuerenfachmann\/wp-json\/wp\/v2\/pages"}],"about":[{"href":"https:\/\/tuerenberlin.de\/tuerenfachmann\/wp-json\/wp\/v2\/types\/page"}],"author":[{"embeddable":true,"href":"https:\/\/tuerenberlin.de\/tuerenfachmann\/wp-json\/wp\/v2\/users\/1"}],"replies":[{"embeddable":true,"href":"https:\/\/tuerenberlin.de\/tuerenfachmann\/wp-json\/wp\/v2\/comments?post=927"}],"version-history":[{"count":8,"href":"https:\/\/tuerenberlin.de\/tuerenfachmann\/wp-json\/wp\/v2\/pages\/927\/revisions"}],"predecessor-version":[{"id":1866,"href":"https:\/\/tuerenberlin.de\/tuerenfachmann\/wp-json\/wp\/v2\/pages\/927\/revisions\/1866"}],"up":[{"embeddable":true,"href":"https:\/\/tuerenberlin.de\/tuerenfachmann\/wp-json\/wp\/v2\/pages\/22"}],"wp:attachment":[{"href":"https:\/\/tuerenberlin.de\/tuerenfachmann\/wp-json\/wp\/v2\/media?parent=927"}],"curies":[{"name":"wp","href":"https:\/\/api.w.org\/{rel}","templated":true}]}}