{"id":925,"date":"2014-08-08T12:00:52","date_gmt":"2014-08-08T10:00:52","guid":{"rendered":"http:\/\/tuerenberlin.de\/tuerenfachmann\/?page_id=925"},"modified":"2014-09-25T13:12:02","modified_gmt":"2014-09-25T11:12:02","slug":"weisse-tueren","status":"publish","type":"page","link":"https:\/\/tuerenberlin.de\/tuerenfachmann\/produkte\/produkt-3\/weisse-tueren\/","title":{"rendered":"Wei\u00dfe T\u00fcren"},"content":{"rendered":"<p><figure id=\"attachment_940\" aria-describedby=\"caption-attachment-940\" style=\"width: 628px\" class=\"wp-caption alignnone\"><img loading=\"lazy\" decoding=\"async\" src=\"http:\/\/tuerenberlin.de\/tuerenfachmann\/wp-content\/uploads\/2014\/08\/weissetueren.jpg\" alt=\"Wei\u00dfe T\u00fcren - zeitlos und elegant\" width=\"628\" height=\"285\" class=\"size-full wp-image-940\" srcset=\"https:\/\/tuerenberlin.de\/tuerenfachmann\/wp-content\/uploads\/2014\/08\/weissetueren.jpg 628w, https:\/\/tuerenberlin.de\/tuerenfachmann\/wp-content\/uploads\/2014\/08\/weissetueren-300x136.jpg 300w\" sizes=\"(max-width: 628px) 100vw, 628px\" \/><figcaption id=\"caption-attachment-940\" class=\"wp-caption-text\">Wei\u00dfe T\u00fcren &#8211; zeitlos und elegant<\/figcaption><\/figure><br \/>\nDie Farbe Wei\u00df ist zeitlos und neutral. Sie f\u00fcgt sich daher in viele Einrichtungsstile ein. R\u00e4ume mit wei\u00dfen T\u00fcren wirken gr\u00f6\u00dfer und heller. Der Trend zu wei\u00dfen T\u00fcren ist daher ungebrochen.<\/p>\n<p>_______________________________________________________________________<br \/>\n<strong>Rufen Sie uns an, wir beraten Sie gern. Tel: 030 &#8211; 8574624-44<\/strong><\/p>\n","protected":false},"excerpt":{"rendered":"<p>Die Farbe Wei\u00df ist zeitlos und neutral. Sie f\u00fcgt sich daher in viele Einrichtungsstile ein. R\u00e4ume mit wei\u00dfen T\u00fcren wirken gr\u00f6\u00dfer und heller. Der Trend zu wei\u00dfen T\u00fcren ist daher ungebrochen. _______________________________________________________________________ Rufen Sie uns an, wir beraten Sie gern. Tel: 030 &#8211; 8574624-44<\/p>\n","protected":false},"author":1,"featured_media":0,"parent":22,"menu_order":0,"comment_status":"open","ping_status":"open","template":"","meta":{"footnotes":""},"class_list":["post-925","page","type-page","status-publish","hentry"],"_links":{"self":[{"href":"https:\/\/tuerenberlin.de\/tuerenfachmann\/wp-json\/wp\/v2\/pages\/925"}],"collection":[{"href":"https:\/\/tuerenberlin.de\/tuerenfachmann\/wp-json\/wp\/v2\/pages"}],"about":[{"href":"https:\/\/tuerenberlin.de\/tuerenfachmann\/wp-json\/wp\/v2\/types\/page"}],"author":[{"embeddable":true,"href":"https:\/\/tuerenberlin.de\/tuerenfachmann\/wp-json\/wp\/v2\/users\/1"}],"replies":[{"embeddable":true,"href":"https:\/\/tuerenberlin.de\/tuerenfachmann\/wp-json\/wp\/v2\/comments?post=925"}],"version-history":[{"count":6,"href":"https:\/\/tuerenberlin.de\/tuerenfachmann\/wp-json\/wp\/v2\/pages\/925\/revisions"}],"predecessor-version":[{"id":1867,"href":"https:\/\/tuerenberlin.de\/tuerenfachmann\/wp-json\/wp\/v2\/pages\/925\/revisions\/1867"}],"up":[{"embeddable":true,"href":"https:\/\/tuerenberlin.de\/tuerenfachmann\/wp-json\/wp\/v2\/pages\/22"}],"wp:attachment":[{"href":"https:\/\/tuerenberlin.de\/tuerenfachmann\/wp-json\/wp\/v2\/media?parent=925"}],"curies":[{"name":"wp","href":"https:\/\/api.w.org\/{rel}","templated":true}]}}