{"id":7,"date":"2013-09-17T13:43:04","date_gmt":"2013-09-17T11:43:04","guid":{"rendered":"http:\/\/tuerenberlin.de\/tuerenfachmann\/?page_id=7"},"modified":"2019-07-02T12:47:06","modified_gmt":"2019-07-02T10:47:06","slug":"service","status":"publish","type":"page","link":"https:\/\/tuerenberlin.de\/tuerenfachmann\/service\/","title":{"rendered":"Kundenservice"},"content":{"rendered":"<figure id=\"attachment_1747\" aria-describedby=\"caption-attachment-1747\" style=\"width: 628px\" class=\"wp-caption alignnone\"><img loading=\"lazy\" decoding=\"async\" class=\"size-full wp-image-1747\" src=\"http:\/\/tuerenberlin.de\/tuerenfachmann\/wp-content\/uploads\/2013\/12\/Pax_Service.jpg\" alt=\"Service vom T\u00fcrenfachmann\" width=\"628\" height=\"285\" srcset=\"https:\/\/tuerenberlin.de\/tuerenfachmann\/wp-content\/uploads\/2013\/12\/Pax_Service.jpg 628w, https:\/\/tuerenberlin.de\/tuerenfachmann\/wp-content\/uploads\/2013\/12\/Pax_Service-300x136.jpg 300w\" sizes=\"(max-width: 628px) 100vw, 628px\" \/><figcaption id=\"caption-attachment-1747\" class=\"wp-caption-text\">Erleben Sie den Unterschied!<\/figcaption><\/figure>\n<p>Die Firma HASKE Fenster + T\u00fcren bietet ein breites Spektrum an T\u00fcren f\u00fcr Ihr Zuhause.<\/p>\n<p>Ob Eigenheime oder gro\u00dfe Gesch\u00e4ftsobjekte &#8211; wir sind stets an Ihrer Seite, wenn es um eine fachgerechte Ausstattung mit T\u00fcren geht.<\/p>\n<p>Um ein hohes Niveau zu halten, arbeiten wir ausschlie\u00dflich mit namhaften Herstellern zusammen. Unsere langj\u00e4hrigen Gesch\u00e4ftsbeziehungen machen es m\u00f6glich, Ihnen hochwertige Produkte nach dem neuesten Stand der Technik g\u00fcnstig anzubieten und kurzfristig zu liefern.<\/p>\n<p>Wir betrachten die Dinge immer im Zusammenhang und k\u00f6nnen somit langfristige und damit zufriedenstellende L\u00f6sungen realisieren. Es ist uns wichtig, Sie bestm\u00f6glich zu beraten und Ihnen genau das anzubieten, was Sie wirklich brauchen.<br \/>\n&nbsp;<\/p>\n<p>&nbsp;<\/p>\n<p><strong>Individualit\u00e4t ist unsere St\u00e4rke!<\/strong><br \/>\nMit Ihnen zusammen verwirklichen wir Ihre Vorstellungen zu einem einbaufertigen Produkt. Um bleibende Werte zu schaffen, sind wir immer auf der Suche nach der besten L\u00f6sung f\u00fcr Sie.<\/p>\n<p>&nbsp;<\/p>\n<p><strong>\u00dcber uns<\/strong><br \/>\nDie Firma HASKE Fenster + T\u00fcren existiert seit 1990 mit Sitz in Berlin, Pankow. Unser 10-k\u00f6pfiges, fachkundiges Team steht Ihnen als kompetenter Partner zur Seite.<\/p>\n<p>&nbsp;<br \/>\n<strong>Service erleben:<\/strong><\/p>\n<ul>\n<li>Kostenfreie Beratung in unseren R\u00e4umen<\/li>\n<\/ul>\n<ul>\n<li>Kostenfreie Beratung auch bei Ihnen zu Hause<\/li>\n<\/ul>\n<ul>\n<li>Feinaufma\u00df vor Ort nach Beauftragung<\/li>\n<\/ul>\n<ul>\n<li>Lieferservice<\/li>\n<\/ul>\n<ul>\n<li>Montage und Reparaturen<\/li>\n<\/ul>\n<ul>\n<li>Einbruchschadenbeseitigung<\/li>\n<\/ul>\n<ul>\n<li>Wartung<\/li>\n<\/ul>\n<ul>\n<li>Tischlerservice<\/li>\n<\/ul>\n<ul>\n<li>Austausch und Erg\u00e4nzung von s\u00e4mtlichen T\u00fcrbeschl\u00e4gen<\/li>\n<\/ul>\n<ul>\n<li>Bis zu 20 Jahre Garantie<\/li>\n<\/ul>\n<ul>\n<li>Sicherheits-Check<\/li>\n<\/ul>\n<ul>\n<li>Energiespar-Check<\/li>\n<\/ul>\n<ul>\n<li>Finanzierungshilfen<\/li>\n<\/ul>\n<ul>\n<li>Direkte Abrechnung mit Ihrer Versicherung<\/li>\n<\/ul>\n<p>_______________________________________________________________________<br \/>\n<strong>Rufen Sie uns an, wir beraten Sie gern. Tel: 030 &#8211; 8574624-44<\/strong><\/p>\n","protected":false},"excerpt":{"rendered":"<p>Die Firma HASKE Fenster + T\u00fcren bietet ein breites Spektrum an T\u00fcren f\u00fcr Ihr Zuhause. Ob Eigenheime oder gro\u00dfe Gesch\u00e4ftsobjekte &#8211; wir sind stets an Ihrer Seite, wenn es um eine fachgerechte Ausstattung mit T\u00fcren geht. Um ein hohes Niveau zu halten, arbeiten wir ausschlie\u00dflich mit namhaften Herstellern zusammen. Unsere langj\u00e4hrigen Gesch\u00e4ftsbeziehungen machen es m\u00f6glich, [&hellip;]<\/p>\n","protected":false},"author":1,"featured_media":0,"parent":0,"menu_order":0,"comment_status":"open","ping_status":"open","template":"","meta":{"footnotes":""},"class_list":["post-7","page","type-page","status-publish","hentry"],"_links":{"self":[{"href":"https:\/\/tuerenberlin.de\/tuerenfachmann\/wp-json\/wp\/v2\/pages\/7"}],"collection":[{"href":"https:\/\/tuerenberlin.de\/tuerenfachmann\/wp-json\/wp\/v2\/pages"}],"about":[{"href":"https:\/\/tuerenberlin.de\/tuerenfachmann\/wp-json\/wp\/v2\/types\/page"}],"author":[{"embeddable":true,"href":"https:\/\/tuerenberlin.de\/tuerenfachmann\/wp-json\/wp\/v2\/users\/1"}],"replies":[{"embeddable":true,"href":"https:\/\/tuerenberlin.de\/tuerenfachmann\/wp-json\/wp\/v2\/comments?post=7"}],"version-history":[{"count":43,"href":"https:\/\/tuerenberlin.de\/tuerenfachmann\/wp-json\/wp\/v2\/pages\/7\/revisions"}],"predecessor-version":[{"id":3022,"href":"https:\/\/tuerenberlin.de\/tuerenfachmann\/wp-json\/wp\/v2\/pages\/7\/revisions\/3022"}],"wp:attachment":[{"href":"https:\/\/tuerenberlin.de\/tuerenfachmann\/wp-json\/wp\/v2\/media?parent=7"}],"curies":[{"name":"wp","href":"https:\/\/api.w.org\/{rel}","templated":true}]}}