{"id":5,"date":"2013-09-17T13:42:47","date_gmt":"2013-09-17T11:42:47","guid":{"rendered":"http:\/\/tuerenberlin.de\/tuerenfachmann\/?page_id=5"},"modified":"2024-06-19T10:55:30","modified_gmt":"2024-06-19T08:55:30","slug":"produkte","status":"publish","type":"page","link":"https:\/\/tuerenberlin.de\/tuerenfachmann\/produkte\/","title":{"rendered":"T\u00fcren f\u00fcr Ihr Haus"},"content":{"rendered":"<figure id=\"attachment_1711\" aria-describedby=\"caption-attachment-1711\" style=\"width: 628px\" class=\"wp-caption alignnone\"><img loading=\"lazy\" decoding=\"async\" class=\"size-full wp-image-1711\" src=\"http:\/\/tuerenberlin.de\/tuerenfachmann\/wp-content\/uploads\/2013\/09\/Pax01.jpg\" alt=\"Haust\u00fcr\" width=\"628\" height=\"285\" srcset=\"https:\/\/tuerenberlin.de\/tuerenfachmann\/wp-content\/uploads\/2013\/09\/Pax01.jpg 628w, https:\/\/tuerenberlin.de\/tuerenfachmann\/wp-content\/uploads\/2013\/09\/Pax01-300x136.jpg 300w\" sizes=\"(max-width: 628px) 100vw, 628px\" \/><figcaption id=\"caption-attachment-1711\" class=\"wp-caption-text\">Eine T\u00fcr erf\u00fcllt zahlreiche Aufgaben<\/figcaption><\/figure>\n<p>Willkommen liebe Kunden,<br \/>\nschauen Sie sich auf unserer Website um und besuchen Sie auch unsere Niederlassung in Berlin &#8211; Pankow. Lassen Sie sich bei einer Tasse Kaffee beraten, was die Welt der T\u00fcren bietet. Gerne beraten wir Sie auch vor Ort! F\u00fcr alle Fragen zum Thema T\u00fcren stehen wir Ihnen mit einem freundlichen und kompetenten Team zur Verf\u00fcgung.<\/p>\n<p>Jede T\u00fcr erf\u00fcllt zahlreiche Aufgaben und spielt daher eine wichtige Rolle in Ihrem Zuhause. Design, Farbe und Material sollten auf die Umgebung abgestimmt sein und zum Architekturstil Ihres Hauses passen. Nutzen Sie bei Haust\u00fcren den neuesten Stand der Technik, um sich gegen Einbr\u00fcche zu sch\u00fctzen. Eine solide Haust\u00fcre bietet dar\u00fcber hinaus eine gute W\u00e4rmed\u00e4mmung und ausreichenden Schallschutz. Hier gibt es zahlreiche M\u00f6glichkeiten, die helfen Ihren Geldbeutel langfristig zu schonen.<\/p>\n<p><strong>Gro\u00dfe Auswahl<\/strong><br \/>\nInformieren Sie sich in einer umfangreichen Auswahl zum Thema T\u00fcren. Ob Haust\u00fcren, Wohnungst\u00fcren, Zimmert\u00fcren, wir liefern Modelle aus Holz, Aluminium, Holz-Aluminium-Kombinationen, Kunststoff und Glas. Die Farbvarianten sind vielf\u00e4ltig, ebenso die Kombinationsm\u00f6glichkeiten mit Seitenteilen, Oberlichtern und Glasausschnitten, T\u00fcrbeschl\u00e4gen und T\u00fcrklinken.<\/p>\n<p><strong>30 Jahre Erfahrung<\/strong><br \/>\nNutzen Sie mehr als 30 Jahre Erfahrung. Wir beraten Sie vor Ort, erstellen die Aufma\u00dfe und f\u00fchren die Montage f\u00fcr Ihre T\u00fcren durch.<\/p>\n<p><strong>Service &#8211; Komfortpaket<\/strong><br \/>\nInformieren Sie sich \u00fcber unser Service &#8211; Komfortpaket mit kurzfristigen Lieferzeiten, Montage inklusive! Rufen Sie uns an. Tel: 030 &#8211; 8574624-44<\/p>\n<p><small><a style=\"color: #0000ff; text-align: left;\" href=\"https:\/\/www.google.de\/maps?f=q&amp;source=embed&amp;hl=de&amp;geocode=&amp;q=HASKE+Fenster+und+T%C3%BCren,+Berlin&amp;aq=0&amp;oq=haske,+berlin&amp;sll=52.506844,13.424732&amp;sspn=0.697121,1.411743&amp;ie=UTF8&amp;hq=&amp;hnear=&amp;t=m&amp;iwloc=A&amp;ll=52.588072,13.427998&amp;spn=0.006295,0.006295\">Gr\u00f6\u00dfere Kartenansicht<\/a><\/small><\/p>\n<p>__________________________________________________________________<\/p>\n<p><strong>Individualit\u00e4t ist unsere St\u00e4rke &#8211; Ihr T\u00fcrenfachmann in Berlin<\/strong><\/p>\n","protected":false},"excerpt":{"rendered":"<p>Willkommen liebe Kunden, schauen Sie sich auf unserer Website um und besuchen Sie auch unsere Niederlassung in Berlin &#8211; Pankow. Lassen Sie sich bei einer Tasse Kaffee beraten, was die Welt der T\u00fcren bietet. Gerne beraten wir Sie auch vor Ort! F\u00fcr alle Fragen zum Thema T\u00fcren stehen wir Ihnen mit einem freundlichen und kompetenten [&hellip;]<\/p>\n","protected":false},"author":1,"featured_media":0,"parent":0,"menu_order":0,"comment_status":"closed","ping_status":"open","template":"","meta":{"footnotes":""},"class_list":["post-5","page","type-page","status-publish","hentry"],"_links":{"self":[{"href":"https:\/\/tuerenberlin.de\/tuerenfachmann\/wp-json\/wp\/v2\/pages\/5"}],"collection":[{"href":"https:\/\/tuerenberlin.de\/tuerenfachmann\/wp-json\/wp\/v2\/pages"}],"about":[{"href":"https:\/\/tuerenberlin.de\/tuerenfachmann\/wp-json\/wp\/v2\/types\/page"}],"author":[{"embeddable":true,"href":"https:\/\/tuerenberlin.de\/tuerenfachmann\/wp-json\/wp\/v2\/users\/1"}],"replies":[{"embeddable":true,"href":"https:\/\/tuerenberlin.de\/tuerenfachmann\/wp-json\/wp\/v2\/comments?post=5"}],"version-history":[{"count":48,"href":"https:\/\/tuerenberlin.de\/tuerenfachmann\/wp-json\/wp\/v2\/pages\/5\/revisions"}],"predecessor-version":[{"id":3672,"href":"https:\/\/tuerenberlin.de\/tuerenfachmann\/wp-json\/wp\/v2\/pages\/5\/revisions\/3672"}],"wp:attachment":[{"href":"https:\/\/tuerenberlin.de\/tuerenfachmann\/wp-json\/wp\/v2\/media?parent=5"}],"curies":[{"name":"wp","href":"https:\/\/api.w.org\/{rel}","templated":true}]}}