{"id":489,"date":"2014-02-13T18:18:27","date_gmt":"2014-02-13T16:18:27","guid":{"rendered":"http:\/\/tuerenberlin.de\/tuerenfachmann\/?page_id=489"},"modified":"2014-09-23T10:26:39","modified_gmt":"2014-09-23T08:26:39","slug":"holz","status":"publish","type":"page","link":"https:\/\/tuerenberlin.de\/tuerenfachmann\/produkte\/produkt-3\/holz\/","title":{"rendered":"Massivholzt\u00fcren"},"content":{"rendered":"<figure id=\"attachment_1810\" aria-describedby=\"caption-attachment-1810\" style=\"width: 628px\" class=\"wp-caption alignnone\"><img loading=\"lazy\" decoding=\"async\" src=\"http:\/\/tuerenberlin.de\/tuerenfachmann\/wp-content\/uploads\/2014\/02\/massivholztuer.jpg\" alt=\"Massivholz-Zimmert\u00fcr\" width=\"628\" height=\"285\" class=\"size-full wp-image-1810\" srcset=\"https:\/\/tuerenberlin.de\/tuerenfachmann\/wp-content\/uploads\/2014\/02\/massivholztuer.jpg 628w, https:\/\/tuerenberlin.de\/tuerenfachmann\/wp-content\/uploads\/2014\/02\/massivholztuer-300x136.jpg 300w\" sizes=\"(max-width: 628px) 100vw, 628px\" \/><figcaption id=\"caption-attachment-1810\" class=\"wp-caption-text\">Zimmert\u00fcren aus Holz schaffen eine behagliche Atmosph\u00e4re.<\/figcaption><\/figure>\n<p><strong>Die \u00c4sthetik der Natur<\/strong><br \/>\nIhre Entscheidung f\u00fcr eine Massivholzt\u00fcr ist eine Entscheidung f\u00fcr modernes Wohnen und gem\u00fctliches Ambiente. Die individuellen Wuchsmerkmale und Maserungen stehen f\u00fcr Lebendigkeit und Nat\u00fcrlichkeit. Jede Massivholzt\u00fcren ist ein Unikat! <\/p>\n<p>______________________________________________________________________<br \/>\n<strong>Lassen Sie sich inspirieren. Wir beraten Sie gerne.<\/strong><\/p>\n","protected":false},"excerpt":{"rendered":"<p>Die \u00c4sthetik der Natur Ihre Entscheidung f\u00fcr eine Massivholzt\u00fcr ist eine Entscheidung f\u00fcr modernes Wohnen und gem\u00fctliches Ambiente. Die individuellen Wuchsmerkmale und Maserungen stehen f\u00fcr Lebendigkeit und Nat\u00fcrlichkeit. Jede Massivholzt\u00fcren ist ein Unikat! ______________________________________________________________________ Lassen Sie sich inspirieren. Wir beraten Sie gerne.<\/p>\n","protected":false},"author":1,"featured_media":0,"parent":22,"menu_order":0,"comment_status":"open","ping_status":"open","template":"","meta":{"footnotes":""},"class_list":["post-489","page","type-page","status-publish","hentry"],"_links":{"self":[{"href":"https:\/\/tuerenberlin.de\/tuerenfachmann\/wp-json\/wp\/v2\/pages\/489"}],"collection":[{"href":"https:\/\/tuerenberlin.de\/tuerenfachmann\/wp-json\/wp\/v2\/pages"}],"about":[{"href":"https:\/\/tuerenberlin.de\/tuerenfachmann\/wp-json\/wp\/v2\/types\/page"}],"author":[{"embeddable":true,"href":"https:\/\/tuerenberlin.de\/tuerenfachmann\/wp-json\/wp\/v2\/users\/1"}],"replies":[{"embeddable":true,"href":"https:\/\/tuerenberlin.de\/tuerenfachmann\/wp-json\/wp\/v2\/comments?post=489"}],"version-history":[{"count":12,"href":"https:\/\/tuerenberlin.de\/tuerenfachmann\/wp-json\/wp\/v2\/pages\/489\/revisions"}],"predecessor-version":[{"id":1813,"href":"https:\/\/tuerenberlin.de\/tuerenfachmann\/wp-json\/wp\/v2\/pages\/489\/revisions\/1813"}],"up":[{"embeddable":true,"href":"https:\/\/tuerenberlin.de\/tuerenfachmann\/wp-json\/wp\/v2\/pages\/22"}],"wp:attachment":[{"href":"https:\/\/tuerenberlin.de\/tuerenfachmann\/wp-json\/wp\/v2\/media?parent=489"}],"curies":[{"name":"wp","href":"https:\/\/api.w.org\/{rel}","templated":true}]}}