{"id":486,"date":"2014-02-13T18:08:20","date_gmt":"2014-02-13T16:08:20","guid":{"rendered":"http:\/\/tuerenberlin.de\/tuerenfachmann\/?page_id=486"},"modified":"2014-09-23T10:37:02","modified_gmt":"2014-09-23T08:37:02","slug":"glastueren","status":"publish","type":"page","link":"https:\/\/tuerenberlin.de\/tuerenfachmann\/produkte\/produkt-3\/glastueren\/","title":{"rendered":"Glast\u00fcren"},"content":{"rendered":"<figure id=\"attachment_982\" aria-describedby=\"caption-attachment-982\" style=\"width: 628px\" class=\"wp-caption alignnone\"><img loading=\"lazy\" decoding=\"async\" src=\"http:\/\/tuerenberlin.de\/tuerenfachmann\/wp-content\/uploads\/2014\/08\/ganzglastuer.jpg\" alt=\"Ganzglast\u00fcren bestechen durch Ihre Eleganz\" width=\"628\" height=\"285\" class=\"size-full wp-image-982\" srcset=\"https:\/\/tuerenberlin.de\/tuerenfachmann\/wp-content\/uploads\/2014\/08\/ganzglastuer.jpg 628w, https:\/\/tuerenberlin.de\/tuerenfachmann\/wp-content\/uploads\/2014\/08\/ganzglastuer-300x136.jpg 300w\" sizes=\"(max-width: 628px) 100vw, 628px\" \/><figcaption id=\"caption-attachment-982\" class=\"wp-caption-text\">Glast\u00fcren bestechen durch Ihre Eleganz<\/figcaption><\/figure>\n<p>Glast\u00fcren sind exklusive M\u00f6belst\u00fccke, die sich harmonisch und stilgerecht integrieren lassen. Wir bieten Standardt\u00fcren, Ma\u00dfanfertigungen, Schiebet\u00fcren, T\u00fcren in \u00dcbergr\u00f6\u00dfen und auch Eingangst\u00fcren sowie T\u00fcren mit Seitenteil und Oberlicht. <\/p>\n<p><strong>\u00c4sthetik mit Glas<\/strong><br \/>\n\u00c4sthetische Raumgestaltung mit Glast\u00fcren ist ein Bestandteil modernen Wohnens. In der Herstellung verschmelzen moderne technische Verfahren mit traditioneller Handwerkskunst. Glast\u00fcren sind als Ganzglas, als Schiebe-, Pendel- oder Holzriegelt\u00fcr bei uns erh\u00e4ltlich, auf Wunsch mit Glasrahmen.<\/p>\n<p>__________________________________________________________________________________________<br \/>\n<strong>Ornamente, Sandstrahl- und Siebdruckdesigns, Rillenschliff, Schmelzglas, Applikationen &#8211; Fragen Sie den Fachmann!<\/strong><\/p>\n","protected":false},"excerpt":{"rendered":"<p>Glast\u00fcren sind exklusive M\u00f6belst\u00fccke, die sich harmonisch und stilgerecht integrieren lassen. Wir bieten Standardt\u00fcren, Ma\u00dfanfertigungen, Schiebet\u00fcren, T\u00fcren in \u00dcbergr\u00f6\u00dfen und auch Eingangst\u00fcren sowie T\u00fcren mit Seitenteil und Oberlicht. \u00c4sthetik mit Glas \u00c4sthetische Raumgestaltung mit Glast\u00fcren ist ein Bestandteil modernen Wohnens. In der Herstellung verschmelzen moderne technische Verfahren mit traditioneller Handwerkskunst. Glast\u00fcren sind als Ganzglas, als [&hellip;]<\/p>\n","protected":false},"author":1,"featured_media":0,"parent":22,"menu_order":0,"comment_status":"open","ping_status":"open","template":"","meta":{"footnotes":""},"class_list":["post-486","page","type-page","status-publish","hentry"],"_links":{"self":[{"href":"https:\/\/tuerenberlin.de\/tuerenfachmann\/wp-json\/wp\/v2\/pages\/486"}],"collection":[{"href":"https:\/\/tuerenberlin.de\/tuerenfachmann\/wp-json\/wp\/v2\/pages"}],"about":[{"href":"https:\/\/tuerenberlin.de\/tuerenfachmann\/wp-json\/wp\/v2\/types\/page"}],"author":[{"embeddable":true,"href":"https:\/\/tuerenberlin.de\/tuerenfachmann\/wp-json\/wp\/v2\/users\/1"}],"replies":[{"embeddable":true,"href":"https:\/\/tuerenberlin.de\/tuerenfachmann\/wp-json\/wp\/v2\/comments?post=486"}],"version-history":[{"count":15,"href":"https:\/\/tuerenberlin.de\/tuerenfachmann\/wp-json\/wp\/v2\/pages\/486\/revisions"}],"predecessor-version":[{"id":1819,"href":"https:\/\/tuerenberlin.de\/tuerenfachmann\/wp-json\/wp\/v2\/pages\/486\/revisions\/1819"}],"up":[{"embeddable":true,"href":"https:\/\/tuerenberlin.de\/tuerenfachmann\/wp-json\/wp\/v2\/pages\/22"}],"wp:attachment":[{"href":"https:\/\/tuerenberlin.de\/tuerenfachmann\/wp-json\/wp\/v2\/media?parent=486"}],"curies":[{"name":"wp","href":"https:\/\/api.w.org\/{rel}","templated":true}]}}