{"id":3156,"date":"2019-09-18T12:53:34","date_gmt":"2019-09-18T10:53:34","guid":{"rendered":"https:\/\/tuerenberlin.de\/tuerenfachmann\/?page_id=3156"},"modified":"2019-09-18T12:53:56","modified_gmt":"2019-09-18T10:53:56","slug":"3156-2","status":"publish","type":"page","link":"https:\/\/tuerenberlin.de\/tuerenfachmann\/3156-2\/","title":{"rendered":"\u00dcber uns"},"content":{"rendered":"\n<p>Jede T\u00fcr erf\u00fcllt zahlreiche Aufgaben und spielt daher eine wichtige Rolle in Ihrem Zuhause. Design, Farbe und Material sollten auf die Umgebung abgestimmt sein und zum Architekturstil Ihres Hauses passen. Nutzen Sie bei Haust\u00fcren den neuesten Stand der Technik, um sich gegen Einbr\u00fcche zu sch\u00fctzen. Eine solide Haust\u00fcre bietet dar\u00fcber hinaus eine gute W\u00e4rmed\u00e4mmung und ausreichenden Schallschutz. Hier gibt es zahlreiche M\u00f6glichkeiten, die helfen Ihren Geldbeutel langfristig zu schonen.<\/p>\n<p><strong>Beratung, Planung, Einbau und Montage von T\u00fcren<\/strong><br>Die Firma HASKE Fenster + T\u00fcren bietet ein breites Spektrum an Bauelementen f\u00fcr Ihr zu Hause. Ob Eigenheime oder Gesch\u00e4ftsobjekte &#8211; wir sind stets an Ihrer Seite, wenn es um eine fachgerechte Ausstattung mit T\u00fcren geht. <strong>Nutzen Sie eine umfassende Erstberatung in unseren Ausstellungsr\u00e4umen in der Blankenburger Str. 149a in Pankow. Lassen Sie sich bequem anhand von vielen Demonstrationsobjekten und Katalogen beraten.<\/strong> Unser Full-Service Paket schlie\u00dft zudem Beratung, Planung, Aufma\u00df vor Ort und Montage ein. Erleben Sie den Unterschied!<\/p>\n<p><strong>Ein faires Preis &#8211; Leistungsverh\u00e4ltnis<\/strong><br>Um ein hohes Niveau zu halten, arbeiten wir ausschlie\u00dflich mit namhaften Herstellern zusammen. Unsere langj\u00e4hrigen Gesch\u00e4ftsbeziehungen machen es m\u00f6glich, Ihnen hochwertige Produkte nach dem neuesten Stand der Technik g\u00fcnstig anzubieten und kurzfristig zu liefern.<\/p>\n<p><strong>Leistungen, die Bestand haben<\/strong><br>Wir betrachten die Dinge immer im Zusammenhang und k\u00f6nnen somit langfristige und damit zufriedenstellende L\u00f6sungen f\u00fcr Sie realisieren. Es ist uns wichtig, Sie bestm\u00f6glich zu beraten und Ihnen genau das anzubieten, was Sie wirklich brauchen.<\/p>\n<p><strong>Individualit\u00e4t ist unsere St\u00e4rke<\/strong><br>Mit Ihnen zusammen verwirklichen wir Ihre Vorstellungen zu einem einbaufertigen Produkt.<br>Mehr als 25 Jahre erfolgreiche Marktpr\u00e4senz in der Realisierung von vielf\u00e4ltigen Auftragsstrukturen und der Zusammenhalt eines engagierten Teams sind die Grundlage f\u00fcr einen Top-Service an unseren Kunden. Wir denken vorausschauend und machen konstruktive Vorschl\u00e4ge, die langfristig Bestand haben und kosteng\u00fcnstig sind. Alle Arbeiten werden fachkundig ma\u00dfgeschneidert und verantwortungsvoll durchgef\u00fchrt. Unser Stamm von \u00fcber 1.000 Kunden spricht f\u00fcr sich.<\/p>\n<p>Die Firma HASKE Fenster + T\u00fcren besteht seit 1990 mit Sitz in Berlin, Pankow. Unser 10-k\u00f6pfiges, fachkundiges Team steht Ihnen als kompetenter Partner zur Seite.<\/p>\n<hr>\n<p><strong>Um bleibende Werte zu schaffen, sind wir immer auf der Suche nach der besten L\u00f6sung f\u00fcr Sie.<\/strong><\/p>\n<p> <\/p>\n","protected":false},"excerpt":{"rendered":"<p>Jede T\u00fcr erf\u00fcllt zahlreiche Aufgaben und spielt daher eine wichtige Rolle in Ihrem Zuhause. Design, Farbe und Material sollten auf die Umgebung abgestimmt sein und zum Architekturstil Ihres Hauses passen. Nutzen Sie bei Haust\u00fcren den neuesten Stand der Technik, um sich gegen Einbr\u00fcche zu sch\u00fctzen. Eine solide Haust\u00fcre bietet dar\u00fcber hinaus eine gute W\u00e4rmed\u00e4mmung und [&hellip;]<\/p>\n","protected":false},"author":1,"featured_media":0,"parent":0,"menu_order":0,"comment_status":"closed","ping_status":"closed","template":"","meta":{"footnotes":""},"class_list":["post-3156","page","type-page","status-publish","hentry"],"_links":{"self":[{"href":"https:\/\/tuerenberlin.de\/tuerenfachmann\/wp-json\/wp\/v2\/pages\/3156"}],"collection":[{"href":"https:\/\/tuerenberlin.de\/tuerenfachmann\/wp-json\/wp\/v2\/pages"}],"about":[{"href":"https:\/\/tuerenberlin.de\/tuerenfachmann\/wp-json\/wp\/v2\/types\/page"}],"author":[{"embeddable":true,"href":"https:\/\/tuerenberlin.de\/tuerenfachmann\/wp-json\/wp\/v2\/users\/1"}],"replies":[{"embeddable":true,"href":"https:\/\/tuerenberlin.de\/tuerenfachmann\/wp-json\/wp\/v2\/comments?post=3156"}],"version-history":[{"count":2,"href":"https:\/\/tuerenberlin.de\/tuerenfachmann\/wp-json\/wp\/v2\/pages\/3156\/revisions"}],"predecessor-version":[{"id":3158,"href":"https:\/\/tuerenberlin.de\/tuerenfachmann\/wp-json\/wp\/v2\/pages\/3156\/revisions\/3158"}],"wp:attachment":[{"href":"https:\/\/tuerenberlin.de\/tuerenfachmann\/wp-json\/wp\/v2\/media?parent=3156"}],"curies":[{"name":"wp","href":"https:\/\/api.w.org\/{rel}","templated":true}]}}