{"id":314,"date":"2014-02-07T13:39:58","date_gmt":"2014-02-07T11:39:58","guid":{"rendered":"http:\/\/tuerenberlin.de\/tuerenfachmann\/?page_id=314"},"modified":"2014-08-21T17:22:33","modified_gmt":"2014-08-21T15:22:33","slug":"holz-aluminium-haustuer","status":"publish","type":"page","link":"https:\/\/tuerenberlin.de\/tuerenfachmann\/produkte\/produkt-1\/holz-aluminium-haustuer\/","title":{"rendered":"Holz-Aluminiumhaust\u00fcren"},"content":{"rendered":"<p><figure id=\"attachment_1718\" aria-describedby=\"caption-attachment-1718\" style=\"width: 628px\" class=\"wp-caption alignnone\"><img loading=\"lazy\" decoding=\"async\" src=\"http:\/\/tuerenberlin.de\/tuerenfachmann\/wp-content\/uploads\/2013\/12\/Pax04.jpg\" alt=\"Alu-Haust\u00fcren\" width=\"628\" height=\"285\" class=\"size-full wp-image-1718\" srcset=\"https:\/\/tuerenberlin.de\/tuerenfachmann\/wp-content\/uploads\/2013\/12\/Pax04.jpg 628w, https:\/\/tuerenberlin.de\/tuerenfachmann\/wp-content\/uploads\/2013\/12\/Pax04-300x136.jpg 300w\" sizes=\"(max-width: 628px) 100vw, 628px\" \/><figcaption id=\"caption-attachment-1718\" class=\"wp-caption-text\">Alu-Haust\u00fcren &#8211; au\u00dfen Alu &#8211; innen Holz<\/figcaption><\/figure><br \/>\nAn der Au\u00dfenseite Aluminium, im Innenbereich und im Kern der T\u00fcr Holz. Damit nutzen Sie fortschrittliches High-Tech und genie\u00dfen innerhalb des Hauses die behaglichen Vorz\u00fcge von Holz und dessen nat\u00fcrliches Aussehen.<\/p>\n<p><strong>Pflegeleicht<\/strong><br \/>\nMit einer Au\u00dfenhaut aus pflegeleichtem Aluminium auf einer Haust\u00fcr aus Massivholz l\u00e4sst eine Holz-Aluminium-Haust\u00fcr keine W\u00fcnsche offen. Zu einer Vielfalt an formsch\u00f6nen Varianten beraten wir Sie gerne.<\/p>\n<p>________________________________________________________________________________________<br \/>\n<strong>Informieren Sie sich \u00fcber unsere gro\u00dfe Auswahl an preiswerten und hochwertigen Haust\u00fcren verschiedener Systeme!<\/strong><\/p>\n","protected":false},"excerpt":{"rendered":"<p>An der Au\u00dfenseite Aluminium, im Innenbereich und im Kern der T\u00fcr Holz. Damit nutzen Sie fortschrittliches High-Tech und genie\u00dfen innerhalb des Hauses die behaglichen Vorz\u00fcge von Holz und dessen nat\u00fcrliches Aussehen. Pflegeleicht Mit einer Au\u00dfenhaut aus pflegeleichtem Aluminium auf einer Haust\u00fcr aus Massivholz l\u00e4sst eine Holz-Aluminium-Haust\u00fcr keine W\u00fcnsche offen. Zu einer Vielfalt an formsch\u00f6nen Varianten [&hellip;]<\/p>\n","protected":false},"author":1,"featured_media":0,"parent":18,"menu_order":0,"comment_status":"open","ping_status":"open","template":"","meta":{"footnotes":""},"class_list":["post-314","page","type-page","status-publish","hentry"],"_links":{"self":[{"href":"https:\/\/tuerenberlin.de\/tuerenfachmann\/wp-json\/wp\/v2\/pages\/314"}],"collection":[{"href":"https:\/\/tuerenberlin.de\/tuerenfachmann\/wp-json\/wp\/v2\/pages"}],"about":[{"href":"https:\/\/tuerenberlin.de\/tuerenfachmann\/wp-json\/wp\/v2\/types\/page"}],"author":[{"embeddable":true,"href":"https:\/\/tuerenberlin.de\/tuerenfachmann\/wp-json\/wp\/v2\/users\/1"}],"replies":[{"embeddable":true,"href":"https:\/\/tuerenberlin.de\/tuerenfachmann\/wp-json\/wp\/v2\/comments?post=314"}],"version-history":[{"count":20,"href":"https:\/\/tuerenberlin.de\/tuerenfachmann\/wp-json\/wp\/v2\/pages\/314\/revisions"}],"predecessor-version":[{"id":1721,"href":"https:\/\/tuerenberlin.de\/tuerenfachmann\/wp-json\/wp\/v2\/pages\/314\/revisions\/1721"}],"up":[{"embeddable":true,"href":"https:\/\/tuerenberlin.de\/tuerenfachmann\/wp-json\/wp\/v2\/pages\/18"}],"wp:attachment":[{"href":"https:\/\/tuerenberlin.de\/tuerenfachmann\/wp-json\/wp\/v2\/media?parent=314"}],"curies":[{"name":"wp","href":"https:\/\/api.w.org\/{rel}","templated":true}]}}