{"id":2722,"date":"2018-04-16T12:16:48","date_gmt":"2018-04-16T10:16:48","guid":{"rendered":"http:\/\/tuerenberlin.de\/tuerenfachmann\/?page_id=2722"},"modified":"2018-05-13T11:19:05","modified_gmt":"2018-05-13T09:19:05","slug":"alu-vordaecher","status":"publish","type":"page","link":"https:\/\/tuerenberlin.de\/tuerenfachmann\/vordaecher\/alu-vordaecher\/","title":{"rendered":"Alu-Vord\u00e4cher"},"content":{"rendered":"<p>Ein Aluminium-Vordach ist modern und elegant.<br \/>\nAbweichende Modellgr\u00f6\u00dfen und Sonderkonstruktionen sind entsprechend Ihrer Bausituation und den damit verbundenen technischen M\u00f6glichkeiten lieferbar.<br \/>\nDie Aluminium-Vord\u00e4cher sind in 3 Standardfarbt\u00f6nen erh\u00e4ltlich.<\/p>\n<p><img loading=\"lazy\" decoding=\"async\" src=\"https:\/\/tuerenberlin.de\/tuerenfachmann\/wp-content\/uploads\/2018\/04\/aluminiumvordaecher.jpg\" alt=\"Aluminiumvord\u00e4cher\" width=\"628\" height=\"3445\" class=\"alignnone size-full wp-image-2724\" \/><\/p>\n","protected":false},"excerpt":{"rendered":"<p>Ein Aluminium-Vordach ist modern und elegant. Abweichende Modellgr\u00f6\u00dfen und Sonderkonstruktionen sind entsprechend Ihrer Bausituation und den damit verbundenen technischen M\u00f6glichkeiten lieferbar. Die Aluminium-Vord\u00e4cher sind in 3 Standardfarbt\u00f6nen erh\u00e4ltlich.<\/p>\n","protected":false},"author":1,"featured_media":0,"parent":2714,"menu_order":0,"comment_status":"closed","ping_status":"closed","template":"","meta":{"footnotes":""},"class_list":["post-2722","page","type-page","status-publish","hentry"],"_links":{"self":[{"href":"https:\/\/tuerenberlin.de\/tuerenfachmann\/wp-json\/wp\/v2\/pages\/2722"}],"collection":[{"href":"https:\/\/tuerenberlin.de\/tuerenfachmann\/wp-json\/wp\/v2\/pages"}],"about":[{"href":"https:\/\/tuerenberlin.de\/tuerenfachmann\/wp-json\/wp\/v2\/types\/page"}],"author":[{"embeddable":true,"href":"https:\/\/tuerenberlin.de\/tuerenfachmann\/wp-json\/wp\/v2\/users\/1"}],"replies":[{"embeddable":true,"href":"https:\/\/tuerenberlin.de\/tuerenfachmann\/wp-json\/wp\/v2\/comments?post=2722"}],"version-history":[{"count":7,"href":"https:\/\/tuerenberlin.de\/tuerenfachmann\/wp-json\/wp\/v2\/pages\/2722\/revisions"}],"predecessor-version":[{"id":2922,"href":"https:\/\/tuerenberlin.de\/tuerenfachmann\/wp-json\/wp\/v2\/pages\/2722\/revisions\/2922"}],"up":[{"embeddable":true,"href":"https:\/\/tuerenberlin.de\/tuerenfachmann\/wp-json\/wp\/v2\/pages\/2714"}],"wp:attachment":[{"href":"https:\/\/tuerenberlin.de\/tuerenfachmann\/wp-json\/wp\/v2\/media?parent=2722"}],"curies":[{"name":"wp","href":"https:\/\/api.w.org\/{rel}","templated":true}]}}