{"id":2714,"date":"2018-04-16T12:07:47","date_gmt":"2018-04-16T10:07:47","guid":{"rendered":"http:\/\/tuerenberlin.de\/tuerenfachmann\/?page_id=2714"},"modified":"2018-04-16T12:12:18","modified_gmt":"2018-04-16T10:12:18","slug":"vordaecher","status":"publish","type":"page","link":"https:\/\/tuerenberlin.de\/tuerenfachmann\/vordaecher\/","title":{"rendered":"Vord\u00e4cher"},"content":{"rendered":"<p>Eine Vielzahl an Formen, Gr\u00f6\u00dfen, Ausstattungen und Oberfl\u00e4chen f\u00fcr Ihr Haus, damit Sie auch bei schlechtem Wetter im Trockenen stehen.<\/p>\n<p><img loading=\"lazy\" decoding=\"async\" src=\"http:\/\/tuerenberlin.de\/tuerenfachmann\/wp-content\/uploads\/2018\/04\/vordaecher-graute.jpg\" alt=\"Vord\u00e4cher\" width=\"629\" height=\"1801\" class=\"alignnone size-full wp-image-2715\" srcset=\"https:\/\/tuerenberlin.de\/tuerenfachmann\/wp-content\/uploads\/2018\/04\/vordaecher-graute.jpg 629w, https:\/\/tuerenberlin.de\/tuerenfachmann\/wp-content\/uploads\/2018\/04\/vordaecher-graute-105x300.jpg 105w, https:\/\/tuerenberlin.de\/tuerenfachmann\/wp-content\/uploads\/2018\/04\/vordaecher-graute-358x1024.jpg 358w\" sizes=\"(max-width: 629px) 100vw, 629px\" \/><\/p>\n","protected":false},"excerpt":{"rendered":"<p>Eine Vielzahl an Formen, Gr\u00f6\u00dfen, Ausstattungen und Oberfl\u00e4chen f\u00fcr Ihr Haus, damit Sie auch bei schlechtem Wetter im Trockenen stehen.<\/p>\n","protected":false},"author":1,"featured_media":0,"parent":0,"menu_order":0,"comment_status":"closed","ping_status":"closed","template":"","meta":{"footnotes":""},"class_list":["post-2714","page","type-page","status-publish","hentry"],"_links":{"self":[{"href":"https:\/\/tuerenberlin.de\/tuerenfachmann\/wp-json\/wp\/v2\/pages\/2714"}],"collection":[{"href":"https:\/\/tuerenberlin.de\/tuerenfachmann\/wp-json\/wp\/v2\/pages"}],"about":[{"href":"https:\/\/tuerenberlin.de\/tuerenfachmann\/wp-json\/wp\/v2\/types\/page"}],"author":[{"embeddable":true,"href":"https:\/\/tuerenberlin.de\/tuerenfachmann\/wp-json\/wp\/v2\/users\/1"}],"replies":[{"embeddable":true,"href":"https:\/\/tuerenberlin.de\/tuerenfachmann\/wp-json\/wp\/v2\/comments?post=2714"}],"version-history":[{"count":5,"href":"https:\/\/tuerenberlin.de\/tuerenfachmann\/wp-json\/wp\/v2\/pages\/2714\/revisions"}],"predecessor-version":[{"id":2720,"href":"https:\/\/tuerenberlin.de\/tuerenfachmann\/wp-json\/wp\/v2\/pages\/2714\/revisions\/2720"}],"wp:attachment":[{"href":"https:\/\/tuerenberlin.de\/tuerenfachmann\/wp-json\/wp\/v2\/media?parent=2714"}],"curies":[{"name":"wp","href":"https:\/\/api.w.org\/{rel}","templated":true}]}}