{"id":2709,"date":"2018-04-16T08:25:25","date_gmt":"2018-04-16T06:25:25","guid":{"rendered":"http:\/\/tuerenberlin.de\/tuerenfachmann\/?page_id=2709"},"modified":"2019-07-23T17:52:32","modified_gmt":"2019-07-23T15:52:32","slug":"wartung-reparatur","status":"publish","type":"page","link":"https:\/\/tuerenberlin.de\/tuerenfachmann\/wartung-reparatur\/","title":{"rendered":"Wartung &#038; Reparatur"},"content":{"rendered":"<p><strong>Erleben, was Service hei\u00dft!<\/strong><\/p>\n<p><img loading=\"lazy\" decoding=\"async\" class=\"alignnone size-full wp-image-3130\" src=\"https:\/\/tuerenberlin.de\/tuerenfachmann\/wp-content\/uploads\/2019\/07\/wartung-reparatur.jpg\" alt=\"\" width=\"715\" height=\"542\" srcset=\"https:\/\/tuerenberlin.de\/tuerenfachmann\/wp-content\/uploads\/2019\/07\/wartung-reparatur.jpg 715w, https:\/\/tuerenberlin.de\/tuerenfachmann\/wp-content\/uploads\/2019\/07\/wartung-reparatur-300x227.jpg 300w\" sizes=\"(max-width: 715px) 100vw, 715px\" \/><\/p>\n<p>Ihre T\u00fcr schlie\u00dft nicht richtig oder Sie haben einen Einbruchschaden, dann stehen wir Ihnen f\u00fcr kleine und gro\u00dfe Reparaturen schnell und zuverl\u00e4ssig mit unserem Reparaturservice zur Seite. Eine regelm\u00e4\u00dfige Wartung Ihrer T\u00fcren beugt gr\u00f6\u00dferen Sch\u00e4den vor und spart langfristig Geld. Neue Dichtungen vermeiden W\u00e4rmeverluste und senken Kosten. Unser voll ausgestatteter Werkstatt-Transporter hat das ben\u00f6tigte Material an Bord und ist schnell und flexibel einsatzbereit.<\/p>\n<p>Damit Sie lange Freude an Ihren T\u00fcren haben, empfehlen wir regelm\u00e4\u00dfige Wartung und Reparatur. Wir reparieren und warten Holz-, Aluminium- und Kunststofft\u00fcren. Bei regelm\u00e4\u00dfiger Wartung und Reparatur sind Ihre T\u00fcren wieder perfekt zu bedienen und dicht gegen L\u00e4rm und K\u00e4lte. Die regelm\u00e4\u00dfige Pr\u00fcfung und Wartung verl\u00e4ngert die Lebensdauer Ihrer T\u00fcren und sorgt au\u00dferdem f\u00fcr eine dauerhaft gepflegte und sch\u00f6ne Optik.<\/p>\n<p><strong>Wir bieten:<\/strong><br \/>\n\u2013 \u00dcberpr\u00fcfung und ggfls. Erneuerung aller Dichtungen<br \/>\n\u2013 \u00dcberpr\u00fcfung und Neueinstellung der Beschl\u00e4ge<br \/>\n\u2013 Fetten und \u00d6len der Beschl\u00e4ge<br \/>\n\u2013 Ersatz oder Reparatur von defekten Teilen<\/p>\n<p><img loading=\"lazy\" decoding=\"async\" class=\"alignnone size-full wp-image-3132\" src=\"https:\/\/tuerenberlin.de\/tuerenfachmann\/wp-content\/uploads\/2019\/07\/wartung-reparatur2.jpg\" alt=\"\" width=\"715\" height=\"542\" srcset=\"https:\/\/tuerenberlin.de\/tuerenfachmann\/wp-content\/uploads\/2019\/07\/wartung-reparatur2.jpg 715w, https:\/\/tuerenberlin.de\/tuerenfachmann\/wp-content\/uploads\/2019\/07\/wartung-reparatur2-300x227.jpg 300w\" sizes=\"(max-width: 715px) 100vw, 715px\" \/><\/p>\n<p><strong>Wartungsaufwand von Alu- und Kunststofft\u00fcren<\/strong><br \/>\nAlu- und Kunststofft\u00fcren erfordern eine relativ geringen Wartungsaufwand. Sie sind dauerhaft witterungsbest\u00e4ndig.<\/p>\n<p><strong>Wartungsaufwand von Alu- und Kunststofft\u00fcren<br \/>\n<\/strong>Bei Holzt\u00fcren kann die Oberfl\u00e4che gewachst, ge\u00f6lt, unbehandelt oder lackiert sein. Grunds\u00e4tzlich sind bei der Pflege der Oberfl\u00e4chen immer die Herstellerangaben zu beachten. Gewachste und ge\u00f6lte Holzoberfl\u00e4chen werden ggfls. durch partielles Nachwachsen \/ Nach\u00f6len gepflegt. Zum Reinigen verwendet man ein leichtfeuchtes Tuch, um Staub oder geringf\u00fcgige Verschmutzungen zu beseitigen.<\/p>\n<p>Moderne lackierte Holzt\u00fcren\u00a0 aus deutscher Fertigung verf\u00fcgen \u00fcber qualitative hochwertige Lacke, die ebenfalls mit feuchten T\u00fcchern gereinigt werden k\u00f6nnen. Bereits kleine Risse jedoch haben eine gro\u00dfe Wirkung und sollten beseitigt werden, denn\u00a0 N\u00e4sse kann in das Holz eindringen und Sch\u00e4den verursachen. Die eingesickerte Feuchtigkeit kann nicht mehr abtrocknen und f\u00fchrt zum Quellen des Holzes. Lackierte Holzt\u00fcren erfordern also regelm\u00e4\u00dfige Schutzanstriche gegen Feuchtigkeit und UV-Einstrahlung.<\/p>\n<p><strong>Dichtungen \u00fcberpr\u00fcfen und erneuern<\/strong><br \/>\nDichtungen sind Verschlei\u00dfteile, die regelm\u00e4\u00dfig gepr\u00fcft und ggfls. getauscht werden m\u00fcssen.<br \/>\nEine regelm\u00e4\u00dfige Pr\u00fcfung und ggfls. Erneuerung der T\u00fcrdichtungen hilft Heizkosten zu sparen. Um die Lebensdauer von Dichtungen zu verl\u00e4ngern k\u00f6nnen diese durch spezielle Pflegeprodukte l\u00e4nger geschmeidig gehalten werden. Bodendichtungen m\u00fcssen auf ganzer T\u00fcrbreite die Fuge zwischen T\u00fcr und Fu\u00dfboden abdichten. Auch das Neueinstellen der Bodendichtung kann notwendig sein.<\/p>\n<p><strong>Schlie\u00dfsysteme und Beschl\u00e4ge<\/strong><br \/>\nDie T\u00fcrb\u00e4nder moderner Au\u00dfent\u00fcren sind in der Regel wartungsfrei und m\u00fcssen weder gefettet noch ge\u00f6lt werden. Altbaut\u00fcren mit sichtbaren B\u00e4ndern jedoch sollten mit etwas \u00d6l g\u00e4ngig gehalten werden, damit das \u00d6ffnen und Schlie\u00dfen der T\u00fcr gut funktioniert.<\/p>\n<p><strong>Dr\u00fccker<\/strong><br \/>\nDie Dr\u00fccker m\u00fcssen fest sitzen. Nach l\u00e4ngerem Gebrauch sind Nachstellarbeiten notwendig. Bei Funktionst\u00fcren d\u00fcrfen nur zugelassene Dr\u00fccker verwendet werden.<\/p>\n<p><strong>Gesetzliche Wartungspflicht<\/strong><br \/>\nZur nachhaltigen Sicherung der Gebrauchstauglichkeit, Werthaltigkeit sowie der ggf. zugesicherten Eigenschaften von Funktionst\u00fcren (= T\u00fcren mit zugesicherten Eigenschaften wie z.B. Feuer-, Rauch-, Schall-und W\u00e4rmeschutz, Einbruchschutz etc.) ist eine fachgerechte Wartung und Pflege verpflichtend, siehe\u00a0 Musterbauordnung \u00a7 3, Abs. 2.<\/p>\n<p>Haben Sie\u00a0 Fragen, dann rufen Sie uns gerne an: 030 \u2013 857 462 444<\/p>\n","protected":false},"excerpt":{"rendered":"<p>Erleben, was Service hei\u00dft! Ihre T\u00fcr schlie\u00dft nicht richtig oder Sie haben einen Einbruchschaden, dann stehen wir Ihnen f\u00fcr kleine und gro\u00dfe Reparaturen schnell und zuverl\u00e4ssig mit unserem Reparaturservice zur Seite. Eine regelm\u00e4\u00dfige Wartung Ihrer T\u00fcren beugt gr\u00f6\u00dferen Sch\u00e4den vor und spart langfristig Geld. Neue Dichtungen vermeiden W\u00e4rmeverluste und senken Kosten. Unser voll ausgestatteter Werkstatt-Transporter [&hellip;]<\/p>\n","protected":false},"author":1,"featured_media":0,"parent":0,"menu_order":0,"comment_status":"closed","ping_status":"closed","template":"","meta":{"footnotes":""},"class_list":["post-2709","page","type-page","status-publish","hentry"],"_links":{"self":[{"href":"https:\/\/tuerenberlin.de\/tuerenfachmann\/wp-json\/wp\/v2\/pages\/2709"}],"collection":[{"href":"https:\/\/tuerenberlin.de\/tuerenfachmann\/wp-json\/wp\/v2\/pages"}],"about":[{"href":"https:\/\/tuerenberlin.de\/tuerenfachmann\/wp-json\/wp\/v2\/types\/page"}],"author":[{"embeddable":true,"href":"https:\/\/tuerenberlin.de\/tuerenfachmann\/wp-json\/wp\/v2\/users\/1"}],"replies":[{"embeddable":true,"href":"https:\/\/tuerenberlin.de\/tuerenfachmann\/wp-json\/wp\/v2\/comments?post=2709"}],"version-history":[{"count":15,"href":"https:\/\/tuerenberlin.de\/tuerenfachmann\/wp-json\/wp\/v2\/pages\/2709\/revisions"}],"predecessor-version":[{"id":3137,"href":"https:\/\/tuerenberlin.de\/tuerenfachmann\/wp-json\/wp\/v2\/pages\/2709\/revisions\/3137"}],"wp:attachment":[{"href":"https:\/\/tuerenberlin.de\/tuerenfachmann\/wp-json\/wp\/v2\/media?parent=2709"}],"curies":[{"name":"wp","href":"https:\/\/api.w.org\/{rel}","templated":true}]}}