{"id":2632,"date":"2017-05-03T11:35:11","date_gmt":"2017-05-03T09:35:11","guid":{"rendered":"http:\/\/tuerenberlin.de\/tuerenfachmann\/?page_id=2632"},"modified":"2022-10-13T11:00:06","modified_gmt":"2022-10-13T09:00:06","slug":"stellenangebote","status":"publish","type":"page","link":"https:\/\/tuerenberlin.de\/tuerenfachmann\/stellenangebote\/","title":{"rendered":"Stellenangebote"},"content":{"rendered":"<p>Wir suchen zum n\u00e4chstm\u00f6glichen Termin<\/p>\n<p><strong>2 Mitarbeiter-\/innen f\u00fcr<br \/>\nKalkulation\/Angebotsbearbeitung<br \/>\nf\u00fcr die Bereiche Bauelemente und Bautischlerei<\/strong><\/p>\n<p>Anmerkung: Bitte nur Bewerber mit Branchenerfahrung<\/p>\n<p>&nbsp;<\/p>\n<hr>\n<p><strong>Bautischler<br \/>\nf\u00fcr den Kundendienst<\/strong><\/p>\n<hr>\n<p>F\u00fchlen Sie sich angesprochen und haben Sie Lust unser sympathisches Team zu verst\u00e4rken, dann bewerben sich schriftlich oder nehmen Sie mit uns Kontakt auf.<\/p>\n<p>HASKE &#8211; Fenster + T\u00fcren<br \/>\nBlankenburger Str. 149a<br \/>\n13127 Berlin<\/p>\n<p>Tel: +49 30 &#8211; 857 462 444<br \/>\nFax: +49 30 &#8211; 857 462 445<br \/>\nE-Mail: <a href=\"mailto:kontakt@haske.de\" target=\"_blank\" rel=\"noopener noreferrer\">kontakt@haske.de <\/a><\/p>\n","protected":false},"excerpt":{"rendered":"<p>Wir suchen zum n\u00e4chstm\u00f6glichen Termin 2 Mitarbeiter-\/innen f\u00fcr Kalkulation\/Angebotsbearbeitung f\u00fcr die Bereiche Bauelemente und Bautischlerei Anmerkung: Bitte nur Bewerber mit Branchenerfahrung &nbsp; Bautischler f\u00fcr den Kundendienst F\u00fchlen Sie sich angesprochen und haben Sie Lust unser sympathisches Team zu verst\u00e4rken, dann bewerben sich schriftlich oder nehmen Sie mit uns Kontakt auf. HASKE &#8211; Fenster + T\u00fcren [&hellip;]<\/p>\n","protected":false},"author":1,"featured_media":0,"parent":0,"menu_order":0,"comment_status":"closed","ping_status":"closed","template":"","meta":{"footnotes":""},"class_list":["post-2632","page","type-page","status-publish","hentry"],"_links":{"self":[{"href":"https:\/\/tuerenberlin.de\/tuerenfachmann\/wp-json\/wp\/v2\/pages\/2632"}],"collection":[{"href":"https:\/\/tuerenberlin.de\/tuerenfachmann\/wp-json\/wp\/v2\/pages"}],"about":[{"href":"https:\/\/tuerenberlin.de\/tuerenfachmann\/wp-json\/wp\/v2\/types\/page"}],"author":[{"embeddable":true,"href":"https:\/\/tuerenberlin.de\/tuerenfachmann\/wp-json\/wp\/v2\/users\/1"}],"replies":[{"embeddable":true,"href":"https:\/\/tuerenberlin.de\/tuerenfachmann\/wp-json\/wp\/v2\/comments?post=2632"}],"version-history":[{"count":3,"href":"https:\/\/tuerenberlin.de\/tuerenfachmann\/wp-json\/wp\/v2\/pages\/2632\/revisions"}],"predecessor-version":[{"id":3508,"href":"https:\/\/tuerenberlin.de\/tuerenfachmann\/wp-json\/wp\/v2\/pages\/2632\/revisions\/3508"}],"wp:attachment":[{"href":"https:\/\/tuerenberlin.de\/tuerenfachmann\/wp-json\/wp\/v2\/media?parent=2632"}],"curies":[{"name":"wp","href":"https:\/\/api.w.org\/{rel}","templated":true}]}}