{"id":261,"date":"2013-12-12T12:29:27","date_gmt":"2013-12-12T10:29:27","guid":{"rendered":"http:\/\/tuerenberlin.de\/tuerenfachmann\/?page_id=261"},"modified":"2017-08-08T16:52:00","modified_gmt":"2017-08-08T14:52:00","slug":"moderne-tueren","status":"publish","type":"page","link":"https:\/\/tuerenberlin.de\/tuerenfachmann\/produkte\/produkt-2\/moderne-tueren\/","title":{"rendered":"Moderne T\u00fcren"},"content":{"rendered":"<p><img loading=\"lazy\" decoding=\"async\" src=\"http:\/\/tuerenberlin.de\/tuerenfachmann\/wp-content\/uploads\/2013\/12\/graute-tuer-1.jpg\" alt=\"\" width=\"628\" height=\"410\" class=\"alignnone size-full wp-image-2648\" srcset=\"https:\/\/tuerenberlin.de\/tuerenfachmann\/wp-content\/uploads\/2013\/12\/graute-tuer-1.jpg 628w, https:\/\/tuerenberlin.de\/tuerenfachmann\/wp-content\/uploads\/2013\/12\/graute-tuer-1-300x196.jpg 300w\" sizes=\"(max-width: 628px) 100vw, 628px\" \/><\/p>\n<p><strong>Die Sicherheits-Wohnungseingangst\u00fcr mit Nachr\u00fcstzarge<\/strong><\/p>\n<p>Eine der vielen Besonderheiten der Wohnungseingangst\u00fcr ist die formsch\u00f6ne Sicherheitsnachr\u00fcstzarge, die speziell f\u00fcr die Sanierung konzipiert wurde. Die h\u00e4ufig am Bauk\u00f6rper vorhandene Stahlzarge muss nicht entfernt werden. Sie wird durch die Aluminiumzarge der neuen T\u00fcr teilweise ummantelt.<\/p>\n<p>Stemmarbeiten, die mit viel Schmutz und oft auch mit Besch\u00e4digungen einhergehen, sind nicht erforderlich. Auch Anputz- und Malerarbeiten m\u00fcssen in der Regel nach dem Austausch der T\u00fcr nicht durchgef\u00fchrt werden.<\/p>\n<p>Das intelligente Nachr\u00fcstsystem kommt auch bei bauseitiger Holzzarge und bei stumpfem Anschlag in Form einer Blockzarge zum Einsatz.<\/p>\n<p>Die Vorz\u00fcge dieser T\u00fcr liegen nicht nur in ihrer kompakten Bauweise und der unkomplizierten Montage sondern auch in ihrem zur\u00fcckhaltenden Design, das mit nahezu jedem Einrichtungsstil harmoniert. Elegante Rollenb\u00e4nder, abgerundete Profilkanten und ein exklusives T\u00fcrgriffsortiment unterstreichen das kreative Konzept der T\u00fcr.<\/p>\n<p>Durch eine Vielzahl unterschiedlicher Holz- und Farbdekore kann die T\u00fcr innen und au\u00dfen den R\u00e4umlichkeiten und den pers\u00f6nlichen Vorlieben entsprechend gestaltet werden. Selbst die Aluminiumzarge kann auf Wunsch zweifarbig ausgef\u00fchrt werden.<\/p>\n<p>Die technische Ausr\u00fcstung erfolgt mit unserem bew\u00e4hrten Haust\u00fcrenbeschlagsystem.<\/p>\n<p>Die Wohnungseingangst\u00fcr ist in einbruchhemmender Ausf\u00fchrung, gepr\u00fcft nach DIN V ENV 1627, in den Widerstandsklassen RC2 und RC3 lieferbar.<\/p>\n<p><iframe loading=\"lazy\" width=\"700\" height=\"393\" src=\"https:\/\/www.youtube.com\/embed\/wgdz7FuLNHM\" frameborder=\"0\" allowfullscreen><\/iframe><\/p>\n<p>__________________________________________________________________________<br \/>\n<strong>Nutzen Sie den HASKE-Aufma\u00dfservice. Wir liefern alle T\u00fcren ma\u00dfgefertigt.<\/strong><\/p>\n","protected":false},"excerpt":{"rendered":"<p>Die Sicherheits-Wohnungseingangst\u00fcr mit Nachr\u00fcstzarge Eine der vielen Besonderheiten der Wohnungseingangst\u00fcr ist die formsch\u00f6ne Sicherheitsnachr\u00fcstzarge, die speziell f\u00fcr die Sanierung konzipiert wurde. Die h\u00e4ufig am Bauk\u00f6rper vorhandene Stahlzarge muss nicht entfernt werden. Sie wird durch die Aluminiumzarge der neuen T\u00fcr teilweise ummantelt. Stemmarbeiten, die mit viel Schmutz und oft auch mit Besch\u00e4digungen einhergehen, sind nicht erforderlich. [&hellip;]<\/p>\n","protected":false},"author":1,"featured_media":0,"parent":20,"menu_order":0,"comment_status":"open","ping_status":"open","template":"","meta":{"footnotes":""},"class_list":["post-261","page","type-page","status-publish","hentry"],"_links":{"self":[{"href":"https:\/\/tuerenberlin.de\/tuerenfachmann\/wp-json\/wp\/v2\/pages\/261"}],"collection":[{"href":"https:\/\/tuerenberlin.de\/tuerenfachmann\/wp-json\/wp\/v2\/pages"}],"about":[{"href":"https:\/\/tuerenberlin.de\/tuerenfachmann\/wp-json\/wp\/v2\/types\/page"}],"author":[{"embeddable":true,"href":"https:\/\/tuerenberlin.de\/tuerenfachmann\/wp-json\/wp\/v2\/users\/1"}],"replies":[{"embeddable":true,"href":"https:\/\/tuerenberlin.de\/tuerenfachmann\/wp-json\/wp\/v2\/comments?post=261"}],"version-history":[{"count":32,"href":"https:\/\/tuerenberlin.de\/tuerenfachmann\/wp-json\/wp\/v2\/pages\/261\/revisions"}],"predecessor-version":[{"id":2690,"href":"https:\/\/tuerenberlin.de\/tuerenfachmann\/wp-json\/wp\/v2\/pages\/261\/revisions\/2690"}],"up":[{"embeddable":true,"href":"https:\/\/tuerenberlin.de\/tuerenfachmann\/wp-json\/wp\/v2\/pages\/20"}],"wp:attachment":[{"href":"https:\/\/tuerenberlin.de\/tuerenfachmann\/wp-json\/wp\/v2\/media?parent=261"}],"curies":[{"name":"wp","href":"https:\/\/api.w.org\/{rel}","templated":true}]}}