{"id":259,"date":"2013-12-12T12:28:55","date_gmt":"2013-12-12T10:28:55","guid":{"rendered":"http:\/\/tuerenberlin.de\/tuerenfachmann\/?page_id=259"},"modified":"2017-05-03T12:38:32","modified_gmt":"2017-05-03T10:38:32","slug":"klassische-tueren","status":"publish","type":"page","link":"https:\/\/tuerenberlin.de\/tuerenfachmann\/produkte\/produkt-2\/klassische-tueren\/","title":{"rendered":"Klassische T\u00fcren"},"content":{"rendered":"<p><img loading=\"lazy\" decoding=\"async\" src=\"http:\/\/tuerenberlin.de\/tuerenfachmann\/wp-content\/uploads\/2013\/12\/pax-riha.jpg\" alt=\"\" width=\"618\" height=\"385\" class=\"alignnone size-full wp-image-2652\" srcset=\"https:\/\/tuerenberlin.de\/tuerenfachmann\/wp-content\/uploads\/2013\/12\/pax-riha.jpg 618w, https:\/\/tuerenberlin.de\/tuerenfachmann\/wp-content\/uploads\/2013\/12\/pax-riha-300x187.jpg 300w\" sizes=\"(max-width: 618px) 100vw, 618px\" \/><\/p>\n<p>Viele historische H\u00e4user haben sehr sch\u00f6ne Wohnungseingangst\u00fcren, die jedoch nicht gegen Einbr\u00fcche gesch\u00fctzt sind. Eine Nachr\u00fcstung mit aufgeschraubten Beschl\u00e4gen ist keine L\u00f6sung, da sie das urspr\u00fcngliche T\u00fcrbild zerst\u00f6rt. Wenn Sie das Design erhalten, aber auf wirksamen Ein- bruchschutz nicht l\u00e4nger verzichten m\u00f6chten, dann bietet Ihnen die neue einbruchhemmende Wohnungseingangst\u00fcr die perfekte Kombination. Sie w\u00e4hlen zu der passenden Bauform und Widerstandsklasse einen unserer historisierenden Zierrahmen oder einfach das urspr\u00fcngliche T\u00fcrbild als Spezialanfertigung.<\/p>\n<p>Die T\u00fcre pa\u00dft sich an Ihre Gestaltungsw\u00fcnsche an. Die Grundkonstruktion der Sicherheitst\u00fcr kann durch das Aufbringen einer zus\u00e4tzlichen Dekorebene mit eingelegten oder aufgesetzten profilierten Holzleisten nahezu jedes vorhandene T\u00fcrdesign nachbilden. Dies gilt auch f\u00fcr denkmalgerechte Rekonstruktionen von historischen Wohnungseingangst\u00fcren.<\/p>\n<p>____________________________________________________________________________<br \/>\n<strong>Individualit\u00e4t ist unsere St\u00e4rke. Erleben Sie, was Service hei\u00dft!<\/strong><\/p>\n","protected":false},"excerpt":{"rendered":"<p>Viele historische H\u00e4user haben sehr sch\u00f6ne Wohnungseingangst\u00fcren, die jedoch nicht gegen Einbr\u00fcche gesch\u00fctzt sind. Eine Nachr\u00fcstung mit aufgeschraubten Beschl\u00e4gen ist keine L\u00f6sung, da sie das urspr\u00fcngliche T\u00fcrbild zerst\u00f6rt. Wenn Sie das Design erhalten, aber auf wirksamen Ein- bruchschutz nicht l\u00e4nger verzichten m\u00f6chten, dann bietet Ihnen die neue einbruchhemmende Wohnungseingangst\u00fcr die perfekte Kombination. Sie w\u00e4hlen zu [&hellip;]<\/p>\n","protected":false},"author":1,"featured_media":0,"parent":20,"menu_order":0,"comment_status":"open","ping_status":"open","template":"","meta":{"footnotes":""},"class_list":["post-259","page","type-page","status-publish","hentry"],"_links":{"self":[{"href":"https:\/\/tuerenberlin.de\/tuerenfachmann\/wp-json\/wp\/v2\/pages\/259"}],"collection":[{"href":"https:\/\/tuerenberlin.de\/tuerenfachmann\/wp-json\/wp\/v2\/pages"}],"about":[{"href":"https:\/\/tuerenberlin.de\/tuerenfachmann\/wp-json\/wp\/v2\/types\/page"}],"author":[{"embeddable":true,"href":"https:\/\/tuerenberlin.de\/tuerenfachmann\/wp-json\/wp\/v2\/users\/1"}],"replies":[{"embeddable":true,"href":"https:\/\/tuerenberlin.de\/tuerenfachmann\/wp-json\/wp\/v2\/comments?post=259"}],"version-history":[{"count":27,"href":"https:\/\/tuerenberlin.de\/tuerenfachmann\/wp-json\/wp\/v2\/pages\/259\/revisions"}],"predecessor-version":[{"id":2656,"href":"https:\/\/tuerenberlin.de\/tuerenfachmann\/wp-json\/wp\/v2\/pages\/259\/revisions\/2656"}],"up":[{"embeddable":true,"href":"https:\/\/tuerenberlin.de\/tuerenfachmann\/wp-json\/wp\/v2\/pages\/20"}],"wp:attachment":[{"href":"https:\/\/tuerenberlin.de\/tuerenfachmann\/wp-json\/wp\/v2\/media?parent=259"}],"curies":[{"name":"wp","href":"https:\/\/api.w.org\/{rel}","templated":true}]}}