{"id":254,"date":"2013-12-12T12:25:57","date_gmt":"2013-12-12T10:25:57","guid":{"rendered":"http:\/\/tuerenberlin.de\/tuerenfachmann\/?page_id=254"},"modified":"2024-06-19T10:59:55","modified_gmt":"2024-06-19T08:59:55","slug":"aluminium","status":"publish","type":"page","link":"https:\/\/tuerenberlin.de\/tuerenfachmann\/produkte\/produkt-1\/aluminium\/","title":{"rendered":"Aluminiumhaust\u00fcren"},"content":{"rendered":"<figure id=\"attachment_1715\" aria-describedby=\"caption-attachment-1715\" style=\"width: 628px\" class=\"wp-caption alignnone\"><img loading=\"lazy\" decoding=\"async\" src=\"http:\/\/tuerenberlin.de\/tuerenfachmann\/wp-content\/uploads\/2013\/12\/Pax03.jpg\" alt=\"Alu-Haust\u00fcr\" width=\"628\" height=\"285\" class=\"size-full wp-image-1715\" srcset=\"https:\/\/tuerenberlin.de\/tuerenfachmann\/wp-content\/uploads\/2013\/12\/Pax03.jpg 628w, https:\/\/tuerenberlin.de\/tuerenfachmann\/wp-content\/uploads\/2013\/12\/Pax03-300x136.jpg 300w\" sizes=\"(max-width: 628px) 100vw, 628px\" \/><figcaption id=\"caption-attachment-1715\" class=\"wp-caption-text\">Alu-Haust\u00fcren sind robust und \u00e4sthetisch.<\/figcaption><\/figure>\n<p>Aluminiumhaust\u00fcren halten fast alles aus. Sie sind besonders f\u00fcr viel frequentierte Eingangsbereiche geeignet und so konstruiert, dass sie auch bei extremen Wetterverh\u00e4ltnissen eine hervorragende W\u00e4rmed\u00e4mmung bieten. Thermisch getrennte Alu-Profile verhindern ein Verziehen und die \u00dcbertragung der K\u00e4lte.<br \/>\n&nbsp;<br \/>\n<strong>Unbegrenzte Farbgestaltungsm\u00f6glichkeiten<br \/>\n<\/strong>Nutzen Sie nahezu unbegrenzte Farbgestaltungsm\u00f6glichkeiten und variantenreiche Ausf\u00fchrungen, bei einfacher Pflege und absoluter Wetterfestigkeit. Von dezent unauff\u00e4llig bis betont farbenfroh erlauben Aluminiumhaust\u00fcren jeden Gestaltungswunsch, egal ob Sie es trendig, zeitlos oder klassisch m\u00f6gen. \u00dcberzeugen Sie sich selbst.<br \/>\n&nbsp;<\/p>\n<p><iframe loading=\"lazy\" width=\"628\" height=\"575\" src=\"https:\/\/www.youtube.com\/embed\/yD7fc8FBjrU\" frameborder=\"0\" allowfullscreen><\/iframe><\/p>\n<p>________________________________________________________________________________<\/p>\n<p><strong>Informieren Sie sich \u00fcber unsere gro\u00dfe Auswahl an preiswerten und hochwertigen Haust\u00fcren verschiedener Systeme!<\/strong><\/p>\n","protected":false},"excerpt":{"rendered":"<p>Aluminiumhaust\u00fcren halten fast alles aus. Sie sind besonders f\u00fcr viel frequentierte Eingangsbereiche geeignet und so konstruiert, dass sie auch bei extremen Wetterverh\u00e4ltnissen eine hervorragende W\u00e4rmed\u00e4mmung bieten. Thermisch getrennte Alu-Profile verhindern ein Verziehen und die \u00dcbertragung der K\u00e4lte. &nbsp; Unbegrenzte Farbgestaltungsm\u00f6glichkeiten Nutzen Sie nahezu unbegrenzte Farbgestaltungsm\u00f6glichkeiten und variantenreiche Ausf\u00fchrungen, bei einfacher Pflege und absoluter Wetterfestigkeit. Von [&hellip;]<\/p>\n","protected":false},"author":1,"featured_media":0,"parent":18,"menu_order":0,"comment_status":"closed","ping_status":"open","template":"","meta":{"footnotes":""},"class_list":["post-254","page","type-page","status-publish","hentry"],"_links":{"self":[{"href":"https:\/\/tuerenberlin.de\/tuerenfachmann\/wp-json\/wp\/v2\/pages\/254"}],"collection":[{"href":"https:\/\/tuerenberlin.de\/tuerenfachmann\/wp-json\/wp\/v2\/pages"}],"about":[{"href":"https:\/\/tuerenberlin.de\/tuerenfachmann\/wp-json\/wp\/v2\/types\/page"}],"author":[{"embeddable":true,"href":"https:\/\/tuerenberlin.de\/tuerenfachmann\/wp-json\/wp\/v2\/users\/1"}],"replies":[{"embeddable":true,"href":"https:\/\/tuerenberlin.de\/tuerenfachmann\/wp-json\/wp\/v2\/comments?post=254"}],"version-history":[{"count":28,"href":"https:\/\/tuerenberlin.de\/tuerenfachmann\/wp-json\/wp\/v2\/pages\/254\/revisions"}],"predecessor-version":[{"id":2688,"href":"https:\/\/tuerenberlin.de\/tuerenfachmann\/wp-json\/wp\/v2\/pages\/254\/revisions\/2688"}],"up":[{"embeddable":true,"href":"https:\/\/tuerenberlin.de\/tuerenfachmann\/wp-json\/wp\/v2\/pages\/18"}],"wp:attachment":[{"href":"https:\/\/tuerenberlin.de\/tuerenfachmann\/wp-json\/wp\/v2\/media?parent=254"}],"curies":[{"name":"wp","href":"https:\/\/api.w.org\/{rel}","templated":true}]}}