{"id":250,"date":"2013-12-12T12:24:33","date_gmt":"2013-12-12T10:24:33","guid":{"rendered":"http:\/\/tuerenberlin.de\/tuerenfachmann\/?page_id=250"},"modified":"2014-09-23T13:30:41","modified_gmt":"2014-09-23T11:30:41","slug":"holz","status":"publish","type":"page","link":"https:\/\/tuerenberlin.de\/tuerenfachmann\/produkte\/produkt-1\/holz\/","title":{"rendered":"Massivholzhaust\u00fcren"},"content":{"rendered":"<figure id=\"attachment_1722\" aria-describedby=\"caption-attachment-1722\" style=\"width: 628px\" class=\"wp-caption alignnone\"><img loading=\"lazy\" decoding=\"async\" src=\"http:\/\/tuerenberlin.de\/tuerenfachmann\/wp-content\/uploads\/2013\/12\/Pax05.jpg\" alt=\"Massivholzhaust\u00fcr\" width=\"628\" height=\"285\" class=\"size-full wp-image-1722\" srcset=\"https:\/\/tuerenberlin.de\/tuerenfachmann\/wp-content\/uploads\/2013\/12\/Pax05.jpg 628w, https:\/\/tuerenberlin.de\/tuerenfachmann\/wp-content\/uploads\/2013\/12\/Pax05-300x136.jpg 300w\" sizes=\"(max-width: 628px) 100vw, 628px\" \/><figcaption id=\"caption-attachment-1722\" class=\"wp-caption-text\">Holz ist ein energiesparender, umweltfreundlicher Naturrohstoff<\/figcaption><\/figure>\n<p>Holz ist ein energiesparender, umweltfreundlicher Naturrohstoff mit einer \u00fcberzeugenden \u00d6kobilanz. Holz f\u00f6rdert zudem das Wohlbefinden durch gesundes Wohnklima und schafft eine behagliche Atmosph\u00e4re.<br \/>\n&nbsp;<br \/>\n<strong>Nat\u00fcrlich und individuell<\/strong><\/p>\n<p>Die Nat\u00fcrlichkeit des Materials macht jede T\u00fcr zu einem Unikat und unterstreicht damit die Individualit\u00e4t Ihres Lebensstils. Unsere umfangreiche Modellauswahl beim Naturmaterial Holz wird Sie \u00fcberzeugen. W\u00e4hlen Sie aus \u00fcber 325 Grundmodellen Ihre Wunscht\u00fcr. Jede T\u00fcr wird an Ihre Bed\u00fcrfnisse angepa\u00dft. Lassen Sie sich inspirieren. <strong>Wir informieren Sie gerne auch \u00fcber das FSI-Siegel und unsere einzigartige 10 Jahresgarantie auf die Oberfl\u00e4che.<\/strong><\/p>\n<p>_____________________________________________________________________________<br \/>\n<strong>Individualit\u00e4t ist unsere St\u00e4rke. Erleben Sie, was Service hei\u00dft!<\/strong><\/p>\n","protected":false},"excerpt":{"rendered":"<p>Holz ist ein energiesparender, umweltfreundlicher Naturrohstoff mit einer \u00fcberzeugenden \u00d6kobilanz. Holz f\u00f6rdert zudem das Wohlbefinden durch gesundes Wohnklima und schafft eine behagliche Atmosph\u00e4re. &nbsp; Nat\u00fcrlich und individuell Die Nat\u00fcrlichkeit des Materials macht jede T\u00fcr zu einem Unikat und unterstreicht damit die Individualit\u00e4t Ihres Lebensstils. Unsere umfangreiche Modellauswahl beim Naturmaterial Holz wird Sie \u00fcberzeugen. W\u00e4hlen Sie [&hellip;]<\/p>\n","protected":false},"author":1,"featured_media":0,"parent":18,"menu_order":0,"comment_status":"open","ping_status":"open","template":"","meta":{"footnotes":""},"class_list":["post-250","page","type-page","status-publish","hentry"],"_links":{"self":[{"href":"https:\/\/tuerenberlin.de\/tuerenfachmann\/wp-json\/wp\/v2\/pages\/250"}],"collection":[{"href":"https:\/\/tuerenberlin.de\/tuerenfachmann\/wp-json\/wp\/v2\/pages"}],"about":[{"href":"https:\/\/tuerenberlin.de\/tuerenfachmann\/wp-json\/wp\/v2\/types\/page"}],"author":[{"embeddable":true,"href":"https:\/\/tuerenberlin.de\/tuerenfachmann\/wp-json\/wp\/v2\/users\/1"}],"replies":[{"embeddable":true,"href":"https:\/\/tuerenberlin.de\/tuerenfachmann\/wp-json\/wp\/v2\/comments?post=250"}],"version-history":[{"count":33,"href":"https:\/\/tuerenberlin.de\/tuerenfachmann\/wp-json\/wp\/v2\/pages\/250\/revisions"}],"predecessor-version":[{"id":1822,"href":"https:\/\/tuerenberlin.de\/tuerenfachmann\/wp-json\/wp\/v2\/pages\/250\/revisions\/1822"}],"up":[{"embeddable":true,"href":"https:\/\/tuerenberlin.de\/tuerenfachmann\/wp-json\/wp\/v2\/pages\/18"}],"wp:attachment":[{"href":"https:\/\/tuerenberlin.de\/tuerenfachmann\/wp-json\/wp\/v2\/media?parent=250"}],"curies":[{"name":"wp","href":"https:\/\/api.w.org\/{rel}","templated":true}]}}