{"id":246,"date":"2013-12-12T09:20:29","date_gmt":"2013-12-12T07:20:29","guid":{"rendered":"http:\/\/tuerenberlin.de\/tuerenfachmann\/?page_id=246"},"modified":"2017-10-19T18:19:09","modified_gmt":"2017-10-19T16:19:09","slug":"pflegetips-fuer-tueren","status":"publish","type":"page","link":"https:\/\/tuerenberlin.de\/tuerenfachmann\/service\/pflegetips-fuer-tueren\/","title":{"rendered":"Pflegetips f\u00fcr T\u00fcren"},"content":{"rendered":"<p>Regelm\u00e4\u00dfige Reinigung und Pflege ist die Voraussetzung f\u00fcr den Erhalt Ihrer T\u00fcren. Neue T\u00fcren sind anspruchsvolle Gebrauchsg\u00fcter auf einem hohen technischen Stand. Sie brauchen sorgf\u00e4ltige Pflege und fachkundige Bedienung. Deshalb beachten Sie bitte diese Pflegeanleitung. Nur so ist gew\u00e4hrleistet, dass Sie viele Jahre Freude an Ihren T\u00fcren haben.<\/p>\n<p>&nbsp;<\/p>\n<p><strong>Einbau von Holz- und Holz-Aluminium-T\u00fcren<\/strong><br \/>\nBeim Einbau sollten Sie folgendes kontrollieren:<\/p>\n<ul>\n<li>Holzt\u00fcren ohne werksseitigen Schlussanstrich d\u00fcrfen nicht im Freien oder in R\u00e4umen mit hoher Luftfeuchtigkeit gelagert werden.<\/li>\n<li>Der Einbau darf nicht vor einer fachgerechten Anstrichbehandlung erfolgen. Es sollten ausschlie\u00dflich Versiegelungen verwendet werden, die diesem Material entsprechen. Bei allen Arbeiten, die ein Verschmutzen der T\u00fcrenelemente mit sich bringen, sind diese zu sch\u00fctzen.<\/li>\n<li>Anstrichvertr\u00e4gliche Klebeb\u00e4nder oder Folien sind unmittelbar nach Beendigung der Arbeiten vorsichtig zu entfernen, um Schwitzwasserbildung und Farbabrisse zu vermeiden.<\/li>\n<li>Vor der Anstrichbehandlung m\u00fcssen die Dichtungen entfernt werden.<\/li>\n<li>Kapillarfugen, die h\u00e4ufig bei bauseitigen Kopplungen zwischen einzelnen Elementen entstehen, sind unbedingt abzudecken (mit Deckleisten oder Absiegeln).<\/li>\n<li>S\u00e4mtliche Beschlagteile d\u00fcrfen aus Funktionsgr\u00fcnden nicht \u00fcberstrichen werden.<\/li>\n<li>Sp\u00e4testens 14 Tage nach Montage der T\u00fcren sollten Glasaufkleber vom Glas entfernt werden, da das Entfernen sp\u00e4ter evtl. sehr aufw\u00e4ndig ist.<\/li>\n<li>Aufgrund der oftmals hohen Baufeuchtigkeit ist ein regelm\u00e4\u00dfiges und sorgf\u00e4ltiges L\u00fcften unbedingt erforderlich.<\/li>\n<li>Bereits w\u00e4hrend der Bauphase empfiehlt sich, beschichtete T\u00fcren mit einem geeigneten Material abzukleben. Verwenden Sie jedoch ein geeignetes, UV-best\u00e4ndiges Klebeband, damit keine Oberfl\u00e4chensch\u00e4den entstehen (hierf\u00fcr \u00fcbernehmen wir keine Haftung). Fragen Sie uns am besten, welches Klebeband f\u00fcr diesen Zweck geeignet ist.<\/li>\n<\/ul>\n<p><strong><br \/>\nPflegeanleitung<\/strong><br \/>\n\u00d6len Sie alle beweglichen Teile regelm\u00e4\u00dfig. Verwenden Sie ausschlie\u00dflich s\u00e4ure- und harzfreies Fett oder \u00d6l. Oberfl\u00e4chliche Besch\u00e4digungen beseitigen Sie mit Hilfe eines passenden T\u00fcren-Lacks.<br \/>\nAu\u00dfenliegende Aluminiumfl\u00e4chen (z.B. bei Holz-Alu-T\u00fcren) sollten mindestens zweimal j\u00e4hrlich gereinigt werden. Verwenden Sie nur pH-neutrale Reinigungsmittel, die nicht scheuern oder kratzen und keine L\u00f6sungsmittel enthalten.<\/p>\n<p><strong>Haltbarkeit<\/strong><br \/>\nUm die Langlebigkeit moderner Holzt\u00fcren zu gew\u00e4hrleisten, nutzen Sie bitte Holzpflegebalsam. Er wird nach der Reinigung mit einem weichen, fusselfreien Lappen wie eine M\u00f6belpolitur aufgetragen und nachgewischt. Hierdurch wird der Untergrund schmutz- und wasserabweisend. Mit lediglich zwei Anwendungen pro Jahr erhalten Sie den Schutz und die Sch\u00f6nheit Ihrer Holzt\u00fcren \u00fcber viele Jahre.<\/p>\n<p>In Abh\u00e4ngigkeit von der Beanspruchung empfehlen wir die Haust\u00fcren gem\u00e4\u00df den Intervallen in nachstehender Tabelle zu kontrollieren und bei Besch\u00e4digungen einen Pflegeanstrich mit Lasur oder Hydro-Decklack aufzubringen. In diesem Zusammenhang sind insbesondere die unteren Querbereiche und Regenabl\u00e4ufschr\u00e4gen zu kontrollieren.<br \/>\nF\u00fcr Holzt\u00fcren mit 10 Jahren Garantie auf die Oberfl\u00e4che gilt die Pflegeanleitung von Remmers. Den kompletten Remmers-Leifaden zur Werterhaltung Ihrer T\u00fcren finden Sie auf <a title=\"Pax\" href=\"http:\/\/www.pax.de\" target=\"_blank\">www.pax.de<\/a> unter &#8222;Produkte, Holzfenster, 10 Jahresgarantie&#8220;.<\/p>\n<figure id=\"attachment_1243\" aria-describedby=\"caption-attachment-1243\" style=\"width: 977px\" class=\"wp-caption alignnone\"><img loading=\"lazy\" decoding=\"async\" class=\"size-full wp-image-1243\" src=\"http:\/\/tuerenberlin.de\/tuerenfachmann\/wp-content\/uploads\/2013\/12\/pflegetabelle.jpg\" alt=\"Wartungs- und Pflegeintervalle f\u00fcr T\u00fcren\" width=\"977\" height=\"658\" srcset=\"https:\/\/tuerenberlin.de\/tuerenfachmann\/wp-content\/uploads\/2013\/12\/pflegetabelle.jpg 977w, https:\/\/tuerenberlin.de\/tuerenfachmann\/wp-content\/uploads\/2013\/12\/pflegetabelle-300x202.jpg 300w, https:\/\/tuerenberlin.de\/tuerenfachmann\/wp-content\/uploads\/2013\/12\/pflegetabelle-120x80.jpg 120w\" sizes=\"(max-width: 977px) 100vw, 977px\" \/><figcaption id=\"caption-attachment-1243\" class=\"wp-caption-text\">Wartungs- und Pflegeintervalle f\u00fcr T\u00fcren<\/figcaption><\/figure>\n<p><strong>Glas<\/strong><br \/>\nSollten Sie Haust\u00fcren mit Glaselementen bestellt haben und die Haust\u00fcren ohne Glas erhalten, ist die Gew\u00e4hrleistung in Bezug auf Dichtigkeit und Funktionsf\u00e4higkeit eingeschr\u00e4nkt, da keine werksseitige Funktionspr\u00fcfung der Elemente ohne Verglasung vorgenommen werden kann. Bauseitige Versiegelung sollte mit einem acrylvertr\u00e4glichen Dichtstoff erfolgen. Unverglaste Elemente d\u00fcrfen nicht der Witterung ausgesetzt werden. Hierf\u00fcr lehnen wir jede Gew\u00e4hrleistung ab.<\/p>\n<p>Die T\u00fcren erhalten immer eine Versiegelungsnaht von au\u00dfen und innen, nach den geltenden Verglasungsrichtlinien des Institut der Fenstertechnik in Rosenheim (IFT). Die Versiegelung darf nur mit Wasser oder sanften Putzmitteln gereinigt werden, vermeiden Sie Reiben und Rubbeln. Scharfe Putzmittel greifen die Versiegelung an und besch\u00e4digen sie. Glas reinigt man am besten mit klarem, warmen Wasser und einem guten Fensterleder.<\/p>\n<p><strong>Die Beschlagwartung<\/strong><br \/>\nDie Lebensdauer Ihrer T\u00fcren wird durch regelm\u00e4\u00dfiges Reinigung und Wartung der Beschl\u00e4ge verl\u00e4ngert. Die beweglichen<br \/>\nTeile und die Verschlussstellen der Beschl\u00e4ge sind bei Bedarf mit Reinigungs- und Pflegemitteln, die den Korrosionsschutz der Metallteile nicht beeintr\u00e4chtigen, zu reinigen. Eine sorgf\u00e4ltiger Kontrolle der Beschlagteile auf festen Sitz und Verschlei\u00df sollte bei der Wartung ebenfalls vorgenommen werden. Falls n\u00f6tig, sind die Befestigungsschrauben nachzuziehen bzw. nicht einwandfreie Teile zu erneuern. Alle beweglichen Teile sollten zur Funktionserhaltung einmal j\u00e4hrlich nach vorgegebener Wartungsanleitung ge\u00f6lt und gefettet werden. Eine eventuelle Schwerg\u00e4ngigkeit zeigt Ihnen die Notwendigkeit dieser Wartung an. Bitte beachten Sie, dass s\u00e4mtliche Beschlagteile aus Funktionsgr\u00fcnden nicht \u00fcberstrichen werden d\u00fcrfen. Sprechen Sie uns zu einem Wartungsvertrag an.<\/p>\n<p><strong>Richtiges L\u00fcften beugt vor und ist gesund<\/strong><br \/>\nUnter bestimmten Klimaverh\u00e4ltnissen k\u00f6nnen sowohl Glas als auch andere Bauteile \u201eschwitzen\u201c. Der Grund liegt darin, dass warme Luft wesentlich mehr Feuchtigkeit aufnehmen kann als kalte Luft. Das Zusammentreffen der warmen Luft mit einer k\u00fchlen Oberfl\u00e4che f\u00fchrt zu Schwitzwasser in der Feuchtigkeitsmenge, die von der Luft nicht mehr aufgenommen werden kann. Richtiges L\u00fcften verhindert Schwitzwasser!<\/p>\n<p>Regelm\u00e4\u00dfiges L\u00fcften der Innenr\u00e4ume verhindert hohe Luftfeuchtigkeit und damit Folgen wie Stockflecken in den Raumecken, Schimmel an den Decken, W\u00e4nden, an den Fenstern und hinter den M\u00f6beln. Die Feuchtigkeit verursacht auf Dauer Sch\u00e4den an der Bausubstanz und ist oft die Ursache f\u00fcr gesundheitliche Probleme. Das L\u00fcften erh\u00f6ht dar\u00fcber hinaus die Lebensdauer von Anstrichen, Beschichtungen, Tapeten, Decken- und Wandverkleidungen, Fu\u00dfbodenbel\u00e4gen sowie der Einrichtungsgegenst\u00e4nde und Gardinen.<\/p>\n<p><strong>Sto\u00dfl\u00fcften <\/strong><br \/>\nMorgens l\u00fcften Sie alle R\u00e4ume 10 bis 15 Minuten, Tags\u00fcber je nach Nutzung noch (drei- bis viermal) f\u00fcr jeweils 5 Minuten. Dabei stellen Sie die Heizung ab und \u00f6ffnen die Fenster weit. Das ist effektiver und energiesparender als st\u00e4ndig gekippte Fenster. Die trockene und sauerstoffreiche Luft von drau\u00dfen erw\u00e4rmt sich schneller und Ihre Heizung sorgt kurzfristig wieder f\u00fcr Behaglichkeit.<\/p>\n<p><strong>Gew\u00e4hrleistung<\/strong><br \/>\nGem\u00e4\u00df den Empfehlungen des Institutes in Rosenheim sowie den Richtlinien der RAL &#8211; G\u00fctegemeinschaft \u00fcbernehmen wir die Gew\u00e4hrleistung f\u00fcr einwandfreie Beschaffenheit der verwendeten Materialien, f\u00fcr technisch richtige Verarbeitung und f\u00fcr einwandfreie Funktion der Produkte. Voraussetzung f\u00fcr eine Gew\u00e4hrleistung ist die Beachtung der o.g. Punkte.<\/p>\n<p><strong>Anmerkung zu Material- und Farbunterschieden<\/strong><br \/>\nAuch bei lamellierten Haust\u00fcren aus Nadelholz setzen sich die Jahresringe je nach Schnitt in der Oberfl\u00e4che unterschiedlich ab. Das hat keinen negativen Einfluss auf die Holzqualit\u00e4t. Im Gegenteil, die Kanteln haben ein ausgesprochen hohes Stehverm\u00f6gen.<br \/>\nF\u00fcllungen der Kassetten der Haust\u00fcren werden grunds\u00e4tzlich aus hochwertigen Furnieren hergestellt. Daher treten evtl. Farbunterschiede auf.<\/p>\n<p><strong>Bitte beachten Sie, dass wir f\u00fcr unsachgem\u00e4\u00dfe Behandlung keine Haftung \u00fcbernehmen<\/strong><\/p>\n<ul>\n \u00b7 falsche Lagerung<br \/>\n \u00b7 kein fachgerechter Einbau<br \/>\n \u00b7 unsachgem\u00e4\u00dfe Bedienung<br \/>\n \u00b7 Reinigung mit ungeeigneten Hilfsmitteln<br \/>\n \u00b7 unzureichende, falsche Wartung oder L\u00fcftung<br \/>\n \u00b7 keine fachgerechte Ausbesserung der Oberfl\u00e4chen <\/ul>\n<p><a href=\"#\" title=\"Hoch zum Seitenanfang\"><br \/>\n&#8230; hoch zum Seitenanfang<\/a><\/p>\n","protected":false},"excerpt":{"rendered":"<p>Regelm\u00e4\u00dfige Reinigung und Pflege ist die Voraussetzung f\u00fcr den Erhalt Ihrer T\u00fcren. Neue T\u00fcren sind anspruchsvolle Gebrauchsg\u00fcter auf einem hohen technischen Stand. Sie brauchen sorgf\u00e4ltige Pflege und fachkundige Bedienung. Deshalb beachten Sie bitte diese Pflegeanleitung. Nur so ist gew\u00e4hrleistet, dass Sie viele Jahre Freude an Ihren T\u00fcren haben. &nbsp; Einbau von Holz- und Holz-Aluminium-T\u00fcren Beim [&hellip;]<\/p>\n","protected":false},"author":1,"featured_media":0,"parent":7,"menu_order":0,"comment_status":"open","ping_status":"open","template":"","meta":{"footnotes":""},"class_list":["post-246","page","type-page","status-publish","hentry"],"_links":{"self":[{"href":"https:\/\/tuerenberlin.de\/tuerenfachmann\/wp-json\/wp\/v2\/pages\/246"}],"collection":[{"href":"https:\/\/tuerenberlin.de\/tuerenfachmann\/wp-json\/wp\/v2\/pages"}],"about":[{"href":"https:\/\/tuerenberlin.de\/tuerenfachmann\/wp-json\/wp\/v2\/types\/page"}],"author":[{"embeddable":true,"href":"https:\/\/tuerenberlin.de\/tuerenfachmann\/wp-json\/wp\/v2\/users\/1"}],"replies":[{"embeddable":true,"href":"https:\/\/tuerenberlin.de\/tuerenfachmann\/wp-json\/wp\/v2\/comments?post=246"}],"version-history":[{"count":44,"href":"https:\/\/tuerenberlin.de\/tuerenfachmann\/wp-json\/wp\/v2\/pages\/246\/revisions"}],"predecessor-version":[{"id":2698,"href":"https:\/\/tuerenberlin.de\/tuerenfachmann\/wp-json\/wp\/v2\/pages\/246\/revisions\/2698"}],"up":[{"embeddable":true,"href":"https:\/\/tuerenberlin.de\/tuerenfachmann\/wp-json\/wp\/v2\/pages\/7"}],"wp:attachment":[{"href":"https:\/\/tuerenberlin.de\/tuerenfachmann\/wp-json\/wp\/v2\/media?parent=246"}],"curies":[{"name":"wp","href":"https:\/\/api.w.org\/{rel}","templated":true}]}}