{"id":22,"date":"2013-09-17T13:50:27","date_gmt":"2013-09-17T11:50:27","guid":{"rendered":"http:\/\/tuerenberlin.de\/tuerenfachmann\/?page_id=22"},"modified":"2014-08-21T17:42:21","modified_gmt":"2014-08-21T15:42:21","slug":"produkt-3","status":"publish","type":"page","link":"https:\/\/tuerenberlin.de\/tuerenfachmann\/produkte\/produkt-3\/","title":{"rendered":"Zimmert\u00fcren"},"content":{"rendered":"<figure id=\"attachment_1731\" aria-describedby=\"caption-attachment-1731\" style=\"width: 628px\" class=\"wp-caption alignnone\"><img loading=\"lazy\" decoding=\"async\" src=\"http:\/\/tuerenberlin.de\/tuerenfachmann\/wp-content\/uploads\/2013\/09\/moralt01.jpg\" alt=\"Zimmert\u00fcren\" width=\"628\" height=\"285\" class=\"size-full wp-image-1731\" srcset=\"https:\/\/tuerenberlin.de\/tuerenfachmann\/wp-content\/uploads\/2013\/09\/moralt01.jpg 628w, https:\/\/tuerenberlin.de\/tuerenfachmann\/wp-content\/uploads\/2013\/09\/moralt01-300x136.jpg 300w\" sizes=\"(max-width: 628px) 100vw, 628px\" \/><figcaption id=\"caption-attachment-1731\" class=\"wp-caption-text\">W\u00e4hlen Sie aus einem gro\u00dfen Angebot an Design- und Material.<\/figcaption><\/figure>\n<p>Zimmert\u00fcren sind ein wesentlicher Bestandteil der Wohnarchitektur. Sie m\u00fcssen optisch und funktional mit Ihrem Wohnraum und Ihrem Bedarf harmonieren.<\/p>\n<p>W\u00e4hlen Sie aus einem gro\u00dfen Angebot an Design- und Materialkombinationen bei Zimmert\u00fcren: <a href=\"http:?page_id=489\" title=\"Massivholzt\u00fcren\">Massivholz<\/a>, <a href=\"http:?page_id=927\" title=\"Furniert\u00fcren\">Furnier<\/a>, <a href=\"http:?page_id=925\" title=\"Wei\u00dfe T\u00fcren\">Wei\u00dfe T\u00fcren<\/a>, <a href=\"http:?page_id=929\" title=\"Glanzt\u00fcren\">Glanzt\u00fcren<\/a>, <a href=\"http:?page_id=486\" title=\"Glast\u00fcren\">Glast\u00fcren<\/a>, <a href=\"http:?page_id=271\" title=\"Schiebt\u00fcrsysteme\">Schiebet\u00fcrsysteme<\/a>, <a href=\"http:?page_id=933\" title=\"Loft\">Loft-T\u00fcren<\/a><\/p>\n<p><strong>Kunststofft\u00fcren<\/strong><br \/>\nWei\u00dflack Stilt\u00fcren mit Kassettenform oder Designt\u00fcren in Wei\u00dflack sind \u00e4sthetische Highlights und warten mit einem breiten Spektrum an Variationsm\u00f6glichkeiten auf.<br \/>\n&nbsp;<br \/>\n<strong>Echtholz oder echhtholzfurnierte T\u00fcren<\/strong><br \/>\nEchtholz oder echhtholzfurnierte T\u00fcren \u00fcberzeugen durch ihren nat\u00fcrlichen Charakter. Die Kombination mit Glas macht Holz-Glast\u00fcren zu exklusiven M\u00f6belst\u00fccken, die sich harmonisch und stilgerecht in jeden Wohnbereich integrieren lassen.<br \/>\n&nbsp;<br \/>\n<strong>Glast\u00fcren<\/strong><br \/>\nGlast\u00fcr bestechen durch Ihre Eleganz. Sie lassen Licht in die R\u00e4ume und erzeugen ein gro\u00dfz\u00fcgiges Wohngef\u00fchl. Entscheiden Sie, was am besten pa\u00dft. Wir beraten Sie zu Standardt\u00fcren, Ma\u00dfanfertigungen, Schiebet\u00fcren, T\u00fcren in \u00dcbergr\u00f6\u00dfen und auch Wohnungseingangst\u00fcren sowie T\u00fcren mit Seitenteil und Oberlicht.<\/p>\n<p>________________________________________________________________________<br \/>\n<strong>Lassen Sie sich beraten! Erleben Sie, was Service hei\u00dft!<\/strong><\/p>\n","protected":false},"excerpt":{"rendered":"<p>Zimmert\u00fcren sind ein wesentlicher Bestandteil der Wohnarchitektur. Sie m\u00fcssen optisch und funktional mit Ihrem Wohnraum und Ihrem Bedarf harmonieren. W\u00e4hlen Sie aus einem gro\u00dfen Angebot an Design- und Materialkombinationen bei Zimmert\u00fcren: Massivholz, Furnier, Wei\u00dfe T\u00fcren, Glanzt\u00fcren, Glast\u00fcren, Schiebet\u00fcrsysteme, Loft-T\u00fcren Kunststofft\u00fcren Wei\u00dflack Stilt\u00fcren mit Kassettenform oder Designt\u00fcren in Wei\u00dflack sind \u00e4sthetische Highlights und warten mit einem [&hellip;]<\/p>\n","protected":false},"author":1,"featured_media":0,"parent":5,"menu_order":0,"comment_status":"open","ping_status":"open","template":"","meta":{"footnotes":""},"class_list":["post-22","page","type-page","status-publish","hentry"],"_links":{"self":[{"href":"https:\/\/tuerenberlin.de\/tuerenfachmann\/wp-json\/wp\/v2\/pages\/22"}],"collection":[{"href":"https:\/\/tuerenberlin.de\/tuerenfachmann\/wp-json\/wp\/v2\/pages"}],"about":[{"href":"https:\/\/tuerenberlin.de\/tuerenfachmann\/wp-json\/wp\/v2\/types\/page"}],"author":[{"embeddable":true,"href":"https:\/\/tuerenberlin.de\/tuerenfachmann\/wp-json\/wp\/v2\/users\/1"}],"replies":[{"embeddable":true,"href":"https:\/\/tuerenberlin.de\/tuerenfachmann\/wp-json\/wp\/v2\/comments?post=22"}],"version-history":[{"count":27,"href":"https:\/\/tuerenberlin.de\/tuerenfachmann\/wp-json\/wp\/v2\/pages\/22\/revisions"}],"predecessor-version":[{"id":1732,"href":"https:\/\/tuerenberlin.de\/tuerenfachmann\/wp-json\/wp\/v2\/pages\/22\/revisions\/1732"}],"up":[{"embeddable":true,"href":"https:\/\/tuerenberlin.de\/tuerenfachmann\/wp-json\/wp\/v2\/pages\/5"}],"wp:attachment":[{"href":"https:\/\/tuerenberlin.de\/tuerenfachmann\/wp-json\/wp\/v2\/media?parent=22"}],"curies":[{"name":"wp","href":"https:\/\/api.w.org\/{rel}","templated":true}]}}