{"id":2132,"date":"2016-11-30T19:21:44","date_gmt":"2016-11-30T17:21:44","guid":{"rendered":"http:\/\/tuerenberlin.de\/tuerenfachmann\/?page_id=2132"},"modified":"2016-12-05T12:30:40","modified_gmt":"2016-12-05T10:30:40","slug":"tu%cc%88rspione","status":"publish","type":"page","link":"https:\/\/tuerenberlin.de\/tuerenfachmann\/tu%cc%88rspione\/","title":{"rendered":"T\u00fcrspione"},"content":{"rendered":"<p>Der konventionelle T\u00fcrspion hat im 21. Jahrhundert ausgedient. Moderne T\u00fcren bieten digitale L\u00f6sungen. Der im Griff integrierte T\u00fcrspion (batteriebetrieben) ist auf den ersten Blick nicht zu erkennen und liefert ein gestochen scharfes Bild auf den Monitor, der entweder von innen auf die T\u00fcr aufgesetzt oder fl\u00e4chenintegriert eingebaut ist.<br \/>\n<a href=\"http:\/\/tuerenberlin.de\/tuerenfachmann\/sicherheit-zu-hause\/\">Lesen Sie mehr zum Thema Sicherheit hier &#8230;<\/a><br \/>\n<img loading=\"lazy\" decoding=\"async\" src=\"http:\/\/tuerenberlin.de\/tuerenfachmann\/wp-content\/uploads\/2016\/11\/tuerspion.jpg\" alt=\"tuerspion\" width=\"628\" height=\"487\" class=\"alignnone size-full wp-image-2133\" srcset=\"https:\/\/tuerenberlin.de\/tuerenfachmann\/wp-content\/uploads\/2016\/11\/tuerspion.jpg 628w, https:\/\/tuerenberlin.de\/tuerenfachmann\/wp-content\/uploads\/2016\/11\/tuerspion-300x233.jpg 300w, https:\/\/tuerenberlin.de\/tuerenfachmann\/wp-content\/uploads\/2016\/11\/tuerspion-180x140.jpg 180w\" sizes=\"(max-width: 628px) 100vw, 628px\" \/><\/p>\n","protected":false},"excerpt":{"rendered":"<p>Der konventionelle T\u00fcrspion hat im 21. Jahrhundert ausgedient. Moderne T\u00fcren bieten digitale L\u00f6sungen. Der im Griff integrierte T\u00fcrspion (batteriebetrieben) ist auf den ersten Blick nicht zu erkennen und liefert ein gestochen scharfes Bild auf den Monitor, der entweder von innen auf die T\u00fcr aufgesetzt oder fl\u00e4chenintegriert eingebaut ist. Lesen Sie mehr zum Thema Sicherheit hier [&hellip;]<\/p>\n","protected":false},"author":1,"featured_media":0,"parent":0,"menu_order":0,"comment_status":"closed","ping_status":"closed","template":"","meta":{"footnotes":""},"class_list":["post-2132","page","type-page","status-publish","hentry"],"_links":{"self":[{"href":"https:\/\/tuerenberlin.de\/tuerenfachmann\/wp-json\/wp\/v2\/pages\/2132"}],"collection":[{"href":"https:\/\/tuerenberlin.de\/tuerenfachmann\/wp-json\/wp\/v2\/pages"}],"about":[{"href":"https:\/\/tuerenberlin.de\/tuerenfachmann\/wp-json\/wp\/v2\/types\/page"}],"author":[{"embeddable":true,"href":"https:\/\/tuerenberlin.de\/tuerenfachmann\/wp-json\/wp\/v2\/users\/1"}],"replies":[{"embeddable":true,"href":"https:\/\/tuerenberlin.de\/tuerenfachmann\/wp-json\/wp\/v2\/comments?post=2132"}],"version-history":[{"count":5,"href":"https:\/\/tuerenberlin.de\/tuerenfachmann\/wp-json\/wp\/v2\/pages\/2132\/revisions"}],"predecessor-version":[{"id":2171,"href":"https:\/\/tuerenberlin.de\/tuerenfachmann\/wp-json\/wp\/v2\/pages\/2132\/revisions\/2171"}],"wp:attachment":[{"href":"https:\/\/tuerenberlin.de\/tuerenfachmann\/wp-json\/wp\/v2\/media?parent=2132"}],"curies":[{"name":"wp","href":"https:\/\/api.w.org\/{rel}","templated":true}]}}