{"id":2084,"date":"2016-11-28T19:43:12","date_gmt":"2016-11-28T17:43:12","guid":{"rendered":"http:\/\/tuerenberlin.de\/tuerenfachmann\/?page_id=2084"},"modified":"2016-11-28T19:54:49","modified_gmt":"2016-11-28T17:54:49","slug":"waermeschutztuer-070-wm2k","status":"publish","type":"page","link":"https:\/\/tuerenberlin.de\/tuerenfachmann\/waermeschutztuer-070-wm2k\/","title":{"rendered":"W\u00e4rmeschutzt\u00fcr 0,70 W\/(m2K)"},"content":{"rendered":"<p><img loading=\"lazy\" decoding=\"async\" src=\"http:\/\/tuerenberlin.de\/tuerenfachmann\/wp-content\/uploads\/2016\/11\/waermedaemmung1.jpg\" alt=\"waermedaemmung1\" width=\"628\" height=\"415\" class=\"alignnone size-full wp-image-2085\" srcset=\"https:\/\/tuerenberlin.de\/tuerenfachmann\/wp-content\/uploads\/2016\/11\/waermedaemmung1.jpg 628w, https:\/\/tuerenberlin.de\/tuerenfachmann\/wp-content\/uploads\/2016\/11\/waermedaemmung1-300x198.jpg 300w, https:\/\/tuerenberlin.de\/tuerenfachmann\/wp-content\/uploads\/2016\/11\/waermedaemmung1-120x80.jpg 120w\" sizes=\"(max-width: 628px) 100vw, 628px\" \/><\/p>\n<p>A.) Die thermische Entkopplung ist gleich doppelt raffiniert, weil sie den W\u00e4rmeschutz verbessert und die Konstruktion vor Verformung sch\u00fctzt. <\/p>\n<p>B.) Bis in den letzten Winkel hervorragend ged\u00e4mmt: Die innenliegenden Kammern sind zum gr\u00f6\u00dften Teil mit hochwirksamen D\u00e4mmstoffen versehen. Das Profil ist insgesamt 87 mm tief.<\/p>\n<p>C.) Die vier Dichtungsebenen erg\u00e4nzen sich. Die beiden \u00e4u\u00dferen Gummilippen schlie\u00dfen die L\u00fccke zwischen Rahmen und Fl\u00fcgel. Die beiden inneren Dichtungen sorgen daf\u00fcr, dass sich ein isolierendes Luftpolster bildet.<\/p>\n<p>Mit gerade einmal 0,70 W\/(m2K) bleibt im Winter die K\u00e4lte und im Sommer die W\u00e4rme drau\u00dfen. Grund f\u00fcr diese enorme W\u00e4rmed\u00e4mmung sind das ausgefeilte Mehrkammer-System von T\u00fcrfl\u00fcgel und Rahmen, die umlaufenden Dichtungen und eine thermische Trennung innerhalb der T\u00fcr. Vorder- und R\u00fcckseite sind voneinander abgekoppelt. Vier Dichtungsebenen sorgen daf\u00fcr, dass der Spalt zwischen Fl\u00fcgel und Rahmen im geschlossenen Zustand wirklich dicht bleibt. Die \u00e4u\u00dferen Gummilippen halten die Zugluft ab, die beiden inneren Dichtungen bilden ein Luftpolster aus, das somit zu einer effektiven Isolierschicht wird.<\/p>\n<hr>\n<p>Die KfW f\u00f6rdert Haust\u00fcren mit zinsg\u00fcnstigen Krediten, wenn sie mindestens einen W\u00e4rmedurchgangskoeffizienten von 1,3 W\/(m2K) aufweisen; 10% F\u00f6rderbetrag bei energetischer Sanierung von Wohngeb\u00e4uden, deren Bauantrag vor 2002 gestellt wurde.<\/p>\n","protected":false},"excerpt":{"rendered":"<p>A.) Die thermische Entkopplung ist gleich doppelt raffiniert, weil sie den W\u00e4rmeschutz verbessert und die Konstruktion vor Verformung sch\u00fctzt. B.) Bis in den letzten Winkel hervorragend ged\u00e4mmt: Die innenliegenden Kammern sind zum gr\u00f6\u00dften Teil mit hochwirksamen D\u00e4mmstoffen versehen. Das Profil ist insgesamt 87 mm tief. C.) Die vier Dichtungsebenen erg\u00e4nzen sich. Die beiden \u00e4u\u00dferen Gummilippen [&hellip;]<\/p>\n","protected":false},"author":1,"featured_media":0,"parent":0,"menu_order":0,"comment_status":"closed","ping_status":"closed","template":"","meta":{"footnotes":""},"class_list":["post-2084","page","type-page","status-publish","hentry"],"_links":{"self":[{"href":"https:\/\/tuerenberlin.de\/tuerenfachmann\/wp-json\/wp\/v2\/pages\/2084"}],"collection":[{"href":"https:\/\/tuerenberlin.de\/tuerenfachmann\/wp-json\/wp\/v2\/pages"}],"about":[{"href":"https:\/\/tuerenberlin.de\/tuerenfachmann\/wp-json\/wp\/v2\/types\/page"}],"author":[{"embeddable":true,"href":"https:\/\/tuerenberlin.de\/tuerenfachmann\/wp-json\/wp\/v2\/users\/1"}],"replies":[{"embeddable":true,"href":"https:\/\/tuerenberlin.de\/tuerenfachmann\/wp-json\/wp\/v2\/comments?post=2084"}],"version-history":[{"count":4,"href":"https:\/\/tuerenberlin.de\/tuerenfachmann\/wp-json\/wp\/v2\/pages\/2084\/revisions"}],"predecessor-version":[{"id":2093,"href":"https:\/\/tuerenberlin.de\/tuerenfachmann\/wp-json\/wp\/v2\/pages\/2084\/revisions\/2093"}],"wp:attachment":[{"href":"https:\/\/tuerenberlin.de\/tuerenfachmann\/wp-json\/wp\/v2\/media?parent=2084"}],"curies":[{"name":"wp","href":"https:\/\/api.w.org\/{rel}","templated":true}]}}