{"id":2077,"date":"2016-11-28T19:18:07","date_gmt":"2016-11-28T17:18:07","guid":{"rendered":"http:\/\/tuerenberlin.de\/tuerenfachmann\/?page_id=2077"},"modified":"2017-01-26T18:36:11","modified_gmt":"2017-01-26T16:36:11","slug":"enev-klimaschutz","status":"publish","type":"page","link":"https:\/\/tuerenberlin.de\/tuerenfachmann\/enev-klimaschutz\/","title":{"rendered":"EnEV &#038; Klimaschutz"},"content":{"rendered":"<p>Die Energieeinsparverordnung (EnEV) stellt ein wichtiges Instrument der deutschen Energie- und Klimaschutzpolitik dar. Sie soll dazu beitragen, dass die energiepolitischen Ziele der Bundesregierung, insbesondere ein nahezu klimaneutraler Geb\u00e4udebestand bis zum Jahr 2050, erreicht werden.<\/p>\n<p>Die EnEV schreibt Bauherren bautechnische Standardanforderungen zum effizienten Betriebsenergiebedarf ihres Geb\u00e4udes oder Bauprojektes vor. Sie gilt f\u00fcr Wohngeb\u00e4ude, B\u00fcrogeb\u00e4ude und gewisse Betriebsgeb\u00e4ude. Beschr\u00e4nkt wird der erlaubte Prim\u00e4renergiebedarf zum Heizen, Wassererw\u00e4rmen, L\u00fcften und bei Nichtwohnbauten auch zum Beleuchten. Parallel dazu begrenzt die EnEV den zugelassenen W\u00e4rmeverlust durch die Bauh\u00fclle.<\/p>\n<p>Seit Mai 2014 ist die aktuelle EnEV 2014 in Kraft. Sie hat seit dem 1. Januar 2016 die energetischen Anforderungen an Neubauten erh\u00f6ht. Man spricht daher von der \u201eEnEV ab 2016\u201c, weil es keine eigenst\u00e4ndige, neue Fassung der Verordnung ist.<\/p>\n<p>Als Eigent\u00fcmer eines Neubaus m\u00fcssen Sie \u00ad laut EEW\u00e4rmeG 2011 \u00ad auch einen Teil der ben\u00f6tigten W\u00e4rme oder K\u00e4lte \u00fcber erneuerbare Energien decken, wie Solarstrahlen oder Erdw\u00e4rme. Alternativ k\u00f6nnen Sie anerkannte Ersatzma\u00dfnahmen durchf\u00fchren. <\/p>\n","protected":false},"excerpt":{"rendered":"<p>Die Energieeinsparverordnung (EnEV) stellt ein wichtiges Instrument der deutschen Energie- und Klimaschutzpolitik dar. Sie soll dazu beitragen, dass die energiepolitischen Ziele der Bundesregierung, insbesondere ein nahezu klimaneutraler Geb\u00e4udebestand bis zum Jahr 2050, erreicht werden. Die EnEV schreibt Bauherren bautechnische Standardanforderungen zum effizienten Betriebsenergiebedarf ihres Geb\u00e4udes oder Bauprojektes vor. Sie gilt f\u00fcr Wohngeb\u00e4ude, B\u00fcrogeb\u00e4ude und gewisse [&hellip;]<\/p>\n","protected":false},"author":1,"featured_media":0,"parent":0,"menu_order":0,"comment_status":"closed","ping_status":"closed","template":"","meta":{"footnotes":""},"class_list":["post-2077","page","type-page","status-publish","hentry"],"_links":{"self":[{"href":"https:\/\/tuerenberlin.de\/tuerenfachmann\/wp-json\/wp\/v2\/pages\/2077"}],"collection":[{"href":"https:\/\/tuerenberlin.de\/tuerenfachmann\/wp-json\/wp\/v2\/pages"}],"about":[{"href":"https:\/\/tuerenberlin.de\/tuerenfachmann\/wp-json\/wp\/v2\/types\/page"}],"author":[{"embeddable":true,"href":"https:\/\/tuerenberlin.de\/tuerenfachmann\/wp-json\/wp\/v2\/users\/1"}],"replies":[{"embeddable":true,"href":"https:\/\/tuerenberlin.de\/tuerenfachmann\/wp-json\/wp\/v2\/comments?post=2077"}],"version-history":[{"count":4,"href":"https:\/\/tuerenberlin.de\/tuerenfachmann\/wp-json\/wp\/v2\/pages\/2077\/revisions"}],"predecessor-version":[{"id":2959,"href":"https:\/\/tuerenberlin.de\/tuerenfachmann\/wp-json\/wp\/v2\/pages\/2077\/revisions\/2959"}],"wp:attachment":[{"href":"https:\/\/tuerenberlin.de\/tuerenfachmann\/wp-json\/wp\/v2\/media?parent=2077"}],"curies":[{"name":"wp","href":"https:\/\/api.w.org\/{rel}","templated":true}]}}