{"id":2068,"date":"2016-11-28T14:06:35","date_gmt":"2016-11-28T12:06:35","guid":{"rendered":"http:\/\/tuerenberlin.de\/tuerenfachmann\/?page_id=2068"},"modified":"2016-11-28T14:15:42","modified_gmt":"2016-11-28T12:15:42","slug":"funkfernbedienung-codeschloesser","status":"publish","type":"page","link":"https:\/\/tuerenberlin.de\/tuerenfachmann\/funkfernbedienung-codeschloesser\/","title":{"rendered":"Funkfernbedienung &#038; Codeschl\u00f6sser"},"content":{"rendered":"<p>Bequem auf auf Knopfdruck \u00f6ffnet sich Ihre Haust\u00fcr. Wer es noch komfortabler mag, tr\u00e4gt am Schl\u00fcsselbund einen Transponder, der das \u00d6ffnungssignal \u00fcbermittelt, sobald Sie sich Ihrer Haust\u00fcr n\u00e4hern. Eine weitere sichere und leicht zu bedienende Verriegelungstechnik ist ein Codeschloss. Der \u00d6ffnungscode kann allen Zugangsberechtigten individuell zugewiesen und auch wieder gel\u00f6scht werden. <\/p>\n<p><img loading=\"lazy\" decoding=\"async\" src=\"http:\/\/tuerenberlin.de\/tuerenfachmann\/wp-content\/uploads\/2016\/11\/zutrittsmoeglichkeiten.jpg\" alt=\"zutrittsmoeglichkeiten\" width=\"628\" height=\"626\" class=\"alignnone size-full wp-image-2065\" srcset=\"https:\/\/tuerenberlin.de\/tuerenfachmann\/wp-content\/uploads\/2016\/11\/zutrittsmoeglichkeiten.jpg 628w, https:\/\/tuerenberlin.de\/tuerenfachmann\/wp-content\/uploads\/2016\/11\/zutrittsmoeglichkeiten-150x150.jpg 150w, https:\/\/tuerenberlin.de\/tuerenfachmann\/wp-content\/uploads\/2016\/11\/zutrittsmoeglichkeiten-300x300.jpg 300w\" sizes=\"(max-width: 628px) 100vw, 628px\" \/><\/p>\n<p>A.) Ist ein Fingerscan nicht im Griff integriert, wird er im T\u00fcrfl\u00fcgel eingelassen. Eine leicht zu reinigende Alunox-Platte sch\u00fctzt die Oberfl\u00e4che der Haust\u00fcr.<\/p>\n<p>B.) Haben Sie die T\u00fcr auch \u201eApp-geschlossen\u201c? \u00dcber eine App auf dem Smartphone k\u00f6nnen Sie einstellen, wer Zutritt zu Ihrem Haus hat.<\/p>\n<p>C.) Ein Zahlencode-Modul ist f\u00fcr die Unter- oder Aufputzmontage vorgesehen, kann aber auch in den T\u00fcrfl\u00fcgel eingesetzt werden.<\/p>\n<p>D.) Den Transponder k\u00f6nnen Sie am Schl\u00fcsselbund tragen. Bei Ann\u00e4herung an die T\u00fcr \u00f6ffnet die Verriegelung dann auf Wunsch automatisch.<\/p>\n<p>E.) Der Funkhandsender funktioniert wie bei einem Auto. Der obere Knopf \u00f6ffnet die T\u00fcr, der untere schlie\u00dft sie.<\/p>\n<p>F.) Mit der T\u00fcrspion-Kamera haben Sie immer im Blick, wer vor Ihrer Haust\u00fcr steht.<\/p>\n<p>G.) Mit dem Dreht\u00fcrantrieb \u00f6ffnet sich die Haust\u00fcr wie von Geisterhand. Der Motor ist \u2013 bis auf die Antriebsstange \u2013 verdeckt in den T\u00fcrfl\u00fcgel integriert.<\/p>\n","protected":false},"excerpt":{"rendered":"<p>Bequem auf auf Knopfdruck \u00f6ffnet sich Ihre Haust\u00fcr. Wer es noch komfortabler mag, tr\u00e4gt am Schl\u00fcsselbund einen Transponder, der das \u00d6ffnungssignal \u00fcbermittelt, sobald Sie sich Ihrer Haust\u00fcr n\u00e4hern. Eine weitere sichere und leicht zu bedienende Verriegelungstechnik ist ein Codeschloss. Der \u00d6ffnungscode kann allen Zugangsberechtigten individuell zugewiesen und auch wieder gel\u00f6scht werden. A.) Ist ein Fingerscan [&hellip;]<\/p>\n","protected":false},"author":1,"featured_media":0,"parent":0,"menu_order":0,"comment_status":"closed","ping_status":"closed","template":"","meta":{"footnotes":""},"class_list":["post-2068","page","type-page","status-publish","hentry"],"_links":{"self":[{"href":"https:\/\/tuerenberlin.de\/tuerenfachmann\/wp-json\/wp\/v2\/pages\/2068"}],"collection":[{"href":"https:\/\/tuerenberlin.de\/tuerenfachmann\/wp-json\/wp\/v2\/pages"}],"about":[{"href":"https:\/\/tuerenberlin.de\/tuerenfachmann\/wp-json\/wp\/v2\/types\/page"}],"author":[{"embeddable":true,"href":"https:\/\/tuerenberlin.de\/tuerenfachmann\/wp-json\/wp\/v2\/users\/1"}],"replies":[{"embeddable":true,"href":"https:\/\/tuerenberlin.de\/tuerenfachmann\/wp-json\/wp\/v2\/comments?post=2068"}],"version-history":[{"count":7,"href":"https:\/\/tuerenberlin.de\/tuerenfachmann\/wp-json\/wp\/v2\/pages\/2068\/revisions"}],"predecessor-version":[{"id":2075,"href":"https:\/\/tuerenberlin.de\/tuerenfachmann\/wp-json\/wp\/v2\/pages\/2068\/revisions\/2075"}],"wp:attachment":[{"href":"https:\/\/tuerenberlin.de\/tuerenfachmann\/wp-json\/wp\/v2\/media?parent=2068"}],"curies":[{"name":"wp","href":"https:\/\/api.w.org\/{rel}","templated":true}]}}