{"id":2047,"date":"2016-11-28T13:21:10","date_gmt":"2016-11-28T11:21:10","guid":{"rendered":"http:\/\/tuerenberlin.de\/tuerenfachmann\/?page_id=2047"},"modified":"2017-01-25T18:05:57","modified_gmt":"2017-01-25T16:05:57","slug":"fingerscan-automatik","status":"publish","type":"page","link":"https:\/\/tuerenberlin.de\/tuerenfachmann\/fingerscan-automatik\/","title":{"rendered":"Finger-Scan Automatik"},"content":{"rendered":"<p>Eine Vielzahl von modernen Haust\u00fcr\u00f6ffnungs- und -verriegelungstechniken schafft Sicherheit und ist bequem zu bedienen. Ein Fingerscan ist Ihr Haust\u00fcrschl\u00fcssel, individuell, einfach zu bewerkstelligen und v.a. sicher, denn Ihr Fingerabdruck ist einmalig. Mit einer Automatikverriegelung z.B. k\u00f6nnen Sie beim Verlassen des Hauses die T\u00fcr einfach ins Schloss fallen lassen, die T\u00fcr ist dann verriegelt. <\/p>\n<p><img loading=\"lazy\" decoding=\"async\" src=\"http:\/\/tuerenberlin.de\/tuerenfachmann\/wp-content\/uploads\/2016\/11\/fingerscan.jpg\" alt=\"fingerscan\" width=\"628\" height=\"404\" class=\"alignnone size-full wp-image-2052\" srcset=\"https:\/\/tuerenberlin.de\/tuerenfachmann\/wp-content\/uploads\/2016\/11\/fingerscan.jpg 628w, https:\/\/tuerenberlin.de\/tuerenfachmann\/wp-content\/uploads\/2016\/11\/fingerscan-300x193.jpg 300w\" sizes=\"(max-width: 628px) 100vw, 628px\" \/><\/p>\n<p>A.) Fingerscan \u201earte\u201c mit Bedienung \u00fcber Steuereinheit im T\u00fcrfalz (<strong>Komfort-2 Variante<\/strong>)<\/p>\n<p>B.) Fingerscan \u201eintegra 2.0\u201c mit Bedienung \u00fcber Masterfinger (<strong>Komfort-2 Variante<\/strong>)<br \/>\nIntegriert in den Griff oder im T\u00fcrblatt oder mit externer Montage<\/p>\n<p>C.) Fingerscan \u201eintegra 2.0 Bluetooth\u201c mit Bedienung \u00fcber App<br \/>\nIntegriert in den Griff oder im T\u00fcrblatt oder mit externer Montage<\/p>\n<p>D.) Fingerscan \u201eintegra 2.0 Bluetooth und RFID-Leser\u201c mit Bedienung \u00fcber App sowie zus\u00e4tzlichen Kartenleser. Integriert in den Griff oder im T\u00fcrblatt oder mit externer Montage<\/p>\n<p>E.) Fingerscan elegant im Griff integriert (<strong>f\u00fcr alle Varianten<\/strong>)<\/p>\n<p>F.) Automatikverriegelung<\/p>\n","protected":false},"excerpt":{"rendered":"<p>Eine Vielzahl von modernen Haust\u00fcr\u00f6ffnungs- und -verriegelungstechniken schafft Sicherheit und ist bequem zu bedienen. Ein Fingerscan ist Ihr Haust\u00fcrschl\u00fcssel, individuell, einfach zu bewerkstelligen und v.a. sicher, denn Ihr Fingerabdruck ist einmalig. Mit einer Automatikverriegelung z.B. k\u00f6nnen Sie beim Verlassen des Hauses die T\u00fcr einfach ins Schloss fallen lassen, die T\u00fcr ist dann verriegelt. A.) Fingerscan [&hellip;]<\/p>\n","protected":false},"author":1,"featured_media":0,"parent":0,"menu_order":0,"comment_status":"closed","ping_status":"closed","template":"","meta":{"footnotes":""},"class_list":["post-2047","page","type-page","status-publish","hentry"],"_links":{"self":[{"href":"https:\/\/tuerenberlin.de\/tuerenfachmann\/wp-json\/wp\/v2\/pages\/2047"}],"collection":[{"href":"https:\/\/tuerenberlin.de\/tuerenfachmann\/wp-json\/wp\/v2\/pages"}],"about":[{"href":"https:\/\/tuerenberlin.de\/tuerenfachmann\/wp-json\/wp\/v2\/types\/page"}],"author":[{"embeddable":true,"href":"https:\/\/tuerenberlin.de\/tuerenfachmann\/wp-json\/wp\/v2\/users\/1"}],"replies":[{"embeddable":true,"href":"https:\/\/tuerenberlin.de\/tuerenfachmann\/wp-json\/wp\/v2\/comments?post=2047"}],"version-history":[{"count":13,"href":"https:\/\/tuerenberlin.de\/tuerenfachmann\/wp-json\/wp\/v2\/pages\/2047\/revisions"}],"predecessor-version":[{"id":2528,"href":"https:\/\/tuerenberlin.de\/tuerenfachmann\/wp-json\/wp\/v2\/pages\/2047\/revisions\/2528"}],"wp:attachment":[{"href":"https:\/\/tuerenberlin.de\/tuerenfachmann\/wp-json\/wp\/v2\/media?parent=2047"}],"curies":[{"name":"wp","href":"https:\/\/api.w.org\/{rel}","templated":true}]}}