{"id":2004,"date":"2016-11-27T17:42:59","date_gmt":"2016-11-27T15:42:59","guid":{"rendered":"http:\/\/tuerenberlin.de\/tuerenfachmann\/?page_id=2004"},"modified":"2018-04-18T16:04:45","modified_gmt":"2018-04-18T14:04:45","slug":"kfw-foerderung-von-einbruchschutz","status":"publish","type":"page","link":"https:\/\/tuerenberlin.de\/tuerenfachmann\/kfw-foerderung-von-einbruchschutz\/","title":{"rendered":"KFW-F\u00f6rderung von Einbruchschutz"},"content":{"rendered":"<p><strong>Einbruchschutz &#8211; der Staat hilft mit<\/strong><br \/>\n<img loading=\"lazy\" decoding=\"async\" src=\"http:\/\/tuerenberlin.de\/tuerenfachmann\/wp-content\/uploads\/2016\/11\/widerstandsklasse3-tuer-1.jpg\" alt=\"widerstandsklasse3-tuer\" width=\"628\" height=\"447\" class=\"alignnone size-full wp-image-2012\" srcset=\"https:\/\/tuerenberlin.de\/tuerenfachmann\/wp-content\/uploads\/2016\/11\/widerstandsklasse3-tuer-1.jpg 628w, https:\/\/tuerenberlin.de\/tuerenfachmann\/wp-content\/uploads\/2016\/11\/widerstandsklasse3-tuer-1-300x214.jpg 300w\" sizes=\"(max-width: 628px) 100vw, 628px\" \/><\/p>\n<p><strong>F\u00f6rderm\u00f6glichkeiten der KFW<\/strong><br \/>\nWenn Sie Ihre Wohnung oder Ihr Haus gegen Einbruch sichern m\u00f6chten, k\u00f6nnen Sie Zusch\u00fcsse bis maximal 1.500 Euro beantragen. Gef\u00f6rdert werden z. B. der Einbau von einbruchhemmenden Fenstern und T\u00fcren bzw. entsprechende Nachr\u00fcstungen sowie der Einbau von Einbruchmeldeanlagen.\u2028 <a href=\"http:\/\/tuerenberlin.de\/tuerenfachmann\/wp-content\/uploads\/2018\/04\/kfw-foerderung-haustueren-einbruchschutz.pdf\" target=\"_blank\"><strong>Laden Sie sich hier den Flyer f\u00fcr Informationen zu F\u00f6rderm\u00f6glichkeiten der KFW.<\/strong><\/a><\/p>\n","protected":false},"excerpt":{"rendered":"<p>Einbruchschutz &#8211; der Staat hilft mit F\u00f6rderm\u00f6glichkeiten der KFW Wenn Sie Ihre Wohnung oder Ihr Haus gegen Einbruch sichern m\u00f6chten, k\u00f6nnen Sie Zusch\u00fcsse bis maximal 1.500 Euro beantragen. Gef\u00f6rdert werden z. B. der Einbau von einbruchhemmenden Fenstern und T\u00fcren bzw. entsprechende Nachr\u00fcstungen sowie der Einbau von Einbruchmeldeanlagen.\u2028 Laden Sie sich hier den Flyer f\u00fcr Informationen [&hellip;]<\/p>\n","protected":false},"author":1,"featured_media":0,"parent":0,"menu_order":0,"comment_status":"closed","ping_status":"closed","template":"","meta":{"footnotes":""},"class_list":["post-2004","page","type-page","status-publish","hentry"],"_links":{"self":[{"href":"https:\/\/tuerenberlin.de\/tuerenfachmann\/wp-json\/wp\/v2\/pages\/2004"}],"collection":[{"href":"https:\/\/tuerenberlin.de\/tuerenfachmann\/wp-json\/wp\/v2\/pages"}],"about":[{"href":"https:\/\/tuerenberlin.de\/tuerenfachmann\/wp-json\/wp\/v2\/types\/page"}],"author":[{"embeddable":true,"href":"https:\/\/tuerenberlin.de\/tuerenfachmann\/wp-json\/wp\/v2\/users\/1"}],"replies":[{"embeddable":true,"href":"https:\/\/tuerenberlin.de\/tuerenfachmann\/wp-json\/wp\/v2\/comments?post=2004"}],"version-history":[{"count":30,"href":"https:\/\/tuerenberlin.de\/tuerenfachmann\/wp-json\/wp\/v2\/pages\/2004\/revisions"}],"predecessor-version":[{"id":2881,"href":"https:\/\/tuerenberlin.de\/tuerenfachmann\/wp-json\/wp\/v2\/pages\/2004\/revisions\/2881"}],"wp:attachment":[{"href":"https:\/\/tuerenberlin.de\/tuerenfachmann\/wp-json\/wp\/v2\/media?parent=2004"}],"curies":[{"name":"wp","href":"https:\/\/api.w.org\/{rel}","templated":true}]}}