{"id":1989,"date":"2016-11-27T17:11:38","date_gmt":"2016-11-27T15:11:38","guid":{"rendered":"http:\/\/tuerenberlin.de\/tuerenfachmann\/?page_id=1989"},"modified":"2017-01-26T18:30:22","modified_gmt":"2017-01-26T16:30:22","slug":"was-sind-widerstandklassen","status":"publish","type":"page","link":"https:\/\/tuerenberlin.de\/tuerenfachmann\/sicherheit-zu-hause\/was-sind-widerstandklassen\/","title":{"rendered":"Was leisten Widerstandsklassen?"},"content":{"rendered":"<p><strong>Widerstandsklassen nach DIN EN 1627<\/strong><br \/>\nUm Wohnungseinbr\u00fcche zu erschweren oder zu verhindern wehren speziell gesicherte T\u00fcren Einbruchversuche ab. Widerstandsklassen definieren den Grad dieses Widerstands gegen Einbruchversuche. Die Widerstandsklassen sind nach den verwendeten Werkzeugen und \u00fcblichen Arbeitsweisen eingeteilt. Es wird in sechs Widerstandsklassen unterschieden, RC1N bis RC6 (alt WK1 bis WK6). RC steht f\u00fcr Resistance Class.<\/p>\n<p><strong>DIN EN 1627<\/strong><br \/>\nDie DIN EN 1627 beschreibt die Anforderungen an die Eigenschaften einbruchhemmender T\u00fcren und ihre Klassifizierung. Die Forderungen der DIN EN 1627 ber\u00fccksichtigen nicht nur den Aufbau der T\u00fcr sondern auch deren Montage. In einer Bauteilpr\u00fcfung nach DIN EN 1627 werden einbruchhemmende T\u00fcren in sechs Widerstandsklassen (Sicherheitsklassen) unterteilt.<\/p>\n<p><a href=\"http:\/\/tuerenberlin.de\/tuerenfachmann\/sicherheit-zu-hause\/einbruchschutz-im-test\/\">Zum Thema Widerstandsklassen sehen Sie sich diesen Film an &#8230;<\/a><\/p>\n<p>&nbsp;<\/p>\n","protected":false},"excerpt":{"rendered":"<p>Widerstandsklassen nach DIN EN 1627 Um Wohnungseinbr\u00fcche zu erschweren oder zu verhindern wehren speziell gesicherte T\u00fcren Einbruchversuche ab. Widerstandsklassen definieren den Grad dieses Widerstands gegen Einbruchversuche. Die Widerstandsklassen sind nach den verwendeten Werkzeugen und \u00fcblichen Arbeitsweisen eingeteilt. Es wird in sechs Widerstandsklassen unterschieden, RC1N bis RC6 (alt WK1 bis WK6). RC steht f\u00fcr Resistance Class. [&hellip;]<\/p>\n","protected":false},"author":1,"featured_media":0,"parent":110,"menu_order":0,"comment_status":"closed","ping_status":"closed","template":"","meta":{"footnotes":""},"class_list":["post-1989","page","type-page","status-publish","hentry"],"_links":{"self":[{"href":"https:\/\/tuerenberlin.de\/tuerenfachmann\/wp-json\/wp\/v2\/pages\/1989"}],"collection":[{"href":"https:\/\/tuerenberlin.de\/tuerenfachmann\/wp-json\/wp\/v2\/pages"}],"about":[{"href":"https:\/\/tuerenberlin.de\/tuerenfachmann\/wp-json\/wp\/v2\/types\/page"}],"author":[{"embeddable":true,"href":"https:\/\/tuerenberlin.de\/tuerenfachmann\/wp-json\/wp\/v2\/users\/1"}],"replies":[{"embeddable":true,"href":"https:\/\/tuerenberlin.de\/tuerenfachmann\/wp-json\/wp\/v2\/comments?post=1989"}],"version-history":[{"count":11,"href":"https:\/\/tuerenberlin.de\/tuerenfachmann\/wp-json\/wp\/v2\/pages\/1989\/revisions"}],"predecessor-version":[{"id":2529,"href":"https:\/\/tuerenberlin.de\/tuerenfachmann\/wp-json\/wp\/v2\/pages\/1989\/revisions\/2529"}],"up":[{"embeddable":true,"href":"https:\/\/tuerenberlin.de\/tuerenfachmann\/wp-json\/wp\/v2\/pages\/110"}],"wp:attachment":[{"href":"https:\/\/tuerenberlin.de\/tuerenfachmann\/wp-json\/wp\/v2\/media?parent=1989"}],"curies":[{"name":"wp","href":"https:\/\/api.w.org\/{rel}","templated":true}]}}