{"id":1979,"date":"2016-11-27T17:01:14","date_gmt":"2016-11-27T15:01:14","guid":{"rendered":"http:\/\/tuerenberlin.de\/tuerenfachmann\/?page_id=1979"},"modified":"2019-07-29T11:58:53","modified_gmt":"2019-07-29T09:58:53","slug":"gepruefter-einbruchschutz","status":"publish","type":"page","link":"https:\/\/tuerenberlin.de\/tuerenfachmann\/gepruefter-einbruchschutz\/","title":{"rendered":"Gepr\u00fcfter Einbruchschutz"},"content":{"rendered":"<p><img loading=\"lazy\" decoding=\"async\" class=\"alignnone size-full wp-image-1980\" src=\"https:\/\/tuerenberlin.de\/tuerenfachmann\/wp-content\/uploads\/2016\/11\/sicherheitstuer-pax.jpg\" alt=\"sicherheitstuer-pax\" width=\"628\" height=\"408\" srcset=\"https:\/\/tuerenberlin.de\/tuerenfachmann\/wp-content\/uploads\/2016\/11\/sicherheitstuer-pax.jpg 628w, https:\/\/tuerenberlin.de\/tuerenfachmann\/wp-content\/uploads\/2016\/11\/sicherheitstuer-pax-300x195.jpg 300w\" sizes=\"(max-width: 628px) 100vw, 628px\" \/><\/p>\n<p>Innerhalb weniger Sekunden kann eine herk\u00f6mmliche Haust\u00fcr ge\u00f6ffnet werden. Mit der Zunahme der Wohnungseinbr\u00fcche ist es daher umso wichtiger, dass Sie Ihre Haust\u00fcre sichern. Die Forschungen und Enwicklungen auf dem Gebiet der Einbruchhemmung entwickeln sich mit den Herausforderungen. Wir bieten Ihnen leistungsf\u00e4hige Produkte Ihr Zuhause zu sch\u00fctzen. Bereits die Standardausstattung einer gesicherten Haust\u00fcr ist mit einem Beschlag ausgestattet, der auch bei zertifizierten Einbruchhemmungselementen zum Einsatz kommt. Damit wird eine hochwertige Einbruchhemmung erreicht.<\/p>\n<p>F\u00fcr gepr\u00fcfte und zertifizierte Einbruchhemmung der <a href=\"httpss:\/\/tuerenberlin.de\/tuerenfachmann\/sicherheit-zu-hause\/was-sind-widerstandklassen\/\">Widerstandsklassen RC 2 oder RC 3<\/a> nach DIN EN 1627 empfehlen wir <a href=\"https:\/\/tuerenberlin.de\/tuerenfachmann\/paxsecura\/\">PaXsecura 200 oder PaXsecura 300<\/a>. Die lokalen Polizeidienststellen informieren Sie umfassend zu aktuellen Sicherungsma\u00dfnahmen. Der Staat f\u00f6rdert au\u00dferdem mit. <a href=\"https:\/\/tuerenberlin.de\/tuerenfachmann\/kfw-foerderung-von-einbruchschutz\/\">Lesen Sie hier mehr &#8230;<\/a><\/p>\n<hr \/>\n<p><strong>Gesamtsystem Sicherheit &#8211; HASKE ist ABUS-Profi Facherrichter<\/strong><img loading=\"lazy\" decoding=\"async\" class=\"alignnone size-full wp-image-2871\" src=\"https:\/\/tuerenberlin.de\/tuerenfachmann\/wp-content\/uploads\/2018\/04\/abus-profierrichter.jpg\" alt=\"HASKE ist Abus Profierrichter\" width=\"110\" height=\"111\" srcset=\"https:\/\/tuerenberlin.de\/tuerenfachmann\/wp-content\/uploads\/2018\/04\/abus-profierrichter.jpg 181w, https:\/\/tuerenberlin.de\/tuerenfachmann\/wp-content\/uploads\/2018\/04\/abus-profierrichter-150x150.jpg 150w\" sizes=\"(max-width: 110px) 100vw, 110px\" \/><\/p>\n<div style=\"width: 640px;\" class=\"wp-video\"><!--[if lt IE 9]><script>document.createElement('video');<\/script><![endif]-->\n<video class=\"wp-video-shortcode\" id=\"video-1979-1\" width=\"640\" height=\"360\" preload=\"metadata\" controls=\"controls\"><source type=\"video\/mp4\" src=\"https:\/\/tuerenberlin.de\/tuerenfachmann\/wp-content\/uploads\/2018\/04\/ABUS-XP20S.mp4?_=1\" \/><a href=\"https:\/\/tuerenberlin.de\/tuerenfachmann\/wp-content\/uploads\/2018\/04\/ABUS-XP20S.mp4\">https:\/\/tuerenberlin.de\/tuerenfachmann\/wp-content\/uploads\/2018\/04\/ABUS-XP20S.mp4<\/a><\/video><\/div>\n<p>Die Qualit\u00e4t von Absicherungsma\u00dfnahmen sind nur so gut, wie sie bedarfsgerecht und fachgerecht installiert sind. Wir beraten vor Ort, planen mit Ihnen und bauen alle Elemente fachgerecht ein.<\/p>\n<hr \/>\n<p><strong>&#8222;Adressennachweis&#8220; von Fachfirmen<\/strong><br \/>\nSo wichtig wie die Qualit\u00e4t des einbruchhemmenden Produkts ist der fachgerechte Einbau. Um Sie bei der Wahl einer qualifizierten Firma zu unterst\u00fctzen, gibt es den Berliner \u201eAdressennachweis von Errichterunternehmen mechanische Sicherungseinrichtungen\u201c.<\/p>\n<p>Die Firma HASKE ist in der Liste des Berliner Landeskriminalamts als speziell geschulter Betrieb (= Errichter) gelistet, der die Montagearbeiten f\u00fcr Sicherheitst\u00fcren durchf\u00fchrt. Informieren Sie sich hier: <a href=\"https:\/\/www.berlin.de\/polizei\/aufgaben\/praevention\/diebstahl-und-einbruch\/artikel.125021.php\" target=\"_blank\" rel=\"noopener noreferrer\"><strong>Errichterliste des LKA Berlin<\/strong><\/a><\/p>\n<hr \/>\n<p><strong>Informieren Sie sich bei der \u00f6rtlichen Polizei<\/strong><br \/>\nDie Fachberater der Beratungsstelle beim Landeskriminalamt Berlin beraten Sie zu allen Fragen des Einbruchschutzes kostenfrei und neutral, telefonisch, per E-Mail oder in der Beratungsstelle ohne Terminvergabe.\u2028 Es besteht auch die M\u00f6glichkeit einer Vor-Ort-Beratung f\u00fcr Bewohner von Einfamilienh\u00e4usern, Erdgeschoss- und Dachgeschosswohnungen sowie f\u00fcr Gewerbebetriebe, z. B. B\u00fcros, Praxen, Ladengesch\u00e4fte, Werkst\u00e4tten. Bitte vereinbaren Sie hierf\u00fcr einen Termin unter der Service-Nr.: (030) 4664 \u2013 979999.<\/p>\n<p>Bauherren oder K\u00e4ufern von Immobilien wird empfohlen diesen Service bereits in der Bauplanungsphase zu nutzen. Einbruchschutz beim Bauen mitgeplant erspart Kosten und Aufwand einer sp\u00e4teren Umr\u00fcstung des Hauses oder der Wohnung. Bitte vereinbaren Sie auch hierf\u00fcr einen Termin unter der Service-Nr.: (030) 4664 \u2013 979999 f\u00fcr eine Beratung in der Beratungsstelle.<\/p>\n<hr \/>\n<p>Was leisten Widerstandsklassen? <a href=\"https:\/\/tuerenberlin.de\/tuerenfachmann\/sicherheit-zu-hause\/was-sind-widerstandklassen\/\">Lesen Sie hier mehr &#8230;<\/a><br \/>\n<aAusf\u00fchrlichere Informationen finden Sie auch unter: <a href=\"https:\/\/www.polizei-dein-partner.de\/themen\/einbruchschutz.html\" target=\"_blank\" rel=\"noopener noreferrer\"><strong>Einbruchschutz fachgerecht installieren <\/strong><\/a><\/p>\n<p><img loading=\"lazy\" decoding=\"async\" class=\"alignnone size-full wp-image-1999\" src=\"https:\/\/tuerenberlin.de\/tuerenfachmann\/wp-content\/uploads\/2016\/11\/kein-bruch.jpg\" alt=\"kein-bruch\" width=\"701\" height=\"143\" srcset=\"https:\/\/tuerenberlin.de\/tuerenfachmann\/wp-content\/uploads\/2016\/11\/kein-bruch.jpg 701w, https:\/\/tuerenberlin.de\/tuerenfachmann\/wp-content\/uploads\/2016\/11\/kein-bruch-300x61.jpg 300w\" sizes=\"(max-width: 701px) 100vw, 701px\" \/><\/p>\n","protected":false},"excerpt":{"rendered":"<p>Innerhalb weniger Sekunden kann eine herk\u00f6mmliche Haust\u00fcr ge\u00f6ffnet werden. Mit der Zunahme der Wohnungseinbr\u00fcche ist es daher umso wichtiger, dass Sie Ihre Haust\u00fcre sichern. Die Forschungen und Enwicklungen auf dem Gebiet der Einbruchhemmung entwickeln sich mit den Herausforderungen. Wir bieten Ihnen leistungsf\u00e4hige Produkte Ihr Zuhause zu sch\u00fctzen. Bereits die Standardausstattung einer gesicherten Haust\u00fcr ist mit [&hellip;]<\/p>\n","protected":false},"author":1,"featured_media":0,"parent":0,"menu_order":0,"comment_status":"closed","ping_status":"closed","template":"","meta":{"footnotes":""},"class_list":["post-1979","page","type-page","status-publish","hentry"],"_links":{"self":[{"href":"https:\/\/tuerenberlin.de\/tuerenfachmann\/wp-json\/wp\/v2\/pages\/1979"}],"collection":[{"href":"https:\/\/tuerenberlin.de\/tuerenfachmann\/wp-json\/wp\/v2\/pages"}],"about":[{"href":"https:\/\/tuerenberlin.de\/tuerenfachmann\/wp-json\/wp\/v2\/types\/page"}],"author":[{"embeddable":true,"href":"https:\/\/tuerenberlin.de\/tuerenfachmann\/wp-json\/wp\/v2\/users\/1"}],"replies":[{"embeddable":true,"href":"https:\/\/tuerenberlin.de\/tuerenfachmann\/wp-json\/wp\/v2\/comments?post=1979"}],"version-history":[{"count":21,"href":"https:\/\/tuerenberlin.de\/tuerenfachmann\/wp-json\/wp\/v2\/pages\/1979\/revisions"}],"predecessor-version":[{"id":3153,"href":"https:\/\/tuerenberlin.de\/tuerenfachmann\/wp-json\/wp\/v2\/pages\/1979\/revisions\/3153"}],"wp:attachment":[{"href":"https:\/\/tuerenberlin.de\/tuerenfachmann\/wp-json\/wp\/v2\/media?parent=1979"}],"curies":[{"name":"wp","href":"https:\/\/api.w.org\/{rel}","templated":true}]}}