{"id":1972,"date":"2016-11-27T16:43:23","date_gmt":"2016-11-27T14:43:23","guid":{"rendered":"http:\/\/tuerenberlin.de\/tuerenfachmann\/?page_id=1972"},"modified":"2016-11-27T16:50:05","modified_gmt":"2016-11-27T14:50:05","slug":"5-fach-verriegelung","status":"publish","type":"page","link":"https:\/\/tuerenberlin.de\/tuerenfachmann\/sicherheit-zu-hause\/5-fach-verriegelung\/","title":{"rendered":"5-fach Verriegelung"},"content":{"rendered":"<p><img loading=\"lazy\" decoding=\"async\" class=\"alignnone size-full wp-image-1973\" src=\"http:\/\/tuerenberlin.de\/tuerenfachmann\/wp-content\/uploads\/2016\/11\/5fach-Verriegelung.jpg\" alt=\"5fach-verriegelung\" width=\"628\" height=\"478\" srcset=\"https:\/\/tuerenberlin.de\/tuerenfachmann\/wp-content\/uploads\/2016\/11\/5fach-Verriegelung.jpg 628w, https:\/\/tuerenberlin.de\/tuerenfachmann\/wp-content\/uploads\/2016\/11\/5fach-Verriegelung-300x228.jpg 300w\" sizes=\"(max-width: 628px) 100vw, 628px\" \/><br \/>\nA.) Der Beschlag liegt verdeckt und ist nicht sichtbar.<br \/>\n&nbsp;<br \/>\nB.) Im geschlossenen Zustand verschwindet das T\u00fcrband vollst\u00e4ndig.<br \/>\n&nbsp;<br \/>\nC.) Bei einer RC-3-Ausf\u00fchrung ist ein Rollenband n\u00f6tig. Diese Edelstahl-Rollenb\u00e4nder k\u00f6nnen auch in T\u00fcrmodellen ohne PaXsecura 300 eingesetzt werden.<br \/>\n&nbsp;<br \/>\nD.) Die Profilzylinder weisen eine Not- und Gefahrenfunktion auf, so dass Sie die T\u00fcr auch bei steckendem Schl\u00fcssel von au\u00dfen \u00f6ffnen k\u00f6nnen. Profilzylinder gibt es auch mit einer Codekarte. Nur mit dieser k\u00f6nnen Sie Nachschl\u00fcssel anfertigen lassen.<br \/>\n&nbsp;<br \/>\nE.) Bei einer 5-fach-Verriegelung verschlie\u00dfen massive Dorne und Schwenkhaken die T\u00fcr zus\u00e4tzlich.<br \/>\n&nbsp;<br \/>\nF.) Eine integrierte T\u00fcr\u00f6ffnungssperre ist sowohl f\u00fcr die 5-fach- Verriegelung als auch f\u00fcr die Automatik-Verriegelung optional erh\u00e4ltlich. Der besondere Clou: Von au\u00dfen l\u00e4sst sich der Riegel \u00fcber den Profilzylinder bedienen.<br \/>\n&nbsp;<br \/>\nG.) Schon in der Basisausf\u00fchrung ist der T\u00fcraufbau sehr massiv.<\/p>\n","protected":false},"excerpt":{"rendered":"<p>A.) Der Beschlag liegt verdeckt und ist nicht sichtbar. &nbsp; B.) Im geschlossenen Zustand verschwindet das T\u00fcrband vollst\u00e4ndig. &nbsp; C.) Bei einer RC-3-Ausf\u00fchrung ist ein Rollenband n\u00f6tig. Diese Edelstahl-Rollenb\u00e4nder k\u00f6nnen auch in T\u00fcrmodellen ohne PaXsecura 300 eingesetzt werden. &nbsp; D.) Die Profilzylinder weisen eine Not- und Gefahrenfunktion auf, so dass Sie die T\u00fcr auch bei [&hellip;]<\/p>\n","protected":false},"author":1,"featured_media":0,"parent":110,"menu_order":0,"comment_status":"closed","ping_status":"closed","template":"","meta":{"footnotes":""},"class_list":["post-1972","page","type-page","status-publish","hentry"],"_links":{"self":[{"href":"https:\/\/tuerenberlin.de\/tuerenfachmann\/wp-json\/wp\/v2\/pages\/1972"}],"collection":[{"href":"https:\/\/tuerenberlin.de\/tuerenfachmann\/wp-json\/wp\/v2\/pages"}],"about":[{"href":"https:\/\/tuerenberlin.de\/tuerenfachmann\/wp-json\/wp\/v2\/types\/page"}],"author":[{"embeddable":true,"href":"https:\/\/tuerenberlin.de\/tuerenfachmann\/wp-json\/wp\/v2\/users\/1"}],"replies":[{"embeddable":true,"href":"https:\/\/tuerenberlin.de\/tuerenfachmann\/wp-json\/wp\/v2\/comments?post=1972"}],"version-history":[{"count":5,"href":"https:\/\/tuerenberlin.de\/tuerenfachmann\/wp-json\/wp\/v2\/pages\/1972\/revisions"}],"predecessor-version":[{"id":1978,"href":"https:\/\/tuerenberlin.de\/tuerenfachmann\/wp-json\/wp\/v2\/pages\/1972\/revisions\/1978"}],"up":[{"embeddable":true,"href":"https:\/\/tuerenberlin.de\/tuerenfachmann\/wp-json\/wp\/v2\/pages\/110"}],"wp:attachment":[{"href":"https:\/\/tuerenberlin.de\/tuerenfachmann\/wp-json\/wp\/v2\/media?parent=1972"}],"curies":[{"name":"wp","href":"https:\/\/api.w.org\/{rel}","templated":true}]}}