{"id":1960,"date":"2016-11-24T11:31:37","date_gmt":"2016-11-24T09:31:37","guid":{"rendered":"http:\/\/tuerenberlin.de\/tuerenfachmann\/?page_id=1960"},"modified":"2019-07-18T19:36:51","modified_gmt":"2019-07-18T17:36:51","slug":"paxentree-konfigurator","status":"publish","type":"page","link":"https:\/\/tuerenberlin.de\/tuerenfachmann\/sicherheit-zu-hause\/paxentree-konfigurator\/","title":{"rendered":"Konfigurator einbruchhemmende T\u00fcren"},"content":{"rendered":"<p><img loading=\"lazy\" decoding=\"async\" class=\"alignnone size-full wp-image-2005\" src=\"http:\/\/tuerenberlin.de\/tuerenfachmann\/wp-content\/uploads\/2016\/11\/widerstandsklasse3-tuer.jpg\" alt=\"widerstandsklasse3-tuer\" width=\"628\" height=\"447\" srcset=\"https:\/\/tuerenberlin.de\/tuerenfachmann\/wp-content\/uploads\/2016\/11\/widerstandsklasse3-tuer.jpg 628w, https:\/\/tuerenberlin.de\/tuerenfachmann\/wp-content\/uploads\/2016\/11\/widerstandsklasse3-tuer-300x214.jpg 300w\" sizes=\"(max-width: 628px) 100vw, 628px\" \/><br \/>\n<a href=\"https:\/\/104852.pax.de\/pax-tueren?f%5B0%5D=sm_profile_name%3A%22PaXentr%C3%A9e%22\" target=\"_blank\" rel=\"noopener noreferrer\">Hier kommen Sie zum T\u00fcrenkonfigurator f\u00fcr <strong>einbruchhemmende T\u00fcren verschiedener Widerstandsklassen.<\/strong> W\u00e4hlen Sie &#8222;PaXentr\u00e9e&#8220; im Konfigurator.<\/a><\/p>\n","protected":false},"excerpt":{"rendered":"<p>Hier kommen Sie zum T\u00fcrenkonfigurator f\u00fcr einbruchhemmende T\u00fcren verschiedener Widerstandsklassen. W\u00e4hlen Sie &#8222;PaXentr\u00e9e&#8220; im Konfigurator.<\/p>\n","protected":false},"author":1,"featured_media":0,"parent":110,"menu_order":0,"comment_status":"closed","ping_status":"closed","template":"","meta":{"footnotes":""},"class_list":["post-1960","page","type-page","status-publish","hentry"],"_links":{"self":[{"href":"https:\/\/tuerenberlin.de\/tuerenfachmann\/wp-json\/wp\/v2\/pages\/1960"}],"collection":[{"href":"https:\/\/tuerenberlin.de\/tuerenfachmann\/wp-json\/wp\/v2\/pages"}],"about":[{"href":"https:\/\/tuerenberlin.de\/tuerenfachmann\/wp-json\/wp\/v2\/types\/page"}],"author":[{"embeddable":true,"href":"https:\/\/tuerenberlin.de\/tuerenfachmann\/wp-json\/wp\/v2\/users\/1"}],"replies":[{"embeddable":true,"href":"https:\/\/tuerenberlin.de\/tuerenfachmann\/wp-json\/wp\/v2\/comments?post=1960"}],"version-history":[{"count":11,"href":"https:\/\/tuerenberlin.de\/tuerenfachmann\/wp-json\/wp\/v2\/pages\/1960\/revisions"}],"predecessor-version":[{"id":3119,"href":"https:\/\/tuerenberlin.de\/tuerenfachmann\/wp-json\/wp\/v2\/pages\/1960\/revisions\/3119"}],"up":[{"embeddable":true,"href":"https:\/\/tuerenberlin.de\/tuerenfachmann\/wp-json\/wp\/v2\/pages\/110"}],"wp:attachment":[{"href":"https:\/\/tuerenberlin.de\/tuerenfachmann\/wp-json\/wp\/v2\/media?parent=1960"}],"curies":[{"name":"wp","href":"https:\/\/api.w.org\/{rel}","templated":true}]}}