{"id":1948,"date":"2016-11-24T11:06:07","date_gmt":"2016-11-24T09:06:07","guid":{"rendered":"http:\/\/tuerenberlin.de\/tuerenfachmann\/?page_id=1948"},"modified":"2022-10-13T10:27:33","modified_gmt":"2022-10-13T08:27:33","slug":"einbruchschutz-im-test","status":"publish","type":"page","link":"https:\/\/tuerenberlin.de\/tuerenfachmann\/sicherheit-zu-hause\/einbruchschutz-im-test\/","title":{"rendered":"RC3 &#8211; Einbruchschutz im Test"},"content":{"rendered":"<p>Hier sehen Sie einen Film, wie eine Haust\u00fcr der Widerstandsklasse 3 (RC3) in einem Test funktioniert.<\/p>\n<p><a href=\"https:\/\/www.youtube.com\/watch?v=GeF4iOZB7I0\" target=\"_blank\" rel=\"noopener noreferrer\">Youtube Video hier aufrufen.<\/strong><\/a><\/p>\n<p>Wohnungseinbr\u00fcche haben in den letzten Jahren stark zugenommen. Die meisten Einbr\u00fcche finden am helllichten Tag statt. Viele Fenster und T\u00fcren lassen sich in Sekundenschnelle relativ einfach mit einem Schraubenzieher \u00f6ffnen. Um Einbr\u00fcche zu verhindern oder zu erschweren hat die Firma Pax mit PaXsecura schon seit l\u00e4ngerer Zeit einen Standard eingef\u00fchrt. Neu sind PaXentr\u00e9e &#8211; T\u00fcren, die bereits in der Basisversion mit einer Verriegelung und B\u00e4ndern ausgestattet sind, was sonst nur bei zertifizierten Sicherheitssystemen der Fall ist.<\/p>\n<p><a href=\"https:\/\/www.youtube.com\/watch?v=GeF4iOZB7I0\" target=\"_blank\" rel=\"noopener noreferrer\">Und wer noch mehr will: PaXentr\u00e9e ist auch in PaXsecura 200 und PaXsecura 300 verf\u00fcgbar. Noch mehr Sicherheit, die von au\u00dfen nicht sichtbar ist. <\/a><a href=\"http:\/\/tuerenberlin.de\/tuerenfachmann\/paxsecura\/\">Lesen Sie hier mehr &#8230;<\/a><\/p>\n<hr \/>\n<p><img loading=\"lazy\" decoding=\"async\" class=\"alignnone size-full wp-image-1999\" src=\"http:\/\/tuerenberlin.de\/tuerenfachmann\/wp-content\/uploads\/2016\/11\/kein-bruch.jpg\" alt=\"kein-bruch\" width=\"701\" height=\"143\" srcset=\"https:\/\/tuerenberlin.de\/tuerenfachmann\/wp-content\/uploads\/2016\/11\/kein-bruch.jpg 701w, https:\/\/tuerenberlin.de\/tuerenfachmann\/wp-content\/uploads\/2016\/11\/kein-bruch-300x61.jpg 300w\" sizes=\"(max-width: 701px) 100vw, 701px\" \/><\/p>\n<p>Die Firma HASKE ist in der Liste des Berliner Landeskriminalamts als speziell geschulter Betrieb gelistet, der die Montagearbeiten f\u00fcr Sicherheitst\u00fcren durchf\u00fchrt. Informieren Sie sich hier: <a href=\"https:\/\/www.berlin.de\/polizei\/aufgaben\/praevention\/diebstahl-und-einbruch\/artikel.125021.php\" target=\"_blank\" rel=\"noopener noreferrer\"><strong>Errichterliste des LKA Berlin<\/strong><\/a><br \/>\n<a href=\"https:\/\/www.polizei-dein-partner.de\/themen\/einbruchschutz.html\" target=\"_blank\" rel=\"noopener noreferrer\"><strong>Einbruchschutz fachgerecht installieren<\/strong> &#8211; lesen Sie hier mehr &#8230;<\/a><\/p>\n","protected":false},"excerpt":{"rendered":"<p>Hier sehen Sie einen Film, wie eine Haust\u00fcr der Widerstandsklasse 3 (RC3) in einem Test funktioniert. Youtube Video hier aufrufen. Wohnungseinbr\u00fcche haben in den letzten Jahren stark zugenommen. Die meisten Einbr\u00fcche finden am helllichten Tag statt. Viele Fenster und T\u00fcren lassen sich in Sekundenschnelle relativ einfach mit einem Schraubenzieher \u00f6ffnen. Um Einbr\u00fcche zu verhindern oder [&hellip;]<\/p>\n","protected":false},"author":1,"featured_media":0,"parent":110,"menu_order":0,"comment_status":"closed","ping_status":"closed","template":"","meta":{"footnotes":""},"class_list":["post-1948","page","type-page","status-publish","hentry"],"_links":{"self":[{"href":"https:\/\/tuerenberlin.de\/tuerenfachmann\/wp-json\/wp\/v2\/pages\/1948"}],"collection":[{"href":"https:\/\/tuerenberlin.de\/tuerenfachmann\/wp-json\/wp\/v2\/pages"}],"about":[{"href":"https:\/\/tuerenberlin.de\/tuerenfachmann\/wp-json\/wp\/v2\/types\/page"}],"author":[{"embeddable":true,"href":"https:\/\/tuerenberlin.de\/tuerenfachmann\/wp-json\/wp\/v2\/users\/1"}],"replies":[{"embeddable":true,"href":"https:\/\/tuerenberlin.de\/tuerenfachmann\/wp-json\/wp\/v2\/comments?post=1948"}],"version-history":[{"count":30,"href":"https:\/\/tuerenberlin.de\/tuerenfachmann\/wp-json\/wp\/v2\/pages\/1948\/revisions"}],"predecessor-version":[{"id":3506,"href":"https:\/\/tuerenberlin.de\/tuerenfachmann\/wp-json\/wp\/v2\/pages\/1948\/revisions\/3506"}],"up":[{"embeddable":true,"href":"https:\/\/tuerenberlin.de\/tuerenfachmann\/wp-json\/wp\/v2\/pages\/110"}],"wp:attachment":[{"href":"https:\/\/tuerenberlin.de\/tuerenfachmann\/wp-json\/wp\/v2\/media?parent=1948"}],"curies":[{"name":"wp","href":"https:\/\/api.w.org\/{rel}","templated":true}]}}