{"id":182,"date":"2013-12-12T08:19:15","date_gmt":"2013-12-12T06:19:15","guid":{"rendered":"http:\/\/tuerenberlin.de\/tuerenfachmann\/?page_id=182"},"modified":"2022-10-13T14:13:16","modified_gmt":"2022-10-13T12:13:16","slug":"laubengangtueren","status":"publish","type":"page","link":"https:\/\/tuerenberlin.de\/tuerenfachmann\/produkte\/laubengangtueren\/","title":{"rendered":"Laubengangt\u00fcren"},"content":{"rendered":"<figure id=\"attachment_1741\" aria-describedby=\"caption-attachment-1741\" style=\"width: 628px\" class=\"wp-caption alignnone\"><img loading=\"lazy\" decoding=\"async\" class=\"size-full wp-image-1741\" src=\"http:\/\/tuerenberlin.de\/tuerenfachmann\/wp-content\/uploads\/2013\/12\/Pax_laubengang.jpg\" alt=\"Laubengangt\u00fcren\" width=\"628\" height=\"285\" srcset=\"https:\/\/tuerenberlin.de\/tuerenfachmann\/wp-content\/uploads\/2013\/12\/Pax_laubengang.jpg 628w, https:\/\/tuerenberlin.de\/tuerenfachmann\/wp-content\/uploads\/2013\/12\/Pax_laubengang-300x136.jpg 300w\" sizes=\"(max-width: 628px) 100vw, 628px\" \/><figcaption id=\"caption-attachment-1741\" class=\"wp-caption-text\">Laubengangt\u00fcren mit W\u00e4rme-, Schall- und Einbruchschutz<\/figcaption><\/figure>\n<p>Wir liefern Laubengangt\u00fcren, die nicht nur optisch, sondern auch durch eine exzellente W\u00e4rmed\u00e4mmung \u00fcberzeugen. Diese Laubengangt\u00fcren bieten einen vorbildlichen W\u00e4rme-, Schall- und Einbruchschutz. Sie werden im Schwellenbereich mit drei Dichtungsebenen ausger\u00fcstet. Das einstellbare B\u00fcrsten- und Lippendichtungssyste ist effektiv, wartungs- und verschlei\u00dfarm.<\/p>\n<p>Die eckverschwei\u00dfte Aluminiumkonstruktion sorgt f\u00fcr eine glatte Oberfl\u00e4che ohne sichtbare Profil\u00fcberg\u00e4nge.<\/p>\n<p>____________________________________________________________________________<br \/>\n<strong>Vertrauen Sie auf unsere Erfahrung und Kompetenz.<\/strong><\/p>\n","protected":false},"excerpt":{"rendered":"<p>Wir liefern Laubengangt\u00fcren, die nicht nur optisch, sondern auch durch eine exzellente W\u00e4rmed\u00e4mmung \u00fcberzeugen. Diese Laubengangt\u00fcren bieten einen vorbildlichen W\u00e4rme-, Schall- und Einbruchschutz. Sie werden im Schwellenbereich mit drei Dichtungsebenen ausger\u00fcstet. Das einstellbare B\u00fcrsten- und Lippendichtungssyste ist effektiv, wartungs- und verschlei\u00dfarm. Die eckverschwei\u00dfte Aluminiumkonstruktion sorgt f\u00fcr eine glatte Oberfl\u00e4che ohne sichtbare Profil\u00fcberg\u00e4nge. ____________________________________________________________________________ Vertrauen Sie [&hellip;]<\/p>\n","protected":false},"author":1,"featured_media":0,"parent":5,"menu_order":0,"comment_status":"open","ping_status":"open","template":"","meta":{"footnotes":""},"class_list":["post-182","page","type-page","status-publish","hentry"],"_links":{"self":[{"href":"https:\/\/tuerenberlin.de\/tuerenfachmann\/wp-json\/wp\/v2\/pages\/182"}],"collection":[{"href":"https:\/\/tuerenberlin.de\/tuerenfachmann\/wp-json\/wp\/v2\/pages"}],"about":[{"href":"https:\/\/tuerenberlin.de\/tuerenfachmann\/wp-json\/wp\/v2\/types\/page"}],"author":[{"embeddable":true,"href":"https:\/\/tuerenberlin.de\/tuerenfachmann\/wp-json\/wp\/v2\/users\/1"}],"replies":[{"embeddable":true,"href":"https:\/\/tuerenberlin.de\/tuerenfachmann\/wp-json\/wp\/v2\/comments?post=182"}],"version-history":[{"count":11,"href":"https:\/\/tuerenberlin.de\/tuerenfachmann\/wp-json\/wp\/v2\/pages\/182\/revisions"}],"predecessor-version":[{"id":3522,"href":"https:\/\/tuerenberlin.de\/tuerenfachmann\/wp-json\/wp\/v2\/pages\/182\/revisions\/3522"}],"up":[{"embeddable":true,"href":"https:\/\/tuerenberlin.de\/tuerenfachmann\/wp-json\/wp\/v2\/pages\/5"}],"wp:attachment":[{"href":"https:\/\/tuerenberlin.de\/tuerenfachmann\/wp-json\/wp\/v2\/media?parent=182"}],"curies":[{"name":"wp","href":"https:\/\/api.w.org\/{rel}","templated":true}]}}