{"id":180,"date":"2013-12-12T08:18:32","date_gmt":"2013-12-12T06:18:32","guid":{"rendered":"http:\/\/tuerenberlin.de\/tuerenfachmann\/?page_id=180"},"modified":"2022-10-13T14:05:05","modified_gmt":"2022-10-13T12:05:05","slug":"stahltueren","status":"publish","type":"page","link":"https:\/\/tuerenberlin.de\/tuerenfachmann\/produkte\/stahltueren\/","title":{"rendered":"Stahlfunktionst\u00fcren"},"content":{"rendered":"<p><a href=\"http:\/\/tuerenberlin.de\/tuerenfachmann\/wp-content\/uploads\/2013\/12\/stahltueren2.jpg\"><img loading=\"lazy\" decoding=\"async\" class=\"alignnone size-full wp-image-995\" src=\"https:\/\/tuerenberlin.de\/tuerenfachmann\/wp-content\/uploads\/2022\/10\/stahltueren.jpg\" alt=\"stahltueren\" width=\"628\" height=\"285\"><\/a><br \/>\n<strong>Stahlharter Schutz!<\/strong><br \/>\nStahlt\u00fcrsysteme bieten seit Jahrzehnten erprobte, st\u00e4hlerne Sicherheit, zugeschnitten auf das Einsatzfeld und den individuellen Bedarf. Modernes Design, zeitsparende Montage und optimierter Komfort machen Stahlt\u00fcren zu Bollwerken im Brand- Rauch-, Schall- und Einbruchschutz.<\/p>\n<p><strong>Brandschutzt\u00fcren T30\/T60\/T90 &#8211; Vorbeugen und Eind\u00e4mmen <\/strong><br \/>\nDer Entstehung von Br\u00e4nden mu\u00df vorgebeugt und Ihre Ausweitung einged\u00e4mmt werden. Fuerhemmenden T\u00fcren leisten dabei einen effektiven Brandschutz. Informieren Sie sich \u00fcber unser vielf\u00e4ltiges Programm. Es umfasst neben den Modellen der Widerstandsklasse \u201eFeuerhemmend (T30-T\u00fcr)\u201c auch die Klassen \u201eHochfeuerhemmend (T60-T\u00fcr)\u201c und \u201eFeuerbest\u00e4ndig (T90-T\u00fcr)\u201c.<br \/>\nWir arbeiten seit Jahren mit den Produkten namhafter Hersteller.<\/p>\n<p>Folgende Vorteile sind Ihnen sicher:<br \/>\n&#8211; Verbesserter Brandschutz<br \/>\n&#8211; Gepr\u00fcft nach EN 1634-1<br \/>\n&#8211; T\u00fcrblatt fl\u00e4chenb\u00fcndig&nbsp;ohne Bandpr\u00e4gung<br \/>\n&#8211; Schnelle Montage<br \/>\n&#8211; Leise Schlie\u00dfung<br \/>\n&#8211; H\u00f6henregulierbarkeit<br \/>\n&#8211; Mehr Sicherheit, Design&nbsp;und Komfort<\/p>\n<p><strong>Rauchschutzt\u00fcren &#8211; RS-1\/RS-2 gepr\u00fcft nach DIN 18095<\/strong><\/p>\n<p>Moderne T\u00fcrtechnik sorgt f\u00fcr einen automatisierten und zuverl\u00e4ssigen Rauchschutz. Rauch ist mindestens so gef\u00e4hrlich wie Feuer. Rauchschutzt\u00fcren sollten deshalb nach DIN 18095 gepr\u00fcft sein und selbstt\u00e4tig schlie\u00dfen. Dreiseitige Spezialdichtungen und angepasste Bodendichtungen verhindern dabei den Durchtritt von Rauch. Rauchschutzt\u00fcren werden in allen privaten, \u00f6ffentlichen und industriellen Bereichen eingesetzt.<\/p>\n<p><strong>Sicherheitst\u00fcren (dw 42\/52\/62-1, 62-2) WK2 &#8211; WK4<\/strong><br \/>\nUm sich effektiv gegen Einbruch zu sch\u00fctzen, empfiehlt sich eine Sicherheitst\u00fcr. Wir bieten Ihnen eine gro\u00dfe Auswahl an amtlich gepr\u00fcften und getesteten, einbruchhemmenden Sicherheitst\u00fcren. Sicherheitst\u00fcren werden im privaten, im gewerblichen, im industriellen Umfeld und in \u00f6ffentlichen Bereichen eingesetzt. Die Sicherungsmerkmale einer einbruchhemmenden T\u00fcr sind von au\u00dfen kaum erkennbar. So kann eine Sicherheitst\u00fcr in herk\u00f6mmlichen Materialien, wie zum Beispiel Holz, Kunststoff oder Metall oder auch mit Verglasung ausgef\u00fchrt werden.<\/p>\n<p><strong>Schallschutz (dw 67-1\/S\/HS bis RW 57 dB)(dw 67-2\/HS bis RW 55 dB)<\/strong><br \/>\nIn Geb\u00e4uden mit gro\u00dfem L\u00e4rmaufkommen, z.B. in Testr\u00e4umen f\u00fcr Motoren oder Turbinen m\u00fcssen hohe Schalld\u00e4mmwerte erreicht werden. Durch die besondere Konstruktion des T\u00fcrblattes, Isoliermaterial und speziellen Dichtungen, erreichen die T\u00fcren Schalld\u00e4mmwerte bis 57 dB. Die Abdichtung der Schallschutzt\u00fcr zum Boden erfolgt mittels absenkbarer Bodendichtungen. Diese senken sich beim Schlie\u00dfen automatisch nach unten ab. Auch Schleif- oder eine Anschlagdichtung k\u00f6nnen eingesetzt werden. Informieren Sie sich hierzu bei Ihrem T\u00fcrenfachmann.<\/p>\n<p>_____________________________________________________________________<br \/>\n<strong>Nutzen Sie mehr als 20 Jahre Erfahrung &#8211; Ihr T\u00fcrenfachmann in Berlin!<\/strong><\/p>\n","protected":false},"excerpt":{"rendered":"<p>Stahlharter Schutz! Stahlt\u00fcrsysteme bieten seit Jahrzehnten erprobte, st\u00e4hlerne Sicherheit, zugeschnitten auf das Einsatzfeld und den individuellen Bedarf. Modernes Design, zeitsparende Montage und optimierter Komfort machen Stahlt\u00fcren zu Bollwerken im Brand- Rauch-, Schall- und Einbruchschutz. Brandschutzt\u00fcren T30\/T60\/T90 &#8211; Vorbeugen und Eind\u00e4mmen Der Entstehung von Br\u00e4nden mu\u00df vorgebeugt und Ihre Ausweitung einged\u00e4mmt werden. Fuerhemmenden T\u00fcren leisten dabei [&hellip;]<\/p>\n","protected":false},"author":1,"featured_media":0,"parent":5,"menu_order":0,"comment_status":"open","ping_status":"open","template":"","meta":{"footnotes":""},"class_list":["post-180","page","type-page","status-publish","hentry"],"_links":{"self":[{"href":"https:\/\/tuerenberlin.de\/tuerenfachmann\/wp-json\/wp\/v2\/pages\/180"}],"collection":[{"href":"https:\/\/tuerenberlin.de\/tuerenfachmann\/wp-json\/wp\/v2\/pages"}],"about":[{"href":"https:\/\/tuerenberlin.de\/tuerenfachmann\/wp-json\/wp\/v2\/types\/page"}],"author":[{"embeddable":true,"href":"https:\/\/tuerenberlin.de\/tuerenfachmann\/wp-json\/wp\/v2\/users\/1"}],"replies":[{"embeddable":true,"href":"https:\/\/tuerenberlin.de\/tuerenfachmann\/wp-json\/wp\/v2\/comments?post=180"}],"version-history":[{"count":40,"href":"https:\/\/tuerenberlin.de\/tuerenfachmann\/wp-json\/wp\/v2\/pages\/180\/revisions"}],"predecessor-version":[{"id":3517,"href":"https:\/\/tuerenberlin.de\/tuerenfachmann\/wp-json\/wp\/v2\/pages\/180\/revisions\/3517"}],"up":[{"embeddable":true,"href":"https:\/\/tuerenberlin.de\/tuerenfachmann\/wp-json\/wp\/v2\/pages\/5"}],"wp:attachment":[{"href":"https:\/\/tuerenberlin.de\/tuerenfachmann\/wp-json\/wp\/v2\/media?parent=180"}],"curies":[{"name":"wp","href":"https:\/\/api.w.org\/{rel}","templated":true}]}}