{"id":18,"date":"2013-09-17T13:49:57","date_gmt":"2013-09-17T11:49:57","guid":{"rendered":"http:\/\/tuerenberlin.de\/tuerenfachmann\/?page_id=18"},"modified":"2024-06-19T10:56:06","modified_gmt":"2024-06-19T08:56:06","slug":"produkt-1","status":"publish","type":"page","link":"https:\/\/tuerenberlin.de\/tuerenfachmann\/produkte\/produkt-1\/","title":{"rendered":"Haust\u00fcren"},"content":{"rendered":"<figure id=\"attachment_1713\" aria-describedby=\"caption-attachment-1713\" style=\"width: 628px\" class=\"wp-caption alignnone\"><img loading=\"lazy\" decoding=\"async\" class=\"size-full wp-image-1713\" src=\"http:\/\/tuerenberlin.de\/tuerenfachmann\/wp-content\/uploads\/2013\/09\/Pax02.jpg\" alt=\"Haust\u00fcre\" width=\"628\" height=\"285\" srcset=\"https:\/\/tuerenberlin.de\/tuerenfachmann\/wp-content\/uploads\/2013\/09\/Pax02.jpg 628w, https:\/\/tuerenberlin.de\/tuerenfachmann\/wp-content\/uploads\/2013\/09\/Pax02-300x136.jpg 300w\" sizes=\"(max-width: 628px) 100vw, 628px\" \/><figcaption id=\"caption-attachment-1713\" class=\"wp-caption-text\">Eine Haust\u00fcr ist ein Unikat.<\/figcaption><\/figure>\n<p>Jede Haust\u00fcr wird an Ihre Bed\u00fcrfnisse angepa\u00dft und ist daher ein Unikat. Sie erf\u00fcllt zahlreiche Aufgaben und spielt daher eine wichtige Rolle in Ihrem Zuhause. Design, Farbe und Material sollten auf die Hausfront abgestimmt sein und zum Architekturstil Ihres Hauses passen. Nutzen Sie den neuesten Stand der Technik, um sich gegen Einbr\u00fcche zu sch\u00fctzen. Eine solide Haust\u00fcre bietet dar\u00fcber\u00a0 hinaus eine gute W\u00e4rmed\u00e4mmung und ausreichenden Schallschutz. Hier gibt es zahlreiche M\u00f6glichkeiten, die helfen Ihren Geldbeutel langfristig zu schonen.<\/p>\n<p><strong>Gro\u00dfe Auswahl<\/strong><br \/>\nInformieren Sie sich in einer umfangreichen Auswahl zum Thema Haust\u00fcren. Wir liefern Modelle aus Holz, Aluminium, Holz-Aluminium-Kombinationen und Kunststofft\u00fcren. Die Farbvarianten sind vielf\u00e4ltig, ebenso die Kombinationsm\u00f6glichkeiten mit Seitenteilen, Oberlichtern und Glasausschnitten. Wollen Sie selbst kreativ werden, dann nutzen Sie den <a title=\"Haust\u00fcrenplaner\" href=\"http:\/\/haske.pax.de\/pax-tueren\" target=\"_blank\" rel=\"noopener noreferrer\">Haust\u00fcrenplaner<\/a>.<\/p>\n<p><strong>30 Jahre Erfahrung<\/strong><br \/>\nNutzen Sie mehr als 30\u00a0 Jahre Erfahrung. Wir beraten Sie vor Ort, erstellen die Aufma\u00dfe und f\u00fchren die Montage durch.<\/p>\n<p><strong>Service \u2013 Komfortpaket<\/strong><br \/>\nInformieren Sie sich \u00fcber unseren Service vom Fachmann zu kurzfristigen Lieferzeiten an 6 Tagen in der Woche, Montage inklusive! Rufen Sie uns an. Tel: 030 &#8211; 8574624-44<\/p>\n<p><small><a style=\"color: #0000ff; text-align: left;\" href=\"https:\/\/www.google.de\/maps?f=q&amp;source=embed&amp;hl=de&amp;geocode=&amp;q=HASKE+Fenster+und+T%C3%BCren,+Berlin&amp;aq=0&amp;oq=haske,+berlin&amp;sll=52.506844,13.424732&amp;sspn=0.697121,1.411743&amp;ie=UTF8&amp;hq=&amp;hnear=&amp;t=m&amp;iwloc=A&amp;ll=52.588072,13.427998&amp;spn=0.006295,0.006295\">Gr\u00f6\u00dfere Kartenansicht<\/a><\/small><\/p>\n<p>_________________________________________________________________________<\/p>\n<p><strong>Individualit\u00e4t ist unsere St\u00e4rke. Erleben Sie, was Service hei\u00dft!<\/strong><\/p>\n","protected":false},"excerpt":{"rendered":"<p>Jede Haust\u00fcr wird an Ihre Bed\u00fcrfnisse angepa\u00dft und ist daher ein Unikat. Sie erf\u00fcllt zahlreiche Aufgaben und spielt daher eine wichtige Rolle in Ihrem Zuhause. Design, Farbe und Material sollten auf die Hausfront abgestimmt sein und zum Architekturstil Ihres Hauses passen. Nutzen Sie den neuesten Stand der Technik, um sich gegen Einbr\u00fcche zu sch\u00fctzen. Eine [&hellip;]<\/p>\n","protected":false},"author":1,"featured_media":0,"parent":5,"menu_order":0,"comment_status":"closed","ping_status":"open","template":"","meta":{"footnotes":""},"class_list":["post-18","page","type-page","status-publish","hentry"],"_links":{"self":[{"href":"https:\/\/tuerenberlin.de\/tuerenfachmann\/wp-json\/wp\/v2\/pages\/18"}],"collection":[{"href":"https:\/\/tuerenberlin.de\/tuerenfachmann\/wp-json\/wp\/v2\/pages"}],"about":[{"href":"https:\/\/tuerenberlin.de\/tuerenfachmann\/wp-json\/wp\/v2\/types\/page"}],"author":[{"embeddable":true,"href":"https:\/\/tuerenberlin.de\/tuerenfachmann\/wp-json\/wp\/v2\/users\/1"}],"replies":[{"embeddable":true,"href":"https:\/\/tuerenberlin.de\/tuerenfachmann\/wp-json\/wp\/v2\/comments?post=18"}],"version-history":[{"count":39,"href":"https:\/\/tuerenberlin.de\/tuerenfachmann\/wp-json\/wp\/v2\/pages\/18\/revisions"}],"predecessor-version":[{"id":3673,"href":"https:\/\/tuerenberlin.de\/tuerenfachmann\/wp-json\/wp\/v2\/pages\/18\/revisions\/3673"}],"up":[{"embeddable":true,"href":"https:\/\/tuerenberlin.de\/tuerenfachmann\/wp-json\/wp\/v2\/pages\/5"}],"wp:attachment":[{"href":"https:\/\/tuerenberlin.de\/tuerenfachmann\/wp-json\/wp\/v2\/media?parent=18"}],"curies":[{"name":"wp","href":"https:\/\/api.w.org\/{rel}","templated":true}]}}