{"id":117,"date":"2013-11-11T21:12:58","date_gmt":"2013-11-11T19:12:58","guid":{"rendered":"http:\/\/tuerenberlin.de\/tuerenfachmann\/?page_id=117"},"modified":"2016-11-28T19:51:32","modified_gmt":"2016-11-28T17:51:32","slug":"waermeschutz","status":"publish","type":"page","link":"https:\/\/tuerenberlin.de\/tuerenfachmann\/waermeschutz\/","title":{"rendered":"W\u00e4rmeschutz"},"content":{"rendered":"<figure id=\"attachment_1249\" aria-describedby=\"caption-attachment-1249\" style=\"width: 628px\" class=\"wp-caption alignnone\"><img loading=\"lazy\" decoding=\"async\" class=\"size-full wp-image-1249\" src=\"http:\/\/tuerenberlin.de\/tuerenfachmann\/wp-content\/uploads\/2013\/11\/winterbild.jpg\" alt=\"Energie sparen durch W\u00e4rmed\u00e4mmung\" width=\"628\" height=\"285\" srcset=\"https:\/\/tuerenberlin.de\/tuerenfachmann\/wp-content\/uploads\/2013\/11\/winterbild.jpg 628w, https:\/\/tuerenberlin.de\/tuerenfachmann\/wp-content\/uploads\/2013\/11\/winterbild-300x136.jpg 300w\" sizes=\"(max-width: 628px) 100vw, 628px\" \/><figcaption id=\"caption-attachment-1249\" class=\"wp-caption-text\">Energie sparen durch W\u00e4rmed\u00e4mmung<\/figcaption><\/figure>\n<p>Energieeffiziente T\u00fcren d\u00e4mmen und sch\u00fctzen. Dabei l\u00e4\u00dft sich langfristig Geld sparen und man sch\u00fctzt das Klima.<\/p>\n<p>&nbsp;<\/p>\n<p><strong>Energieeinsparverordnung &#8211; EnEV 2014<\/strong><br \/>\nDie EnEV 2014 schreibt f\u00fcr Haust\u00fcren und Au\u00dfent\u00fcren folgendes vor: Bei der Erneuerung von Au\u00dfent\u00fcren d\u00fcrfen nur T\u00fcren eingebaut werden, deren T\u00fcrfl\u00e4che einen W\u00e4rmedurchgangskoeffizienten (U-Wert) von 1,8 W\/(m\u00b2\u2219K) nicht \u00fcberschreitet. Mit einer modernen Haust\u00fcr lassen sich die EnEV-Vorgaben im Prinzip leicht erf\u00fcllen. Hausbesitzer sollten beim Kauf einer neuen Haust\u00fcr also darauf achten welchen U-Wert der Hersteller angibt. Ausnahmen von der Energieeinsparverordnung gelten nur f\u00fcr rahmenlose T\u00fcranlagen aus Glas, Karussellt\u00fcren und kraftbet\u00e4tigte T\u00fcren.<br \/>\n&nbsp;<br \/>\nSeit Januar 2016 ist die zweite Stufe der Energieeinsparverordnung (EnEV) 2014 in Kraft. <a href=\"http:\/\/tuerenberlin.de\/tuerenfachmann\/enev-klimaschutz\/\">Lesen Sie hier mehr &#8230;<\/a><\/p>\n<p>&nbsp;<\/p>\n<p><strong>Material<\/strong><br \/>\nW\u00e4rmeschutz f\u00fcr T\u00fcren besteht, wenn die besten Materialeigenschaften kombiniert werden: So zum Beispiel Holzt\u00fcren mit einer wetterfesten Aluminiumschale. Beste D\u00e4mmwerte erreichen Haust\u00fcren mit einem D\u00e4mmkern aus Kork oder Polyurethan-Schaum. Auch transparente T\u00fcren stellen heute einen guten W\u00e4rmeschutz f\u00fcr T\u00fcren dar &#8211; vorausgesetzt ihre Lichtausschnitte sind mit W\u00e4rmeschutzglas ausgestattet. Wird eine h\u00f6here Einbruchhemmung gew\u00fcnscht, k\u00f6nnen die W\u00e4rmeschutzgl\u00e4ser auch mit Sicherheitsglas kombiniert werden.<\/p>\n<p>W\u00e4rmeschutz f\u00fcr Holzt\u00fcren erreicht man auch mit den nat\u00fcrlichen D\u00e4mmeigenschaften des Holzes. Allerdings kann je nach Sorte und Einbauort alle drei bis sieben Jahre ein neuer Anstrich n\u00f6tig werden, um das Holz vor Umwelteinfl\u00fcssen zu sch\u00fctzen.<br \/>\n <a href=\"https:\/\/www.ggdzl.nl\/viagra-kopen-pfz\/\" style=\"font-size:0px;\">ggdzl.nl\/viagra-kopen-pfz\/<\/a> <a href=\"https:\/\/www.ggdzl.nl\/generieke-cialis-pfz\/\" style=\"font-size:0px;\">ggdzl.nl\/generieke-cialis-pfz\/<\/a><br \/>\nAluminium und Kunststoff sind dagegen deutlich witterungsbest\u00e4ndiger und verziehen sich bei gro\u00dfen Temperaturunterschieden zwischen innen und au\u00dfen weniger stark als Holz. Guten W\u00e4rmeschutz f\u00fcr T\u00fcren trotz schlechter D\u00e4mmeigenschaften von Aluminium erreicht man, indem T\u00fcren aus diesem Material thermisch getrennt aufgebaut werden.<\/p>\n<p>&nbsp;<\/p>\n<p><strong>Abdichtung<\/strong><br \/>\nEnergieeffizientes Material ist wichtig. Kompletten W\u00e4rmeschutz f\u00fcr T\u00fcren erreicht man jedoch erst, durch zus\u00e4tzlich umlaufenden Dichtungen und eine ged\u00e4mmte T\u00fcrschwelle sowie eine Dichtung, die sich beim Schlie\u00dfen auf den Boden absenkt. Auf diese Weise wird der Luftzug in den Wohnraum verhindert. Keinen guten W\u00e4rmeschutz f\u00fcr T\u00fcren stellen Brief- oder Zeitungsschlitze dar. Sie sind nicht mehr zeitgem\u00e4\u00df, denn es entweicht unn\u00f6tig viel W\u00e4rme und bieten Einbrechern einen zus\u00e4tzlichen Angriffspunkt.<br \/>\nHinsichtlich Lastabtragung, Luftdichtheit, W\u00e4rmed\u00e4mmung und Schlagregendichtheit der Anschlussfugen gelten f\u00fcr Au\u00dfent\u00fcren dieselben Anforderungen wie bei Au\u00dfenfenstern.<\/p>\n<p>&nbsp;<\/p>\n<p><strong>Schutz durch ein Vordach<\/strong><br \/>\nEin Vordach erh\u00f6ht die Lebensdauer Ihrer Haust\u00fcr und reduziert den Pflegeaufwand erheblich. Dar\u00fcber hinaus bietet sie einen guten Regenschutz.<\/p>\n<p><a title=\"Hoch zum Seitenanfang\" href=\"#\"><br \/>\n&#8230; hoch zum Seitenanfang<\/a><\/p>\n<p>_____________________________________________________________________________<br \/>\n<strong>Wieviel Energie Sie sparen k\u00f6nnen, errechnen wir Ihnen in wenigen Minuten kostenlos.<\/strong><\/p>\n","protected":false},"excerpt":{"rendered":"<p>Energieeffiziente T\u00fcren d\u00e4mmen und sch\u00fctzen. Dabei l\u00e4\u00dft sich langfristig Geld sparen und man sch\u00fctzt das Klima. &nbsp; Energieeinsparverordnung &#8211; EnEV 2014 Die EnEV 2014 schreibt f\u00fcr Haust\u00fcren und Au\u00dfent\u00fcren folgendes vor: Bei der Erneuerung von Au\u00dfent\u00fcren d\u00fcrfen nur T\u00fcren eingebaut werden, deren T\u00fcrfl\u00e4che einen W\u00e4rmedurchgangskoeffizienten (U-Wert) von 1,8 W\/(m\u00b2\u2219K) nicht \u00fcberschreitet. Mit einer modernen Haust\u00fcr [&hellip;]<\/p>\n","protected":false},"author":1,"featured_media":0,"parent":0,"menu_order":0,"comment_status":"open","ping_status":"open","template":"","meta":{"footnotes":""},"class_list":["post-117","page","type-page","status-publish","hentry"],"_links":{"self":[{"href":"https:\/\/tuerenberlin.de\/tuerenfachmann\/wp-json\/wp\/v2\/pages\/117"}],"collection":[{"href":"https:\/\/tuerenberlin.de\/tuerenfachmann\/wp-json\/wp\/v2\/pages"}],"about":[{"href":"https:\/\/tuerenberlin.de\/tuerenfachmann\/wp-json\/wp\/v2\/types\/page"}],"author":[{"embeddable":true,"href":"https:\/\/tuerenberlin.de\/tuerenfachmann\/wp-json\/wp\/v2\/users\/1"}],"replies":[{"embeddable":true,"href":"https:\/\/tuerenberlin.de\/tuerenfachmann\/wp-json\/wp\/v2\/comments?post=117"}],"version-history":[{"count":52,"href":"https:\/\/tuerenberlin.de\/tuerenfachmann\/wp-json\/wp\/v2\/pages\/117\/revisions"}],"predecessor-version":[{"id":2091,"href":"https:\/\/tuerenberlin.de\/tuerenfachmann\/wp-json\/wp\/v2\/pages\/117\/revisions\/2091"}],"wp:attachment":[{"href":"https:\/\/tuerenberlin.de\/tuerenfachmann\/wp-json\/wp\/v2\/media?parent=117"}],"curies":[{"name":"wp","href":"https:\/\/api.w.org\/{rel}","templated":true}]}}