{"id":110,"date":"2013-11-11T21:02:06","date_gmt":"2013-11-11T19:02:06","guid":{"rendered":"http:\/\/tuerenberlin.de\/tuerenfachmann\/?page_id=110"},"modified":"2016-11-27T18:22:04","modified_gmt":"2016-11-27T16:22:04","slug":"sicherheit-zu-hause","status":"publish","type":"page","link":"https:\/\/tuerenberlin.de\/tuerenfachmann\/sicherheit-zu-hause\/","title":{"rendered":"Sicherheit zu Hause"},"content":{"rendered":"<figure id=\"attachment_1745\" aria-describedby=\"caption-attachment-1745\" style=\"width: 628px\" class=\"wp-caption alignnone\"><img loading=\"lazy\" decoding=\"async\" src=\"http:\/\/tuerenberlin.de\/tuerenfachmann\/wp-content\/uploads\/2013\/11\/Paxsicherheit.jpg\" alt=\"Einbruchschutz\" width=\"628\" height=\"285\" class=\"size-full wp-image-1745\" srcset=\"https:\/\/tuerenberlin.de\/tuerenfachmann\/wp-content\/uploads\/2013\/11\/Paxsicherheit.jpg 628w, https:\/\/tuerenberlin.de\/tuerenfachmann\/wp-content\/uploads\/2013\/11\/Paxsicherheit-300x136.jpg 300w\" sizes=\"(max-width: 628px) 100vw, 628px\" \/><figcaption id=\"caption-attachment-1745\" class=\"wp-caption-text\">Die richtigen T\u00fcren bieten einen zuverl\u00e4ssigen Einbruchschutz.<\/figcaption><\/figure>\n<p><strong>Sicherheit bei Tag und Nacht<\/strong><br \/>\nSch\u00fctzen Sie sich und Ihr Haus effektiv bei Tag und Nacht. Alle 2,5 Minuten wird in Deutschland in eine Wohnung eingebrochen. Sch\u00fctzen Sie sich mit aktiven und passiven Sicherungseinrichtungen. Wir erstellen Ihr Sicherheitspaket nach Ma\u00df. Sprechen Sie uns an. Tel: 030 857 462 444<br \/>\n&nbsp;<br \/>\n<strong>Mechanische Sicherungen<\/strong><br \/>\nMechanische Sicherungen sind die wesentliche Voraussetzung f\u00fcr einen wirksamen Einbruchschutz. Sie verlangsamen oder verhindern den Einbruch und\/oder bewirken, dass beim Einbruch mehr L\u00e4rm entsteht. Elektronische Sicherungen, wie Einbruchmeldeanlagen, verhindern dagegen keinen Einbruch, sondern melden ihn nur.<br \/>\nEine Sicherheitst\u00fcr kann je nach Widerstandsklasse den Einbruch erheblich erschweren oder sogar nahezu unm\u00f6glich machen. Nachtr\u00e4glich k\u00f6nnen T\u00fcren durch <strong>Balkenschl\u00f6sser, Querriegelschl\u00f6sser<\/strong> und <strong>Kastenschl\u00f6sser<\/strong> gesichert werden. <strong>Hinterhaken<\/strong> verhindern, dass eine T\u00fcr an der B\u00e4nderseite mit Gewalt aufgedr\u00fcckt oder aus den T\u00fcrb\u00e4ndern (Angeln) gehoben werden kann (sog. Aushebesicherung). Das Sicherheitsschloss kann durch einen <strong>Aufbohrschutz<\/strong> oder <strong>Schutzbeschlag<\/strong> zus\u00e4tzlich gesch\u00fctzt werden.<\/p>\n<p><strong>Elektronische Sicherungen &#8211; Video\u00fcberwachung<\/strong><br \/>\n<\/strong>Elektronische Sicherungen dienen dem Erkennen oder Melden von Gefahren (z. B. bei \u00dcberfall oder bei Einbruch) bzw. der Beobachtung von Orten. Sie verhindern zwar keinen Einbruch, doch ihre Meldewirkung erh\u00f6ht das Risiko f\u00fcr Einbrecher, entdeckt zu werden. Erfahrungsgem\u00e4\u00df lassen sich potenzielle T\u00e4ter oft von vornherein abschrecken, wenn sie feststellen, dass eine Einbruchmeldeanlage (EMA, sogenannte Alarmanlage) oder eine \u00dcberfallmeldeanlage (\u00dcMA) installiert ist. <\/p>\n<p><strong>Sonstige Ma\u00dfnahmen<\/strong><br \/>\nEine Kombination aus mechanischen und elektronischen Sicherungen erh\u00f6ht den Einbruchschutz. Zudem gibt es erg\u00e4nzende Ma\u00dfnahmen; dazu geh\u00f6rt eine Zutrittskontrolle. Diese steuert den Zutritt \u00fcber ein vom Betreiber festgelegtes Regelwerk, damit nur berechtigte Personen Zugang zu den f\u00fcr sie freigegebenen Bereichen in Geb\u00e4uden oder gesch\u00fctzten Arealen auf einem Gel\u00e4nde erhalten.<\/p>\n<p>Einbrecher meiden oft gut beleuchtete Grundst\u00fccke. Deshalb haben sich Au\u00dfenbeleuchtungsanlagen &#8211; mit oder ohne Bewegungsmelder &#8211; als Abschreckung bew\u00e4hrt. Z\u00e4une und Mauern k\u00f6nnen Menschen daran hindern, ein Gebiet zu betreten oder zu verlassen. Tresore sch\u00fctzen Geld, Wertsachen oder sonstige Gegenst\u00e4nde vor Diebstahl und\/oder Feuer. Eine zuvor durchgef\u00fchrte Wertsachenerfassung (Fotos, Wertgegenstandsliste) erleichtert nach einem Diebstahl die Auffindung entwendeter Gegenst\u00e4nde. Ein Wachhund hat die Aufgabe, ein Revier selbst\u00e4ndig, also ohne direkte Einwirkung eines Hundef\u00fchrers, zu bewachen. Objekte k\u00f6nnen zudem durch einen Wach- und Sicherheitsdienst gesch\u00fctzt werden. Seit den 1980er Jahren hat sich die Dienstleistung Haush\u00fcter auch in Deutschland verbreitet. Eine gut funktionierende Nachbarschaftshilfe kann ebenfalls die Wahrscheinlichkeit eines Einbruchs vermindern.<\/p>\n<p><a href=\"#\" title=\"Hoch zum Seitenanfang\"><br \/>\n&#8230; hoch zum Seitenanfang<\/a><\/p>\n<p>_______________________________________________________________________<br \/>\n<strong>Rundumschutz nach Ma\u00df &#8211; Kompetenz durch Erfahrung!<\/strong><\/p>\n","protected":false},"excerpt":{"rendered":"<p>Sicherheit bei Tag und Nacht Sch\u00fctzen Sie sich und Ihr Haus effektiv bei Tag und Nacht. Alle 2,5 Minuten wird in Deutschland in eine Wohnung eingebrochen. Sch\u00fctzen Sie sich mit aktiven und passiven Sicherungseinrichtungen. Wir erstellen Ihr Sicherheitspaket nach Ma\u00df. Sprechen Sie uns an. Tel: 030 857 462 444 &nbsp; Mechanische Sicherungen Mechanische Sicherungen sind [&hellip;]<\/p>\n","protected":false},"author":1,"featured_media":0,"parent":0,"menu_order":0,"comment_status":"open","ping_status":"open","template":"","meta":{"footnotes":""},"class_list":["post-110","page","type-page","status-publish","hentry"],"_links":{"self":[{"href":"https:\/\/tuerenberlin.de\/tuerenfachmann\/wp-json\/wp\/v2\/pages\/110"}],"collection":[{"href":"https:\/\/tuerenberlin.de\/tuerenfachmann\/wp-json\/wp\/v2\/pages"}],"about":[{"href":"https:\/\/tuerenberlin.de\/tuerenfachmann\/wp-json\/wp\/v2\/types\/page"}],"author":[{"embeddable":true,"href":"https:\/\/tuerenberlin.de\/tuerenfachmann\/wp-json\/wp\/v2\/users\/1"}],"replies":[{"embeddable":true,"href":"https:\/\/tuerenberlin.de\/tuerenfachmann\/wp-json\/wp\/v2\/comments?post=110"}],"version-history":[{"count":27,"href":"https:\/\/tuerenberlin.de\/tuerenfachmann\/wp-json\/wp\/v2\/pages\/110\/revisions"}],"predecessor-version":[{"id":2032,"href":"https:\/\/tuerenberlin.de\/tuerenfachmann\/wp-json\/wp\/v2\/pages\/110\/revisions\/2032"}],"wp:attachment":[{"href":"https:\/\/tuerenberlin.de\/tuerenfachmann\/wp-json\/wp\/v2\/media?parent=110"}],"curies":[{"name":"wp","href":"https:\/\/api.w.org\/{rel}","templated":true}]}}