{"id":1022,"date":"2014-08-15T16:01:55","date_gmt":"2014-08-15T14:01:55","guid":{"rendered":"http:\/\/tuerenberlin.de\/tuerenfachmann\/?page_id=1022"},"modified":"2022-10-13T14:12:22","modified_gmt":"2022-10-13T12:12:22","slug":"glas","status":"publish","type":"page","link":"https:\/\/tuerenberlin.de\/tuerenfachmann\/produkte\/tuerelemente\/glas\/","title":{"rendered":"Ornamentglas"},"content":{"rendered":"<p><img loading=\"lazy\" decoding=\"async\" class=\"alignnone size-full wp-image-2119\" src=\"https:\/\/tuerenberlin.de\/tuerenfachmann\/wp-content\/uploads\/2022\/10\/ornamentglaeser.jpg\" alt=\"ornamentglaeser1\" width=\"628\" height=\"285\"><\/p>\n<p>Die Muster auf Ornamentglas entstehen durch einen Pr\u00e4gevorgang bei hohen Temperaturen. Die auf 1200 Grad erhitzte Glasmasse wird zwischen zwei Walzen mit strukturierten Oberfl\u00e4chen gegossen. Dann erkaltet die Glasmasse mit der jeweiligen Musterpr\u00e4gung. Je nach Walzenstruktur entstehen Wellen, Rillen, Rippen, Prismen oder andere Oberfl\u00e4chen, die sch\u00f6ne Lichtspiele erzeugen.<\/p>\n<p>Grunds\u00e4tzlich k\u00f6nnen alle T\u00fcren mit Ornamentglas best\u00fcckt werden. Ausgenommen sind T\u00fcren mit schmalem Lichtband.<\/p>\n<p><img loading=\"lazy\" decoding=\"async\" class=\"alignnone size-full wp-image-2120\" src=\"http:\/\/tuerenberlin.de\/tuerenfachmann\/wp-content\/uploads\/2014\/08\/ornamentglaeser2.jpg\" alt=\"ornamentglaeser2\" width=\"628\" height=\"1210\" srcset=\"https:\/\/tuerenberlin.de\/tuerenfachmann\/wp-content\/uploads\/2014\/08\/ornamentglaeser2.jpg 628w, https:\/\/tuerenberlin.de\/tuerenfachmann\/wp-content\/uploads\/2014\/08\/ornamentglaeser2-156x300.jpg 156w, https:\/\/tuerenberlin.de\/tuerenfachmann\/wp-content\/uploads\/2014\/08\/ornamentglaeser2-531x1024.jpg 531w\" sizes=\"(max-width: 628px) 100vw, 628px\" \/><\/p>\n<p>__________________________________________________________________________<br \/>\n<strong>Individuelle Gestaltung Ihrer T\u00fcren &#8211; Sprechen Sie uns an!<\/strong><\/p>\n","protected":false},"excerpt":{"rendered":"<p>Die Muster auf Ornamentglas entstehen durch einen Pr\u00e4gevorgang bei hohen Temperaturen. Die auf 1200 Grad erhitzte Glasmasse wird zwischen zwei Walzen mit strukturierten Oberfl\u00e4chen gegossen. Dann erkaltet die Glasmasse mit der jeweiligen Musterpr\u00e4gung. Je nach Walzenstruktur entstehen Wellen, Rillen, Rippen, Prismen oder andere Oberfl\u00e4chen, die sch\u00f6ne Lichtspiele erzeugen. Grunds\u00e4tzlich k\u00f6nnen alle T\u00fcren mit Ornamentglas best\u00fcckt [&hellip;]<\/p>\n","protected":false},"author":1,"featured_media":0,"parent":187,"menu_order":0,"comment_status":"open","ping_status":"open","template":"","meta":{"footnotes":""},"class_list":["post-1022","page","type-page","status-publish","hentry"],"_links":{"self":[{"href":"https:\/\/tuerenberlin.de\/tuerenfachmann\/wp-json\/wp\/v2\/pages\/1022"}],"collection":[{"href":"https:\/\/tuerenberlin.de\/tuerenfachmann\/wp-json\/wp\/v2\/pages"}],"about":[{"href":"https:\/\/tuerenberlin.de\/tuerenfachmann\/wp-json\/wp\/v2\/types\/page"}],"author":[{"embeddable":true,"href":"https:\/\/tuerenberlin.de\/tuerenfachmann\/wp-json\/wp\/v2\/users\/1"}],"replies":[{"embeddable":true,"href":"https:\/\/tuerenberlin.de\/tuerenfachmann\/wp-json\/wp\/v2\/comments?post=1022"}],"version-history":[{"count":15,"href":"https:\/\/tuerenberlin.de\/tuerenfachmann\/wp-json\/wp\/v2\/pages\/1022\/revisions"}],"predecessor-version":[{"id":3521,"href":"https:\/\/tuerenberlin.de\/tuerenfachmann\/wp-json\/wp\/v2\/pages\/1022\/revisions\/3521"}],"up":[{"embeddable":true,"href":"https:\/\/tuerenberlin.de\/tuerenfachmann\/wp-json\/wp\/v2\/pages\/187"}],"wp:attachment":[{"href":"https:\/\/tuerenberlin.de\/tuerenfachmann\/wp-json\/wp\/v2\/media?parent=1022"}],"curies":[{"name":"wp","href":"https:\/\/api.w.org\/{rel}","templated":true}]}}