{"id":1020,"date":"2014-08-15T16:01:21","date_gmt":"2014-08-15T14:01:21","guid":{"rendered":"http:\/\/tuerenberlin.de\/tuerenfachmann\/?page_id=1020"},"modified":"2016-11-30T19:17:42","modified_gmt":"2016-11-30T17:17:42","slug":"tuergriffe","status":"publish","type":"page","link":"https:\/\/tuerenberlin.de\/tuerenfachmann\/produkte\/tuerelemente\/tuergriffe\/","title":{"rendered":"T\u00fcrgriffe"},"content":{"rendered":"<p><strong>T\u00fcrdesign zum Anfassen<\/strong><br \/>\nW\u00e4hlen Sie aus einer gro\u00dfen Auswahl an hochwertig designten Formen, Farben und Materialkombinationen von T\u00fcrgriffen. T\u00fcrgriffe werden im Allgemeinen aus Aluminium (Mattglanz) oder Edelstahl angefertigt und haben eine hohe Lebensdauer. <\/p>\n<p><img loading=\"lazy\" decoding=\"async\" src=\"http:\/\/tuerenberlin.de\/tuerenfachmann\/wp-content\/uploads\/2014\/08\/tuergriffe.jpg\" alt=\"tuergriffe\" width=\"628\" height=\"2077\" class=\"alignnone size-full wp-image-2128\" srcset=\"https:\/\/tuerenberlin.de\/tuerenfachmann\/wp-content\/uploads\/2014\/08\/tuergriffe.jpg 628w, https:\/\/tuerenberlin.de\/tuerenfachmann\/wp-content\/uploads\/2014\/08\/tuergriffe-91x300.jpg 91w, https:\/\/tuerenberlin.de\/tuerenfachmann\/wp-content\/uploads\/2014\/08\/tuergriffe-310x1024.jpg 310w\" sizes=\"(max-width: 628px) 100vw, 628px\" \/><\/p>\n","protected":false},"excerpt":{"rendered":"<p>T\u00fcrdesign zum Anfassen W\u00e4hlen Sie aus einer gro\u00dfen Auswahl an hochwertig designten Formen, Farben und Materialkombinationen von T\u00fcrgriffen. T\u00fcrgriffe werden im Allgemeinen aus Aluminium (Mattglanz) oder Edelstahl angefertigt und haben eine hohe Lebensdauer.<\/p>\n","protected":false},"author":1,"featured_media":0,"parent":187,"menu_order":0,"comment_status":"open","ping_status":"open","template":"","meta":{"footnotes":""},"class_list":["post-1020","page","type-page","status-publish","hentry"],"_links":{"self":[{"href":"https:\/\/tuerenberlin.de\/tuerenfachmann\/wp-json\/wp\/v2\/pages\/1020"}],"collection":[{"href":"https:\/\/tuerenberlin.de\/tuerenfachmann\/wp-json\/wp\/v2\/pages"}],"about":[{"href":"https:\/\/tuerenberlin.de\/tuerenfachmann\/wp-json\/wp\/v2\/types\/page"}],"author":[{"embeddable":true,"href":"https:\/\/tuerenberlin.de\/tuerenfachmann\/wp-json\/wp\/v2\/users\/1"}],"replies":[{"embeddable":true,"href":"https:\/\/tuerenberlin.de\/tuerenfachmann\/wp-json\/wp\/v2\/comments?post=1020"}],"version-history":[{"count":23,"href":"https:\/\/tuerenberlin.de\/tuerenfachmann\/wp-json\/wp\/v2\/pages\/1020\/revisions"}],"predecessor-version":[{"id":2130,"href":"https:\/\/tuerenberlin.de\/tuerenfachmann\/wp-json\/wp\/v2\/pages\/1020\/revisions\/2130"}],"up":[{"embeddable":true,"href":"https:\/\/tuerenberlin.de\/tuerenfachmann\/wp-json\/wp\/v2\/pages\/187"}],"wp:attachment":[{"href":"https:\/\/tuerenberlin.de\/tuerenfachmann\/wp-json\/wp\/v2\/media?parent=1020"}],"curies":[{"name":"wp","href":"https:\/\/api.w.org\/{rel}","templated":true}]}}